{"id":2924,"date":"2025-06-24T14:32:21","date_gmt":"2025-06-24T14:32:21","guid":{"rendered":"https:\/\/www.strzelnica-magnum.pl\/?post_type=product&#038;p=2924"},"modified":"2025-06-24T14:32:21","modified_gmt":"2025-06-24T14:32:21","slug":"sig-sauer-m400-sentry","status":"publish","type":"product","link":"https:\/\/www.strzelnica-magnum.pl\/en\/uzbrojenie\/bron-dluga\/sig-sauer-m400-sentry\/","title":{"rendered":"Sig Sauer M400-Sentry"},"content":{"rendered":"<p><strong>M400-Sentry<\/strong> oferuje gotowe do u\u017cycia rozwi\u0105zanie dla najbardziej wymagaj\u0105cych strzelc\u00f3w, \u0142\u0105cz\u0105c sprawdzone mo\u017cliwo\u015bci platformy M400-SDI X z wielozadaniow\u0105 funkcjonalno\u015bci\u0105 kolimatora ROMEO5 GENII, pe\u0142nowymiarowej latarki FOXTROT-MSR\u2122 oraz pionowego chwytu przedniego. Taka kombinacja standardowych funkcji czyni z M400-SENTRY rozwi\u0105zanie gotowe do dzia\u0142ania prosto z pude\u0142ka, przeznaczone do obrony miru domowego i osobistej, zaawansowanego treningu czy strzelectwa rekreacyjnego.<\/p>\n<p>Podobnie jak inne karabiny z tej serii, M400-SENTRY zosta\u0142 opracowany przy bezpo\u015brednim udziale profesjonalnych instruktor\u00f3w z Akademii SIG SAUER. Ich wieloletnie, po\u0142\u0105czone do\u015bwiadczenie i osobista wiedza gwarantuj\u0105, \u017ce wszystkie karabiny M400 s\u0105 projektowane tak, aby spe\u0142nia\u0107 najwy\u017csze standardy niezawodno\u015bci i wydajno\u015bci.<\/p>\n<p>Zaawansowane mo\u017cliwo\u015bci platformy M400 dodatkowo rozszerzaj\u0105 fabrycznie zainstalowane: kolimator ROMEO5 GENII, pe\u0142nowymiarowa latarka FOXTROT-MSR oraz pionowy chwyt przedni. Dzi\u0119ki celownikowi o powi\u0119kszeniu 1x i wyra\u017anej kropce celowniczej o wielko\u015bci 1 MOA, ROMEO5 GENII zapewnia ponad 40 000 godzin szacowanego czasu pracy, co jest zas\u0142ug\u0105 systemu MOTAC\u2122 (Motion Activated Illumination) firmy SIG SAUER, kt\u00f3ry aktywuje pod\u015bwietlenie ruchem. ROMEO5 GENII posiada klas\u0119 wodoszczelno\u015bci IPX7, a jego soczewki z pe\u0142nymi pow\u0142okami wielowarstwowymi gwarantuj\u0105 widoczno\u015b\u0107 w ka\u017cdych warunkach. Umieszczone na g\u00f3rze przyciski sterowania pod\u015bwietleniem zapewniaj\u0105 \u0142atwo\u015b\u0107 obs\u0142ugi zar\u00f3wno strzelcom prawo-, jak i lewor\u0119cznym.<\/p>\n<p>Dla zapewnienia dodatkowej widoczno\u015bci w warunkach s\u0142abego o\u015bwietlenia, latarka FOXTROT-MSR o mocy 1250 lumen\u00f3w i 33 000 kandeli wyra\u017anie o\u015bwietla cele, zachowuj\u0105c przy tym \u0142atwo\u015b\u0107 obs\u0142ugi i dost\u0119pno\u015b\u0107. M400-SENTRY jest r\u00f3wnie\u017c wyposa\u017cony w pionowy chwyt przedni zamontowany na samono\u015bnym \u0142o\u017cu, co pozwala na wi\u0119ksz\u0105 kontrol\u0119 nad karabinem niezale\u017cnie od postawy strzeleckiej.<\/p>\n<p><strong>Cena 14 200 z\u0142<\/strong> <\/p>\n<p><em>Bro\u0144 palna, amunicja i istotne elementy broni nie s\u0105 sprzedawane on-line. Mo\u017cna je naby\u0107 osobi\u015bcie w naszym sklepie. Warunkiem nabycia broni jest przed\u0142o\u017cenie aktualnego za\u015bwiadczenia (promesy) uprawniaj\u0105cej do zakupu broni oraz dowodu osobistego. Niniejsz\u0105 ofert\u0119 zamieszczamy w celu pogl\u0105dowym. Przed zakupem broni prosimy o kontakt telefoniczny.<\/em><\/p>\n","protected":false},"excerpt":{"rendered":"<p>M400-Sentry oferuje gotowe do u\u017cycia rozwi\u0105zanie dla najbardziej wymagaj\u0105cych strzelc\u00f3w, \u0142\u0105cz\u0105c sprawdzone mo\u017cliwo\u015bci platformy M400-SDI X z wielozadaniow\u0105 funkcjonalno\u015bci\u0105 kolimatora ROMEO5 GENII, pe\u0142nowymiarowej latarki FOXTROT-MSR\u2122 oraz<span class=\"excerpt-hellip\"> [\u2026]<\/span><\/p>\n","protected":false},"featured_media":2925,"comment_status":"closed","ping_status":"closed","template":"","meta":[],"product_cat":[43,153],"product_tag":[],"class_list":{"0":"post-2924","1":"product","2":"type-product","3":"status-publish","4":"has-post-thumbnail","6":"product_cat-bron-dluga","7":"product_cat-sig-sauer-2","9":"first","10":"instock","11":"shipping-taxable","12":"product-type-simple"},"_links":{"self":[{"href":"https:\/\/www.strzelnica-magnum.pl\/en\/wp-json\/wp\/v2\/product\/2924","targetHints":{"allow":["GET"]}}],"collection":[{"href":"https:\/\/www.strzelnica-magnum.pl\/en\/wp-json\/wp\/v2\/product"}],"about":[{"href":"https:\/\/www.strzelnica-magnum.pl\/en\/wp-json\/wp\/v2\/types\/product"}],"replies":[{"embeddable":true,"href":"https:\/\/www.strzelnica-magnum.pl\/en\/wp-json\/wp\/v2\/comments?post=2924"}],"wp:featuredmedia":[{"embeddable":true,"href":"https:\/\/www.strzelnica-magnum.pl\/en\/wp-json\/wp\/v2\/media\/2925"}],"wp:attachment":[{"href":"https:\/\/www.strzelnica-magnum.pl\/en\/wp-json\/wp\/v2\/media?parent=2924"}],"wp:term":[{"taxonomy":"product_cat","embeddable":true,"href":"https:\/\/www.strzelnica-magnum.pl\/en\/wp-json\/wp\/v2\/product_cat?post=2924"},{"taxonomy":"product_tag","embeddable":true,"href":"https:\/\/www.strzelnica-magnum.pl\/en\/wp-json\/wp\/v2\/product_tag?post=2924"}],"curies":[{"name":"wp","href":"https:\/\/api.w.org\/{rel}","templated":true}]}}