{"id":2917,"date":"2025-06-24T14:13:02","date_gmt":"2025-06-24T14:13:02","guid":{"rendered":"https:\/\/www.strzelnica-magnum.pl\/?post_type=product&#038;p=2917"},"modified":"2025-07-03T17:03:08","modified_gmt":"2025-07-03T17:03:08","slug":"sig-sauer-m400-tread-california","status":"publish","type":"product","link":"https:\/\/www.strzelnica-magnum.pl\/en\/uzbrojenie\/bron-dluga\/sig-sauer-2\/sig-sauer-m400-tread-california\/","title":{"rendered":"Sig Sauer M400-Tread California"},"content":{"rendered":"<p><strong>M400-Tread California<\/strong><br \/>\nM400-TREAD-V2 w wersji zgodnej z przepisami stanu Kalifornia rozszerza popularn\u0105 seri\u0119 karabin\u00f3w M400 firmy SIG SAUER, wprowadzaj\u0105c j\u0105 na rynek tego stanu, zwanego \u201eGolden State\u201d. Zmodyfikowany, aby spe\u0142nia\u0107 wymogi stanowe, najnowszy M400-TREAD oferuje mieszka\u0144com Kalifornii ulepszenie w stosunku do oryginalnego modelu, posiadaj\u0105c udoskonalone \u0142o\u017ce przednie i spust.<\/p>\n<p>Zasilany amunicj\u0105 5.56 NATO, model M400-TREAD-V2-CA jest wyposa\u017cony w 16-calow\u0105 luf\u0119 ze stali nierdzewnej z uniwersalnym skokiem gwintu 1:8. Dodatkowe standardowe cechy obejmuj\u0105 system gazowy \u015bredniej d\u0142ugo\u015bci z bezpo\u015brednim odprowadzeniem gaz\u00f3w (direct impingement) dla p\u0142ynniejszego dzia\u0142ania i zredukowanego odrzutu, a tak\u017ce zaktualizowany, dwustopniowy spust SIG Matchlite DUO dla poprawy celno\u015bci. M400-TREAD jest r\u00f3wnie\u017c wyposa\u017cony w samono\u015bne, ulepszone \u0142o\u017ce M-LOK, kt\u00f3re poprawia kontrol\u0119 nad broni\u0105 i umo\u017cliwia \u0142atwy monta\u017c akcesori\u00f3w. Inne elementy zgodne z przepisami Kalifornii to sta\u0142a kolba karabinkowa Magpul MOE, chwyt zgodny z przepisami stanowymi (CA Compliant grip), 10-nabojowy magazynek oraz trzyportowy hamulec wylotowy.<\/p>\n<p>Komora spustowa karabinu (lower receiver) zosta\u0142a zaprojektowana z obustronnym bezpiecznikiem i zwalniaczem magazynka dla strzelc\u00f3w prawo- i lewor\u0119cznych, a tak\u017ce zawiera zintegrowane gniazdo QD, aby \u0142atwo dopasowa\u0107 wybrany rodzaj pasa no\u015bnego.<\/p>\n<p>Zaprojektowany, aby spe\u0142nia\u0107 wymogi stanowe, M400-TREAD-V2 CA pozwala mieszka\u0144com Kalifornii cieszy\u0107 si\u0119 karabinem z najwy\u017cszej p\u00f3\u0142ki bez po\u015bwi\u0119cania jego osi\u0105g\u00f3w.<\/p>\n<p><strong>Cena 8 400 z\u0142<\/strong><br \/>\nDost\u0119pny te\u017c w wersji zielonej (Moss Green) w cenie <strong>Cena 9 100 z\u0142<\/strong> <\/p>\n<p><em>Bro\u0144 palna, amunicja i istotne elementy broni nie s\u0105 sprzedawane on-line. Mo\u017cna je naby\u0107 osobi\u015bcie w naszym sklepie. Warunkiem nabycia broni jest przed\u0142o\u017cenie aktualnego za\u015bwiadczenia (promesy) uprawniaj\u0105cej do zakupu broni oraz dowodu osobistego. Niniejsz\u0105 ofert\u0119 zamieszczamy w celu pogl\u0105dowym. Przed zakupem broni prosimy o kontakt telefoniczny.<\/em><\/p>\n","protected":false},"excerpt":{"rendered":"<p>M400-Tread California M400-TREAD-V2 w wersji zgodnej z przepisami stanu Kalifornia rozszerza popularn\u0105 seri\u0119 karabin\u00f3w M400 firmy SIG SAUER, wprowadzaj\u0105c j\u0105 na rynek tego stanu, zwanego \u201eGolden<span class=\"excerpt-hellip\"> [\u2026]<\/span><\/p>\n","protected":false},"featured_media":2918,"comment_status":"closed","ping_status":"closed","template":"","meta":[],"product_cat":[43,153],"product_tag":[],"class_list":{"0":"post-2917","1":"product","2":"type-product","3":"status-publish","4":"has-post-thumbnail","6":"product_cat-bron-dluga","7":"product_cat-sig-sauer-2","9":"first","10":"instock","11":"shipping-taxable","12":"product-type-simple"},"_links":{"self":[{"href":"https:\/\/www.strzelnica-magnum.pl\/en\/wp-json\/wp\/v2\/product\/2917","targetHints":{"allow":["GET"]}}],"collection":[{"href":"https:\/\/www.strzelnica-magnum.pl\/en\/wp-json\/wp\/v2\/product"}],"about":[{"href":"https:\/\/www.strzelnica-magnum.pl\/en\/wp-json\/wp\/v2\/types\/product"}],"replies":[{"embeddable":true,"href":"https:\/\/www.strzelnica-magnum.pl\/en\/wp-json\/wp\/v2\/comments?post=2917"}],"wp:featuredmedia":[{"embeddable":true,"href":"https:\/\/www.strzelnica-magnum.pl\/en\/wp-json\/wp\/v2\/media\/2918"}],"wp:attachment":[{"href":"https:\/\/www.strzelnica-magnum.pl\/en\/wp-json\/wp\/v2\/media?parent=2917"}],"wp:term":[{"taxonomy":"product_cat","embeddable":true,"href":"https:\/\/www.strzelnica-magnum.pl\/en\/wp-json\/wp\/v2\/product_cat?post=2917"},{"taxonomy":"product_tag","embeddable":true,"href":"https:\/\/www.strzelnica-magnum.pl\/en\/wp-json\/wp\/v2\/product_tag?post=2917"}],"curies":[{"name":"wp","href":"https:\/\/api.w.org\/{rel}","templated":true}]}}