{"id":2914,"date":"2025-06-24T14:09:23","date_gmt":"2025-06-24T14:09:23","guid":{"rendered":"https:\/\/www.strzelnica-magnum.pl\/?post_type=product&#038;p=2914"},"modified":"2025-06-24T14:09:23","modified_gmt":"2025-06-24T14:09:23","slug":"sig-sauer-m400-tread","status":"publish","type":"product","link":"https:\/\/www.strzelnica-magnum.pl\/en\/uzbrojenie\/bron-dluga\/sig-sauer-m400-tread\/","title":{"rendered":"Sig Sauer M400-Tread"},"content":{"rendered":"<p><strong>M400-Tread<\/strong> posiada samono\u015bne, ulepszone \u0142o\u017ce M-LOK, kt\u00f3re jest lekkie, a zarazem sztywne, co zapewnia wyj\u0105tkow\u0105 kontrol\u0119 i \u0142atwo\u015b\u0107 monta\u017cu akcesori\u00f3w, takich jak latarki i chwyty typu handstop. Komora spustowa (lower receiver) posiada obustronny bezpiecznik dla strzelc\u00f3w prawo- i lewor\u0119cznych oraz zintegrowane gniazdo QD do \u0142atwego mocowania pasa no\u015bnego. Zasilany amunicj\u0105 5.56 NATO, pistolet M400-TREAD ma luf\u0119 ze stali kutej na zimno o d\u0142ugo\u015bci 11,5 cala, oferuj\u0105c\u0105 wyj\u0105tkow\u0105 trwa\u0142o\u015b\u0107 i odporno\u015b\u0107 na korozj\u0119, jednocze\u015bnie poprawiaj\u0105c celno\u015b\u0107. Lufa jest r\u00f3wnie\u017c wyposa\u017cona w tr\u00f3jz\u0119bny t\u0142umik p\u0142omienia i ma niezwykle uniwersalny skok gwintu 1:7. Pistolet M400-TREAD posiada tak\u017ce karabinkowy system gazowy, zapewniaj\u0105cy p\u0142ynniejsze dzia\u0142anie i zmniejszony odrzut. Nowy pistolet M400-TREAD wyposa\u017cono w dwustopniowy spust SIG Matchlite 2-stage trigger, kt\u00f3ry zapewnia lepsz\u0105 kontrol\u0119 i celno\u015b\u0107.<\/p>\n<p>Nowy Pistolet M400-TREAD. Ca\u0142a wolno\u015b\u0107, wszystkie funkcje, bez \u017cadnych kompromis\u00f3w.<\/p>\n<p><strong>Cena 8 400 z\u0142<\/strong> <\/p>\n<p><em>Bro\u0144 palna, amunicja i istotne elementy broni nie s\u0105 sprzedawane on-line. Mo\u017cna je naby\u0107 osobi\u015bcie w naszym sklepie. Warunkiem nabycia broni jest przed\u0142o\u017cenie aktualnego za\u015bwiadczenia (promesy) uprawniaj\u0105cej do zakupu broni oraz dowodu osobistego. Niniejsz\u0105 ofert\u0119 zamieszczamy w celu pogl\u0105dowym. Przed zakupem broni prosimy o kontakt telefoniczny.<\/em><\/p>\n","protected":false},"excerpt":{"rendered":"<p>M400-Tread posiada samono\u015bne, ulepszone \u0142o\u017ce M-LOK, kt\u00f3re jest lekkie, a zarazem sztywne, co zapewnia wyj\u0105tkow\u0105 kontrol\u0119 i \u0142atwo\u015b\u0107 monta\u017cu akcesori\u00f3w, takich jak latarki i chwyty typu<span class=\"excerpt-hellip\"> [\u2026]<\/span><\/p>\n","protected":false},"featured_media":2915,"comment_status":"closed","ping_status":"closed","template":"","meta":[],"product_cat":[43,153],"product_tag":[],"class_list":{"0":"post-2914","1":"product","2":"type-product","3":"status-publish","4":"has-post-thumbnail","6":"product_cat-bron-dluga","7":"product_cat-sig-sauer-2","9":"first","10":"instock","11":"shipping-taxable","12":"product-type-simple"},"_links":{"self":[{"href":"https:\/\/www.strzelnica-magnum.pl\/en\/wp-json\/wp\/v2\/product\/2914","targetHints":{"allow":["GET"]}}],"collection":[{"href":"https:\/\/www.strzelnica-magnum.pl\/en\/wp-json\/wp\/v2\/product"}],"about":[{"href":"https:\/\/www.strzelnica-magnum.pl\/en\/wp-json\/wp\/v2\/types\/product"}],"replies":[{"embeddable":true,"href":"https:\/\/www.strzelnica-magnum.pl\/en\/wp-json\/wp\/v2\/comments?post=2914"}],"wp:featuredmedia":[{"embeddable":true,"href":"https:\/\/www.strzelnica-magnum.pl\/en\/wp-json\/wp\/v2\/media\/2915"}],"wp:attachment":[{"href":"https:\/\/www.strzelnica-magnum.pl\/en\/wp-json\/wp\/v2\/media?parent=2914"}],"wp:term":[{"taxonomy":"product_cat","embeddable":true,"href":"https:\/\/www.strzelnica-magnum.pl\/en\/wp-json\/wp\/v2\/product_cat?post=2914"},{"taxonomy":"product_tag","embeddable":true,"href":"https:\/\/www.strzelnica-magnum.pl\/en\/wp-json\/wp\/v2\/product_tag?post=2914"}],"curies":[{"name":"wp","href":"https:\/\/api.w.org\/{rel}","templated":true}]}}