{"id":2900,"date":"2025-06-24T13:01:07","date_gmt":"2025-06-24T13:01:07","guid":{"rendered":"https:\/\/www.strzelnica-magnum.pl\/?post_type=product&#038;p=2900"},"modified":"2025-06-24T13:06:22","modified_gmt":"2025-06-24T13:06:22","slug":"sig-sauer-mcx-spear-68x51-sbr","status":"publish","type":"product","link":"https:\/\/www.strzelnica-magnum.pl\/en\/uzbrojenie\/bron-dluga\/sig-sauer-mcx-spear-68x51-sbr\/","title":{"rendered":"Sig Sauer MCX-Spear 6,8&#215;51 SBR"},"content":{"rendered":"<p><strong>MCX-Spear 6,8&#215;51 SBR<\/strong> <\/p>\n<p>W 2022 roku og\u0142oszono historyczn\u0105 decyzj\u0119 o oficjalnym wyborze karabinu SIG SAUER MCX-SPEAR na karabin s\u0142u\u017cbowy M7 dla Armii Stan\u00f3w Zjednoczonych. W po\u0142\u0105czeniu z prze\u0142omow\u0105 amunicj\u0105 hybrydow\u0105 6.8&#215;51, SIG SAUER MCX-SPEAR sta\u0142 si\u0119 wzorcem, wed\u0142ug kt\u00f3rego oceniane b\u0119d\u0105 mo\u017cliwo\u015bci karabin\u00f3w.<\/p>\n<p>Zdolny do osi\u0105gania pr\u0119dko\u015bci wylotowej przekraczaj\u0105cej 3000 st\u00f3p na sekund\u0119 (ok. 914 m\/s) dla pocisku o masie 113 gran\u00f3w (ok. 7,3 g) z 16-calowej lufy, karabin SIG SAUER MCX-SPEAR realizuje cel Armii, jakim jest zaawansowana wydajno\u015b\u0107, jednocze\u015bnie przewy\u017cszaj\u0105c wymagania dotycz\u0105ce wytrzyma\u0142o\u015bci. Teraz, po raz pierwszy, technologia ta b\u0119dzie dost\u0119pna na ameryka\u0144skim rynku cywilnym w postaci karabinu MCX-SPEAR w kalibrze 6.8&#215;51 wraz z rodzin\u0105 amunicji hybrydowej od SIG SAUER. Platforma SIG SAUER MCX-SPEAR oferuje r\u00f3wnie\u017c nowy poziom modu\u0142owo\u015bci, pozwalaj\u0105c na konwersj\u0119 kalibru pomi\u0119dzy 6.8&#215;51, 7.62&#215;51 i 6.5 Creedmoor oraz wyb\u00f3r lufy o d\u0142ugo\u015bci 13 lub 16 cali. Dodatkowo, MCX-SPEAR posiada boczn\u0105, nieruchom\u0105 podczas strzelania r\u0105czk\u0119 prze\u0142adowania, tyln\u0105 r\u0105czk\u0119 prze\u0142adowania, w pe\u0142ni obustronne manipulatory, dwustopniowy spust 2-Stage Matchlite Duo oraz samono\u015bne \u0142o\u017ce (free-floating) M-LOK\u2122.<\/p>\n<p>Po raz pierwszy od ponad 30 lat nowy karabin wni\u00f3s\u0142 zupe\u0142nie nowy poziom wydajno\u015bci i niezawodno\u015bci do Armii USA, a teraz zwiastuje zmian\u0119 warty.<\/p>\n<p><strong>Cena 36 000 z\u0142<\/strong><\/p>\n<p><em>Bro\u0144 palna, amunicja i istotne elementy broni nie s\u0105 sprzedawane on-line. Mo\u017cna je naby\u0107 osobi\u015bcie w naszym sklepie. Warunkiem nabycia broni jest przed\u0142o\u017cenie aktualnego za\u015bwiadczenia (promesy) uprawniaj\u0105cej do zakupu broni oraz dowodu osobistego. Niniejsz\u0105 ofert\u0119 zamieszczamy w celu pogl\u0105dowym. Przed zakupem broni prosimy o kontakt telefoniczny.<\/em><\/p>\n","protected":false},"excerpt":{"rendered":"<p>MCX-Spear 6,8&#215;51 SBR W 2022 roku og\u0142oszono historyczn\u0105 decyzj\u0119 o oficjalnym wyborze karabinu SIG SAUER MCX-SPEAR na karabin s\u0142u\u017cbowy M7 dla Armii Stan\u00f3w Zjednoczonych. W po\u0142\u0105czeniu<span class=\"excerpt-hellip\"> [\u2026]<\/span><\/p>\n","protected":false},"featured_media":2901,"comment_status":"closed","ping_status":"closed","template":"","meta":[],"product_cat":[43,153],"product_tag":[],"class_list":{"0":"post-2900","1":"product","2":"type-product","3":"status-publish","4":"has-post-thumbnail","6":"product_cat-bron-dluga","7":"product_cat-sig-sauer-2","9":"first","10":"instock","11":"shipping-taxable","12":"product-type-simple"},"_links":{"self":[{"href":"https:\/\/www.strzelnica-magnum.pl\/en\/wp-json\/wp\/v2\/product\/2900","targetHints":{"allow":["GET"]}}],"collection":[{"href":"https:\/\/www.strzelnica-magnum.pl\/en\/wp-json\/wp\/v2\/product"}],"about":[{"href":"https:\/\/www.strzelnica-magnum.pl\/en\/wp-json\/wp\/v2\/types\/product"}],"replies":[{"embeddable":true,"href":"https:\/\/www.strzelnica-magnum.pl\/en\/wp-json\/wp\/v2\/comments?post=2900"}],"wp:featuredmedia":[{"embeddable":true,"href":"https:\/\/www.strzelnica-magnum.pl\/en\/wp-json\/wp\/v2\/media\/2901"}],"wp:attachment":[{"href":"https:\/\/www.strzelnica-magnum.pl\/en\/wp-json\/wp\/v2\/media?parent=2900"}],"wp:term":[{"taxonomy":"product_cat","embeddable":true,"href":"https:\/\/www.strzelnica-magnum.pl\/en\/wp-json\/wp\/v2\/product_cat?post=2900"},{"taxonomy":"product_tag","embeddable":true,"href":"https:\/\/www.strzelnica-magnum.pl\/en\/wp-json\/wp\/v2\/product_tag?post=2900"}],"curies":[{"name":"wp","href":"https:\/\/api.w.org\/{rel}","templated":true}]}}