{"id":2893,"date":"2025-06-24T12:42:35","date_gmt":"2025-06-24T12:42:35","guid":{"rendered":"https:\/\/www.strzelnica-magnum.pl\/?post_type=product&#038;p=2893"},"modified":"2025-06-24T12:42:35","modified_gmt":"2025-06-24T12:42:35","slug":"sig-sauer-mcx-spear-lt-5-56-16","status":"publish","type":"product","link":"https:\/\/www.strzelnica-magnum.pl\/en\/uzbrojenie\/bron-dluga\/sig-sauer-mcx-spear-lt-5-56-16\/","title":{"rendered":"Sig Sauer MCX-Spear LT 5.56 16&#8243;"},"content":{"rendered":"<p><strong>MCX-Spear LT 5.56 16&#8243;<\/strong> <\/p>\n<p>MCX-SPEAR-LT posiada l\u017cejsze \u0142o\u017ce (handguard), oferuj\u0105ce zwi\u0119kszon\u0105 manewrowo\u015b\u0107 bez utraty wytrzyma\u0142o\u015bci. Jego elegancka i ergonomiczna konstrukcja zapewnia wygodny chwyt i optymaln\u0105 kontrol\u0119, pozwalaj\u0105c na bezproblemow\u0105 obs\u0142ug\u0119 w r\u00f3\u017cnych warunkach strzeleckich. Niezale\u017cnie od tego, czy jeste\u015b na strzelnicy, czy bierzesz udzia\u0142 w operacjach taktycznych, karabin ten zosta\u0142 zaprojektowany, aby sprosta\u0107 wymaganiom wsp\u00f3\u0142czesnego strzelca. Dzi\u0119ki poprawionej celno\u015bci, MCX-SPEAR-LT zapewnia niezr\u00f3wnan\u0105 precyzj\u0119 i powtarzalno\u015b\u0107 ka\u017cdego strza\u0142u. Niezale\u017cnie od tego, czy strzelasz do cel\u00f3w na dalekich dystansach, czy w scenariuszach walki na bliskim dystansie (close-quarters), ten karabin daje Ci pewno\u015b\u0107 trafienia w cel z wyj\u0105tkow\u0105 niezawodno\u015bci\u0105. Zaawansowana technologia lufy i ulepszony system spustowy przyczyniaj\u0105 si\u0119 do jego imponuj\u0105cej celno\u015bci, czyni\u0105c go zaufanym towarzyszem w ka\u017cdej sytuacji strzeleckiej.<\/p>\n<p>MCX-SPEAR-LT jest wyposa\u017cony w obustronne manipulatory, wychodz\u0105c naprzeciw potrzebom zar\u00f3wno strzelc\u00f3w lewo-, jak i prawor\u0119cznych. Funkcja ta zapewnia p\u0142ynn\u0105 obs\u0142ug\u0119 i szybki dost\u0119p do wszystkich kluczowych funkcji, zwi\u0119kszaj\u0105c wszechstronno\u015b\u0107 i zdolno\u015b\u0107 adaptacji w terenie. Przyjazna dla u\u017cytkownika konstrukcja karabinu pozwala na intuicyjn\u0105 obs\u0142ug\u0119 i sprawne przej\u015bcia, umo\u017cliwiaj\u0105c utrzymanie przewagi w dynamicznym otoczeniu.<\/p>\n<p>Karabin SIG SAUER MCX-SPEAR-LT stanowi szczyt innowacji w dziedzinie broni palnej, dostarczaj\u0105c niezr\u00f3wnan\u0105 wydajno\u015b\u0107, zwi\u0119kszon\u0105 celno\u015b\u0107 i niedo\u015bcignion\u0105 wszechstronno\u015b\u0107. Niezale\u017cnie od tego, czy jest przeznaczony do u\u017cytku profesjonalnego, strzelectwa sportowego czy obrony osobistej, karabin ten oferuje wyj\u0105tkowe doznania strzeleckie, na kt\u00f3rych mo\u017cesz polega\u0107. Do\u015bwiadcz ewolucji doskona\u0142o\u015bci z MCX-SPEAR-LT.<\/p>\n<p><strong>Cena 21 500 z\u0142<\/strong><\/p>\n<p><em>Bro\u0144 palna, amunicja i istotne elementy broni nie s\u0105 sprzedawane on-line. Mo\u017cna je naby\u0107 osobi\u015bcie w naszym sklepie. Warunkiem nabycia broni jest przed\u0142o\u017cenie aktualnego za\u015bwiadczenia (promesy) uprawniaj\u0105cej do zakupu broni oraz dowodu osobistego. Niniejsz\u0105 ofert\u0119 zamieszczamy w celu pogl\u0105dowym. Przed zakupem broni prosimy o kontakt telefoniczny.<\/em><\/p>\n","protected":false},"excerpt":{"rendered":"<p>MCX-Spear LT 5.56 16&#8243; MCX-SPEAR-LT posiada l\u017cejsze \u0142o\u017ce (handguard), oferuj\u0105ce zwi\u0119kszon\u0105 manewrowo\u015b\u0107 bez utraty wytrzyma\u0142o\u015bci. Jego elegancka i ergonomiczna konstrukcja zapewnia wygodny chwyt i optymaln\u0105 kontrol\u0119,<span class=\"excerpt-hellip\"> [\u2026]<\/span><\/p>\n","protected":false},"featured_media":2894,"comment_status":"closed","ping_status":"closed","template":"","meta":[],"product_cat":[43,153],"product_tag":[],"class_list":{"0":"post-2893","1":"product","2":"type-product","3":"status-publish","4":"has-post-thumbnail","6":"product_cat-bron-dluga","7":"product_cat-sig-sauer-2","9":"first","10":"instock","11":"shipping-taxable","12":"product-type-simple"},"_links":{"self":[{"href":"https:\/\/www.strzelnica-magnum.pl\/en\/wp-json\/wp\/v2\/product\/2893","targetHints":{"allow":["GET"]}}],"collection":[{"href":"https:\/\/www.strzelnica-magnum.pl\/en\/wp-json\/wp\/v2\/product"}],"about":[{"href":"https:\/\/www.strzelnica-magnum.pl\/en\/wp-json\/wp\/v2\/types\/product"}],"replies":[{"embeddable":true,"href":"https:\/\/www.strzelnica-magnum.pl\/en\/wp-json\/wp\/v2\/comments?post=2893"}],"wp:featuredmedia":[{"embeddable":true,"href":"https:\/\/www.strzelnica-magnum.pl\/en\/wp-json\/wp\/v2\/media\/2894"}],"wp:attachment":[{"href":"https:\/\/www.strzelnica-magnum.pl\/en\/wp-json\/wp\/v2\/media?parent=2893"}],"wp:term":[{"taxonomy":"product_cat","embeddable":true,"href":"https:\/\/www.strzelnica-magnum.pl\/en\/wp-json\/wp\/v2\/product_cat?post=2893"},{"taxonomy":"product_tag","embeddable":true,"href":"https:\/\/www.strzelnica-magnum.pl\/en\/wp-json\/wp\/v2\/product_tag?post=2893"}],"curies":[{"name":"wp","href":"https:\/\/api.w.org\/{rel}","templated":true}]}}