{"id":2887,"date":"2025-06-24T12:22:01","date_gmt":"2025-06-24T12:22:01","guid":{"rendered":"https:\/\/www.strzelnica-magnum.pl\/?post_type=product&#038;p=2887"},"modified":"2025-06-24T12:22:01","modified_gmt":"2025-06-24T12:22:01","slug":"sig-sauer-mcx-spear-lt-ir-300-blk-9-sbr","status":"publish","type":"product","link":"https:\/\/www.strzelnica-magnum.pl\/en\/uzbrojenie\/bron-dluga\/sig-sauer-mcx-spear-lt-ir-300-blk-9-sbr\/","title":{"rendered":"Sig Sauer MCX-Spear LT IR 300 BLK 9&#8243; SBR"},"content":{"rendered":"<p><strong>MCX-Spear LT IR 300 BLK 9&#8243; SBR<\/strong> <\/p>\n<p>Platforma MCX od dawna jest w SIG SAUER poligonem do\u015bwiadczalnym do opracowywania najlepszego systemu karabinowego na \u015bwiecie poprzez szeroko zakrojone testy, ci\u0105g\u0142e innowacje i opinie klient\u00f3w. Teraz SIG SAUER przedstawia karabin SIG SAUER MCX-SPEAR-LT, rewolucyjn\u0105 bro\u0144 paln\u0105 zbudowan\u0105 na dziedzictwie swojego poprzednika, MCX Virtus. Zaprojektowany z wykorzystaniem najnowocze\u015bniejszej technologii i precyzyjnej in\u017cynierii, karabin ten wyznacza nowy standard wydajno\u015bci, wszechstronno\u015bci i do\u015bwiadczenia u\u017cytkownika.<\/p>\n<p>Dzi\u0119ki zastosowaniu pow\u0142oki Cerakote Gen II IR oraz konstrukcji kolby Tele-Fold od SIG SAUER, MCX-SPEAR LT IR oferuje zmniejszon\u0105 widoczno\u015b\u0107 podczas u\u017cytkowania z termowizj\u0105 lub noktowizj\u0105, jednocze\u015bnie chroni\u0105c \u017cywotno\u015b\u0107 Twojej broni. Pow\u0142oka Cerakote Gen II IR zapewnia doskona\u0142\u0105 odporno\u015b\u0107 na zu\u017cycie i korozj\u0119 w niekorzystnych warunkach, zwi\u0119kszaj\u0105c niezawodno\u015b\u0107 karabinu. Seria IR dostarcza wydajno\u015b\u0107, kt\u00f3ra pozwoli\u0142a MCX zdoby\u0107 uznanie Grup Si\u0142 Specjalnych z ca\u0142ego \u015bwiata, oraz niezawodno\u015b\u0107, kt\u00f3ra czyni go prawdziwym SIG SAUER.<\/p>\n<p><strong>Cena 21 500 z\u0142<\/strong><\/p>\n<p><em>Bro\u0144 palna, amunicja i istotne elementy broni nie s\u0105 sprzedawane on-line. Mo\u017cna je naby\u0107 osobi\u015bcie w naszym sklepie. Warunkiem nabycia broni jest przed\u0142o\u017cenie aktualnego za\u015bwiadczenia (promesy) uprawniaj\u0105cej do zakupu broni oraz dowodu osobistego. Niniejsz\u0105 ofert\u0119 zamieszczamy w celu pogl\u0105dowym. Przed zakupem broni prosimy o kontakt telefoniczny.<\/em><\/p>\n","protected":false},"excerpt":{"rendered":"<p>MCX-Spear LT IR 300 BLK 9&#8243; SBR Platforma MCX od dawna jest w SIG SAUER poligonem do\u015bwiadczalnym do opracowywania najlepszego systemu karabinowego na \u015bwiecie poprzez szeroko<span class=\"excerpt-hellip\"> [\u2026]<\/span><\/p>\n","protected":false},"featured_media":2888,"comment_status":"closed","ping_status":"closed","template":"","meta":[],"product_cat":[43,153],"product_tag":[],"class_list":{"0":"post-2887","1":"product","2":"type-product","3":"status-publish","4":"has-post-thumbnail","6":"product_cat-bron-dluga","7":"product_cat-sig-sauer-2","9":"first","10":"instock","11":"shipping-taxable","12":"product-type-simple"},"_links":{"self":[{"href":"https:\/\/www.strzelnica-magnum.pl\/en\/wp-json\/wp\/v2\/product\/2887","targetHints":{"allow":["GET"]}}],"collection":[{"href":"https:\/\/www.strzelnica-magnum.pl\/en\/wp-json\/wp\/v2\/product"}],"about":[{"href":"https:\/\/www.strzelnica-magnum.pl\/en\/wp-json\/wp\/v2\/types\/product"}],"replies":[{"embeddable":true,"href":"https:\/\/www.strzelnica-magnum.pl\/en\/wp-json\/wp\/v2\/comments?post=2887"}],"wp:featuredmedia":[{"embeddable":true,"href":"https:\/\/www.strzelnica-magnum.pl\/en\/wp-json\/wp\/v2\/media\/2888"}],"wp:attachment":[{"href":"https:\/\/www.strzelnica-magnum.pl\/en\/wp-json\/wp\/v2\/media?parent=2887"}],"wp:term":[{"taxonomy":"product_cat","embeddable":true,"href":"https:\/\/www.strzelnica-magnum.pl\/en\/wp-json\/wp\/v2\/product_cat?post=2887"},{"taxonomy":"product_tag","embeddable":true,"href":"https:\/\/www.strzelnica-magnum.pl\/en\/wp-json\/wp\/v2\/product_tag?post=2887"}],"curies":[{"name":"wp","href":"https:\/\/api.w.org\/{rel}","templated":true}]}}