{"id":2884,"date":"2025-06-24T12:17:23","date_gmt":"2025-06-24T12:17:23","guid":{"rendered":"https:\/\/www.strzelnica-magnum.pl\/?post_type=product&#038;p=2884"},"modified":"2025-06-24T12:49:56","modified_gmt":"2025-06-24T12:49:56","slug":"sig-sauer-mcx-rattler-lt","status":"publish","type":"product","link":"https:\/\/www.strzelnica-magnum.pl\/en\/uzbrojenie\/bron-dluga\/sig-sauer-mcx-rattler-lt\/","title":{"rendered":"Sig Sauer MCX-Rattler LT"},"content":{"rendered":"<p><strong>MCX-Rattler LT<\/strong> <\/p>\n<p>Wszystkie prze\u0142omowe cechy oryginalnego MCX-Rattler teraz w bardziej modu\u0142owym i wszechstronnym pakiecie. Zaprojektowany, aby sprosta\u0107 potrzebom si\u0142 operacji specjalnych, MCX-Rattler LT posiada w pe\u0142ni obustronne manipulatory, w tym obustronny zatrzask i zwalniacz zamka, regulowany t\u0142ok gazowy do u\u017cytku z t\u0142umikiem lub bez, i jest wyposa\u017cony w urz\u0105dzenie wylotowe SIG QD przygotowane do monta\u017cu t\u0142umika oraz p\u0142aski j\u0119zyk spustowy dla maksymalnej kontroli. MCX-Rattler LT posiada r\u00f3wnie\u017c luf\u0119 kut\u0105 na zimno o d\u0142ugo\u015bci 6 \u00be lub 7 \u00be cala i jest teraz w pe\u0142ni kompatybilny ze wszystkimi lufami i \u0142o\u017cami (handguard) MCX, co czyni go najlepszym pakietem modu\u0142owym. Dost\u0119pny w kalibrach 300 Blackout, 5.56 NATO, a tak\u017ce 7.62&#215;39.<\/p>\n<p>Dost\u0119pny w wersji 300 BLK 6,75in, 5,56 NATO 7,75in oraz 7,62&#215;39 7,75in.<br \/>\n<strong>Cena 22 000 z\u0142<\/strong><\/p>\n<p><em>Bro\u0144 palna, amunicja i istotne elementy broni nie s\u0105 sprzedawane on-line. Mo\u017cna je naby\u0107 osobi\u015bcie w naszym sklepie. Warunkiem nabycia broni jest przed\u0142o\u017cenie aktualnego za\u015bwiadczenia (promesy) uprawniaj\u0105cej do zakupu broni oraz dowodu osobistego. Niniejsz\u0105 ofert\u0119 zamieszczamy w celu pogl\u0105dowym. Przed zakupem broni prosimy o kontakt telefoniczny.<\/em><\/p>\n","protected":false},"excerpt":{"rendered":"<p>MCX-Rattler LT Wszystkie prze\u0142omowe cechy oryginalnego MCX-Rattler teraz w bardziej modu\u0142owym i wszechstronnym pakiecie. Zaprojektowany, aby sprosta\u0107 potrzebom si\u0142 operacji specjalnych, MCX-Rattler LT posiada w pe\u0142ni<span class=\"excerpt-hellip\"> [\u2026]<\/span><\/p>\n","protected":false},"featured_media":2885,"comment_status":"closed","ping_status":"closed","template":"","meta":[],"product_cat":[43,153],"product_tag":[],"class_list":{"0":"post-2884","1":"product","2":"type-product","3":"status-publish","4":"has-post-thumbnail","6":"product_cat-bron-dluga","7":"product_cat-sig-sauer-2","9":"first","10":"instock","11":"shipping-taxable","12":"product-type-simple"},"_links":{"self":[{"href":"https:\/\/www.strzelnica-magnum.pl\/en\/wp-json\/wp\/v2\/product\/2884","targetHints":{"allow":["GET"]}}],"collection":[{"href":"https:\/\/www.strzelnica-magnum.pl\/en\/wp-json\/wp\/v2\/product"}],"about":[{"href":"https:\/\/www.strzelnica-magnum.pl\/en\/wp-json\/wp\/v2\/types\/product"}],"replies":[{"embeddable":true,"href":"https:\/\/www.strzelnica-magnum.pl\/en\/wp-json\/wp\/v2\/comments?post=2884"}],"wp:featuredmedia":[{"embeddable":true,"href":"https:\/\/www.strzelnica-magnum.pl\/en\/wp-json\/wp\/v2\/media\/2885"}],"wp:attachment":[{"href":"https:\/\/www.strzelnica-magnum.pl\/en\/wp-json\/wp\/v2\/media?parent=2884"}],"wp:term":[{"taxonomy":"product_cat","embeddable":true,"href":"https:\/\/www.strzelnica-magnum.pl\/en\/wp-json\/wp\/v2\/product_cat?post=2884"},{"taxonomy":"product_tag","embeddable":true,"href":"https:\/\/www.strzelnica-magnum.pl\/en\/wp-json\/wp\/v2\/product_tag?post=2884"}],"curies":[{"name":"wp","href":"https:\/\/api.w.org\/{rel}","templated":true}]}}