{"id":2881,"date":"2025-06-24T12:12:03","date_gmt":"2025-06-24T12:12:03","guid":{"rendered":"https:\/\/www.strzelnica-magnum.pl\/?post_type=product&#038;p=2881"},"modified":"2025-06-24T12:12:55","modified_gmt":"2025-06-24T12:12:55","slug":"sig-sauer-cross-mpx-pcc","status":"publish","type":"product","link":"https:\/\/www.strzelnica-magnum.pl\/en\/uzbrojenie\/bron-dluga\/sig-sauer-cross-mpx-pcc\/","title":{"rendered":"Sig Sauer Cross MPX PCC"},"content":{"rendered":"<p><strong>Sig Cross MPX PCC<\/strong> <\/p>\n<p>MPX od lat jest liderem w kategorii PCC (karabink\u00f3w na amunicj\u0119 pistoletow\u0105), a mistrzowie tacy jak Lena Miculek u\u017cywaj\u0105 tej platformy ze wzgl\u0119du na jej doskona\u0142e osi\u0105gi i niezawodno\u015b\u0107. Teraz MPX jest oferowany w wersji PCC gotowej do zawod\u00f3w, kt\u00f3ra zapewnia t\u0119 sam\u0105 niezawodno\u015b\u0107 przy maksymalnej wydajno\u015bci. Nowo\u015bci\u0105 w PCC jest spust Timney MPX zaprojektowany z my\u015bl\u0105 o d\u0142ugotrwa\u0142ej wydajno\u015bci, smuk\u0142e \u0142o\u017ce (handguard) M-LOK dla lepszego wra\u017cenia chwytu w stylu M4, sk\u0142adana kolba teleskopowa oraz 3-komorowy kompensator redukuj\u0105cy odrzut. MPX PCC zosta\u0142 stworzony, aby dzia\u0142a\u0107 na najwy\u017cszym poziomie bez \u017cadnych modyfikacji i zapewni\u0107 niezawodno\u015b\u0107, jakiej oczekujesz od platformy MPX.<\/p>\n<p><strong>Cena 16 100 z\u0142<\/strong><\/p>\n<p><em>Bro\u0144 palna, amunicja i istotne elementy broni nie s\u0105 sprzedawane on-line. Mo\u017cna je naby\u0107 osobi\u015bcie w naszym sklepie. Warunkiem nabycia broni jest przed\u0142o\u017cenie aktualnego za\u015bwiadczenia (promesy) uprawniaj\u0105cej do zakupu broni oraz dowodu osobistego. Niniejsz\u0105 ofert\u0119 zamieszczamy w celu pogl\u0105dowym. Przed zakupem broni prosimy o kontakt telefoniczny.<\/em><\/p>\n","protected":false},"excerpt":{"rendered":"<p>Sig Cross MPX PCC MPX od lat jest liderem w kategorii PCC (karabink\u00f3w na amunicj\u0119 pistoletow\u0105), a mistrzowie tacy jak Lena Miculek u\u017cywaj\u0105 tej platformy ze<span class=\"excerpt-hellip\"> [\u2026]<\/span><\/p>\n","protected":false},"featured_media":2882,"comment_status":"closed","ping_status":"closed","template":"","meta":[],"product_cat":[43,153],"product_tag":[],"class_list":{"0":"post-2881","1":"product","2":"type-product","3":"status-publish","4":"has-post-thumbnail","6":"product_cat-bron-dluga","7":"product_cat-sig-sauer-2","9":"first","10":"instock","11":"shipping-taxable","12":"product-type-simple"},"_links":{"self":[{"href":"https:\/\/www.strzelnica-magnum.pl\/en\/wp-json\/wp\/v2\/product\/2881","targetHints":{"allow":["GET"]}}],"collection":[{"href":"https:\/\/www.strzelnica-magnum.pl\/en\/wp-json\/wp\/v2\/product"}],"about":[{"href":"https:\/\/www.strzelnica-magnum.pl\/en\/wp-json\/wp\/v2\/types\/product"}],"replies":[{"embeddable":true,"href":"https:\/\/www.strzelnica-magnum.pl\/en\/wp-json\/wp\/v2\/comments?post=2881"}],"wp:featuredmedia":[{"embeddable":true,"href":"https:\/\/www.strzelnica-magnum.pl\/en\/wp-json\/wp\/v2\/media\/2882"}],"wp:attachment":[{"href":"https:\/\/www.strzelnica-magnum.pl\/en\/wp-json\/wp\/v2\/media?parent=2881"}],"wp:term":[{"taxonomy":"product_cat","embeddable":true,"href":"https:\/\/www.strzelnica-magnum.pl\/en\/wp-json\/wp\/v2\/product_cat?post=2881"},{"taxonomy":"product_tag","embeddable":true,"href":"https:\/\/www.strzelnica-magnum.pl\/en\/wp-json\/wp\/v2\/product_tag?post=2881"}],"curies":[{"name":"wp","href":"https:\/\/api.w.org\/{rel}","templated":true}]}}