{"id":2878,"date":"2025-06-24T12:06:44","date_gmt":"2025-06-24T12:06:44","guid":{"rendered":"https:\/\/www.strzelnica-magnum.pl\/?post_type=product&#038;p=2878"},"modified":"2025-06-24T12:06:44","modified_gmt":"2025-06-24T12:06:44","slug":"sig-sauer-mpx-k","status":"publish","type":"product","link":"https:\/\/www.strzelnica-magnum.pl\/en\/uzbrojenie\/bron-dluga\/sig-sauer-mpx-k\/","title":{"rendered":"Sig Sauer MPX K"},"content":{"rendered":"<p><strong>Sig Cross MPX K<\/strong> oferuje niezwykle niezawodny i wytrzyma\u0142y system z zamkni\u0119tym zamkiem (closed bolt) i t\u0142okiem gazowym. Jak ka\u017cdy MPX, wersja K jest modu\u0142owa, co pozwala na stosowanie \u0142o\u017cy (handguard) i luf o r\u00f3\u017cnej d\u0142ugo\u015bci oraz jest gotowa do u\u017cytku z t\u0142umikiem d\u017awi\u0119ku. Model K jest teraz wyposa\u017cony w sk\u0142adan\u0105 ortez\u0119 (brace) SIG PCB, kt\u00f3ra pozwala z\u0142o\u017cy\u0107 go do ultrakompaktowych rozmiar\u00f3w i umo\u017cliwia strzelanie w pozycji z\u0142o\u017conej. Wersja K posiada r\u00f3wnie\u017c zmodernizowane \u0142o\u017ce M-Lok, kt\u00f3re jest dost\u0119pne jako akcesorium w wielu d\u0142ugo\u015bciach, aby os\u0142oni\u0107 t\u0142umik. Na koniec, model K zosta\u0142 ulepszony o niezwykle p\u0142ynny i ultraszybki spust Timney. Zaprojektowany wsp\u00f3lnie przez Timney i SIG, spust ten oferuje wydajno\u015b\u0107, jakiej oczekujesz od firmy Timney, z najwy\u017csz\u0105 niezawodno\u015bci\u0105, aby wytrzyma\u0107 trudy u\u017cytkowania na platformie pistoletu maszynowego (sub gun). Je\u015bli szukasz najlepszego modu\u0142owego pistoletu maszynowego, nie szukaj dalej ni\u017c MPX K od SIG SAUER.<\/p>\n<p><strong>Cena 17 100 z\u0142<\/strong><\/p>\n<p><em>Bro\u0144 palna, amunicja i istotne elementy broni nie s\u0105 sprzedawane on-line. Mo\u017cna je naby\u0107 osobi\u015bcie w naszym sklepie. Warunkiem nabycia broni jest przed\u0142o\u017cenie aktualnego za\u015bwiadczenia (promesy) uprawniaj\u0105cej do zakupu broni oraz dowodu osobistego. Niniejsz\u0105 ofert\u0119 zamieszczamy w celu pogl\u0105dowym. Przed zakupem broni prosimy o kontakt telefoniczny.<\/em><\/p>\n","protected":false},"excerpt":{"rendered":"<p>Sig Cross MPX K oferuje niezwykle niezawodny i wytrzyma\u0142y system z zamkni\u0119tym zamkiem (closed bolt) i t\u0142okiem gazowym. Jak ka\u017cdy MPX, wersja K jest modu\u0142owa, co<span class=\"excerpt-hellip\"> [\u2026]<\/span><\/p>\n","protected":false},"featured_media":2879,"comment_status":"closed","ping_status":"closed","template":"","meta":[],"product_cat":[43,153],"product_tag":[],"class_list":{"0":"post-2878","1":"product","2":"type-product","3":"status-publish","4":"has-post-thumbnail","6":"product_cat-bron-dluga","7":"product_cat-sig-sauer-2","9":"first","10":"instock","11":"shipping-taxable","12":"product-type-simple"},"_links":{"self":[{"href":"https:\/\/www.strzelnica-magnum.pl\/en\/wp-json\/wp\/v2\/product\/2878","targetHints":{"allow":["GET"]}}],"collection":[{"href":"https:\/\/www.strzelnica-magnum.pl\/en\/wp-json\/wp\/v2\/product"}],"about":[{"href":"https:\/\/www.strzelnica-magnum.pl\/en\/wp-json\/wp\/v2\/types\/product"}],"replies":[{"embeddable":true,"href":"https:\/\/www.strzelnica-magnum.pl\/en\/wp-json\/wp\/v2\/comments?post=2878"}],"wp:featuredmedia":[{"embeddable":true,"href":"https:\/\/www.strzelnica-magnum.pl\/en\/wp-json\/wp\/v2\/media\/2879"}],"wp:attachment":[{"href":"https:\/\/www.strzelnica-magnum.pl\/en\/wp-json\/wp\/v2\/media?parent=2878"}],"wp:term":[{"taxonomy":"product_cat","embeddable":true,"href":"https:\/\/www.strzelnica-magnum.pl\/en\/wp-json\/wp\/v2\/product_cat?post=2878"},{"taxonomy":"product_tag","embeddable":true,"href":"https:\/\/www.strzelnica-magnum.pl\/en\/wp-json\/wp\/v2\/product_tag?post=2878"}],"curies":[{"name":"wp","href":"https:\/\/api.w.org\/{rel}","templated":true}]}}