{"id":2869,"date":"2025-06-24T10:59:22","date_gmt":"2025-06-24T10:59:22","guid":{"rendered":"https:\/\/www.strzelnica-magnum.pl\/?post_type=product&#038;p=2869"},"modified":"2025-06-24T10:59:22","modified_gmt":"2025-06-24T10:59:22","slug":"sig-sauer-cross-magnum","status":"publish","type":"product","link":"https:\/\/www.strzelnica-magnum.pl\/en\/uzbrojenie\/bron-dluga\/sig-sauer-cross-magnum\/","title":{"rendered":"Sig Sauer Cross Magnum"},"content":{"rendered":"<p><strong>Sig Cross Magnum<\/strong> wprowadza now\u0105 rodzin\u0119 naboj\u00f3w oraz funkcji zaprojektowanych, by da\u0107 my\u015bliwym dodatkow\u0105 przewag\u0119. Wyposa\u017cony w now\u0105 komor\u0119 zamkow\u0105 z systemem szybkiej wymiany lufy oraz nowo zaprojektowany, intuicyjny zawias kolby sk\u0142adanej, CROSS Magnum jest r\u00f3wnie wszechstronny, co sprawny. W standardzie CROSS Magnum posiada pe\u0142nowymiarowe, samono\u015bne \u0142o\u017ce (free-floating) w systemie M-LOK\/ARCA oraz jednocz\u0119\u015bciow\u0105 komor\u0119 zamkow\u0105 zdoln\u0105 pomie\u015bci\u0107 naboje o d\u0142ugo\u015bci do 300 PRC. Wa\u017c\u0105cy zaledwie 8,7 funta (ok. 3,95 kg) w kalibrze 300 WIN Mag, CROSS Magnum jest wyposa\u017cony w 24-calow\u0105 luf\u0119, ale po z\u0142o\u017ceniu jego d\u0142ugo\u015b\u0107 ca\u0142kowita wynosi nieco ponad 35 cali (ok. 89 cm), co u\u0142atwia transport w dowolne miejsce. Zapewniaj\u0105c niezr\u00f3wnan\u0105 celno\u015b\u0107 i wszechstronno\u015b\u0107, nowa generacja karabin\u00f3w CROSS jest gotowa na ka\u017cde wyzwanie.<\/p>\n<p><strong>Cena 19 500 z\u0142<\/strong><\/p>\n<p><em>Bro\u0144 palna, amunicja i istotne elementy broni nie s\u0105 sprzedawane on-line. Mo\u017cna je naby\u0107 osobi\u015bcie w naszym sklepie. Warunkiem nabycia broni jest przed\u0142o\u017cenie aktualnego za\u015bwiadczenia (promesy) uprawniaj\u0105cej do zakupu broni oraz dowodu osobistego. Niniejsz\u0105 ofert\u0119 zamieszczamy w celu pogl\u0105dowym. Przed zakupem broni prosimy o kontakt telefoniczny.<\/em><\/p>\n","protected":false},"excerpt":{"rendered":"<p>Sig Cross Magnum wprowadza now\u0105 rodzin\u0119 naboj\u00f3w oraz funkcji zaprojektowanych, by da\u0107 my\u015bliwym dodatkow\u0105 przewag\u0119. Wyposa\u017cony w now\u0105 komor\u0119 zamkow\u0105 z systemem szybkiej wymiany lufy oraz<span class=\"excerpt-hellip\"> [\u2026]<\/span><\/p>\n","protected":false},"featured_media":2871,"comment_status":"closed","ping_status":"closed","template":"","meta":[],"product_cat":[43,153],"product_tag":[],"class_list":{"0":"post-2869","1":"product","2":"type-product","3":"status-publish","4":"has-post-thumbnail","6":"product_cat-bron-dluga","7":"product_cat-sig-sauer-2","9":"first","10":"instock","11":"shipping-taxable","12":"product-type-simple"},"_links":{"self":[{"href":"https:\/\/www.strzelnica-magnum.pl\/en\/wp-json\/wp\/v2\/product\/2869","targetHints":{"allow":["GET"]}}],"collection":[{"href":"https:\/\/www.strzelnica-magnum.pl\/en\/wp-json\/wp\/v2\/product"}],"about":[{"href":"https:\/\/www.strzelnica-magnum.pl\/en\/wp-json\/wp\/v2\/types\/product"}],"replies":[{"embeddable":true,"href":"https:\/\/www.strzelnica-magnum.pl\/en\/wp-json\/wp\/v2\/comments?post=2869"}],"wp:featuredmedia":[{"embeddable":true,"href":"https:\/\/www.strzelnica-magnum.pl\/en\/wp-json\/wp\/v2\/media\/2871"}],"wp:attachment":[{"href":"https:\/\/www.strzelnica-magnum.pl\/en\/wp-json\/wp\/v2\/media?parent=2869"}],"wp:term":[{"taxonomy":"product_cat","embeddable":true,"href":"https:\/\/www.strzelnica-magnum.pl\/en\/wp-json\/wp\/v2\/product_cat?post=2869"},{"taxonomy":"product_tag","embeddable":true,"href":"https:\/\/www.strzelnica-magnum.pl\/en\/wp-json\/wp\/v2\/product_tag?post=2869"}],"curies":[{"name":"wp","href":"https:\/\/api.w.org\/{rel}","templated":true}]}}