{"id":2862,"date":"2025-06-24T10:45:09","date_gmt":"2025-06-24T10:45:09","guid":{"rendered":"https:\/\/www.strzelnica-magnum.pl\/?post_type=product&#038;p=2862"},"modified":"2025-06-24T10:52:02","modified_gmt":"2025-06-24T10:52:02","slug":"sig-sauer-cross-prs","status":"publish","type":"product","link":"https:\/\/www.strzelnica-magnum.pl\/en\/uzbrojenie\/bron-dluga\/sig-sauer-cross-prs\/","title":{"rendered":"Sig Sauer Cross-PRS"},"content":{"rendered":"<p><strong>Sig Cross-PRS<\/strong> <\/p>\n<p>Ca\u0142kowicie przekonfigurowany, aby sprosta\u0107 potrzebom strzelc\u00f3w precyzyjnych na d\u0142ugim dystansie, CROSS-PRS charakteryzuje si\u0119 w pe\u0142ni stalow\u0105 konstrukcj\u0105 o wadze 13,5 funta (ok. 6,12 kg). Karabin zapewnia zr\u00f3wnowa\u017cone dopasowanie i wyczucie dzi\u0119ki r\u00f3wnomiernemu rozk\u0142adowi masy, co pomaga zredukowa\u0107 odczuwalny odrzut, jednocze\u015bnie skracaj\u0105c czas powrotu na cel. U\u017cytkownicy mog\u0105 dostosowa\u0107 d\u0142ugo\u015b\u0107 ca\u0142kowit\u0105 oraz wysoko\u015b\u0107 baki policzkowej karabinu dzi\u0119ki jego stalowej, sk\u0142adanej i precyzyjnie regulowanej kolbie. 18-calowe, samono\u015bne \u0142o\u017ce (free-floating) w systemie M-LOK z demontowaln\u0105 stalow\u0105 szyn\u0105 ARCA pozwala na \u0142atw\u0105 kompatybilno\u015b\u0107 ze statywami, dw\u00f3jnogami i innymi akcesoriami. Ci\u0119\u017cka, konturowa lufa ze stali nierdzewnej z gwintem typu 5R zapewnia najwy\u017csz\u0105 precyzj\u0119, a doci\u0105\u017cony chwyt typu PRS oraz obustronna p\u00f3\u0142ka pod kciuk zwi\u0119kszaj\u0105 komfort w ka\u017cdej pozycji strzeleckiej. CROSS-PRS zosta\u0142 specjalnie zbudowany i wyposa\u017cony we wszystkie funkcje wymagane w zawodach d\u0142ugodystansowych, co czyni go karabinem gotowym do startu w zawodach prosto z pude\u0142ka.<\/p>\n<p>Dost\u0119pny w wersji .308 Win 24in oraz 6.5 Creedmoor 24in.<\/p>\n<p><strong>Cena 20 300 z\u0142<\/strong><\/p>\n<p><em>Bro\u0144 palna, amunicja i istotne elementy broni nie s\u0105 sprzedawane on-line. Mo\u017cna je naby\u0107 osobi\u015bcie w naszym sklepie. Warunkiem nabycia broni jest przed\u0142o\u017cenie aktualnego za\u015bwiadczenia (promesy) uprawniaj\u0105cej do zakupu broni oraz dowodu osobistego. Niniejsz\u0105 ofert\u0119 zamieszczamy w celu pogl\u0105dowym. Przed zakupem broni prosimy o kontakt telefoniczny.<\/em><\/p>\n","protected":false},"excerpt":{"rendered":"<p>Sig Cross-PRS Ca\u0142kowicie przekonfigurowany, aby sprosta\u0107 potrzebom strzelc\u00f3w precyzyjnych na d\u0142ugim dystansie, CROSS-PRS charakteryzuje si\u0119 w pe\u0142ni stalow\u0105 konstrukcj\u0105 o wadze 13,5 funta (ok. 6,12 kg).<span class=\"excerpt-hellip\"> [\u2026]<\/span><\/p>\n","protected":false},"featured_media":2863,"comment_status":"closed","ping_status":"closed","template":"","meta":[],"product_cat":[43,153],"product_tag":[],"class_list":{"0":"post-2862","1":"product","2":"type-product","3":"status-publish","4":"has-post-thumbnail","6":"product_cat-bron-dluga","7":"product_cat-sig-sauer-2","9":"first","10":"instock","11":"shipping-taxable","12":"product-type-simple"},"_links":{"self":[{"href":"https:\/\/www.strzelnica-magnum.pl\/en\/wp-json\/wp\/v2\/product\/2862","targetHints":{"allow":["GET"]}}],"collection":[{"href":"https:\/\/www.strzelnica-magnum.pl\/en\/wp-json\/wp\/v2\/product"}],"about":[{"href":"https:\/\/www.strzelnica-magnum.pl\/en\/wp-json\/wp\/v2\/types\/product"}],"replies":[{"embeddable":true,"href":"https:\/\/www.strzelnica-magnum.pl\/en\/wp-json\/wp\/v2\/comments?post=2862"}],"wp:featuredmedia":[{"embeddable":true,"href":"https:\/\/www.strzelnica-magnum.pl\/en\/wp-json\/wp\/v2\/media\/2863"}],"wp:attachment":[{"href":"https:\/\/www.strzelnica-magnum.pl\/en\/wp-json\/wp\/v2\/media?parent=2862"}],"wp:term":[{"taxonomy":"product_cat","embeddable":true,"href":"https:\/\/www.strzelnica-magnum.pl\/en\/wp-json\/wp\/v2\/product_cat?post=2862"},{"taxonomy":"product_tag","embeddable":true,"href":"https:\/\/www.strzelnica-magnum.pl\/en\/wp-json\/wp\/v2\/product_tag?post=2862"}],"curies":[{"name":"wp","href":"https:\/\/api.w.org\/{rel}","templated":true}]}}