{"id":2855,"date":"2025-06-24T10:42:23","date_gmt":"2025-06-24T10:42:23","guid":{"rendered":"https:\/\/www.strzelnica-magnum.pl\/?post_type=product&#038;p=2855"},"modified":"2025-06-24T10:50:23","modified_gmt":"2025-06-24T10:50:23","slug":"sig-sauer-cross-stx","status":"publish","type":"product","link":"https:\/\/www.strzelnica-magnum.pl\/en\/uzbrojenie\/bron-dluga\/sig-sauer-cross-stx\/","title":{"rendered":"Sig Sauer Cross STX"},"content":{"rendered":"<p><strong>Sig Cross STX<\/strong> wnosi nowy poziom wydajno\u015bci i mo\u017cliwo\u015bci dla strzelca taktycznego. Wyposa\u017cony w 20-calow\u0105 precyzyjn\u0105 luf\u0119, pe\u0142nowymiarow\u0105 g\u00f3rn\u0105 szyn\u0119 Picatinny oraz chwyt w stylu PRS i podp\u00f3rk\u0119 pod kciuk, CROSS STX oferuje ulepszon\u0105 ergonomi\u0119 do zastosowa\u0144 dalekodystansowych. Dodatkowe cechy obejmuj\u0105 samono\u015bne \u0142o\u017ce (free-floating) M-LOK, t\u0142umik p\u0142omienia QD przygotowany do monta\u017cu t\u0142umik\u00f3w SLX\/SLH oraz sk\u0142adan\u0105, precyzyjnie regulowan\u0105 kolb\u0119. CROSS STX to idealna opcja dla u\u017cytkownik\u00f3w poszukuj\u0105cych ekstremalnej wydajno\u015bci w lekkiej platformie dalekiego zasi\u0119gu.<\/p>\n<p>Dost\u0119pny w wersji .308Win 20in w cenie <strong>16 500 z\u0142<\/strong> oraz 6.5 Creedmoor 20in w cenie <strong>17 000 z\u0142<\/strong>.<\/p>\n<p><em>Bro\u0144 palna, amunicja i istotne elementy broni nie s\u0105 sprzedawane on-line. Mo\u017cna je naby\u0107 osobi\u015bcie w naszym sklepie. Warunkiem nabycia broni jest przed\u0142o\u017cenie aktualnego za\u015bwiadczenia (promesy) uprawniaj\u0105cej do zakupu broni oraz dowodu osobistego. Niniejsz\u0105 ofert\u0119 zamieszczamy w celu pogl\u0105dowym. Przed zakupem broni prosimy o kontakt telefoniczny.<\/em><\/p>\n","protected":false},"excerpt":{"rendered":"<p>Sig Cross STX wnosi nowy poziom wydajno\u015bci i mo\u017cliwo\u015bci dla strzelca taktycznego. Wyposa\u017cony w 20-calow\u0105 precyzyjn\u0105 luf\u0119, pe\u0142nowymiarow\u0105 g\u00f3rn\u0105 szyn\u0119 Picatinny oraz chwyt w stylu PRS<span class=\"excerpt-hellip\"> [\u2026]<\/span><\/p>\n","protected":false},"featured_media":2860,"comment_status":"closed","ping_status":"closed","template":"","meta":[],"product_cat":[43,153],"product_tag":[],"class_list":{"0":"post-2855","1":"product","2":"type-product","3":"status-publish","4":"has-post-thumbnail","6":"product_cat-bron-dluga","7":"product_cat-sig-sauer-2","9":"first","10":"instock","11":"shipping-taxable","12":"product-type-simple"},"_links":{"self":[{"href":"https:\/\/www.strzelnica-magnum.pl\/en\/wp-json\/wp\/v2\/product\/2855","targetHints":{"allow":["GET"]}}],"collection":[{"href":"https:\/\/www.strzelnica-magnum.pl\/en\/wp-json\/wp\/v2\/product"}],"about":[{"href":"https:\/\/www.strzelnica-magnum.pl\/en\/wp-json\/wp\/v2\/types\/product"}],"replies":[{"embeddable":true,"href":"https:\/\/www.strzelnica-magnum.pl\/en\/wp-json\/wp\/v2\/comments?post=2855"}],"wp:featuredmedia":[{"embeddable":true,"href":"https:\/\/www.strzelnica-magnum.pl\/en\/wp-json\/wp\/v2\/media\/2860"}],"wp:attachment":[{"href":"https:\/\/www.strzelnica-magnum.pl\/en\/wp-json\/wp\/v2\/media?parent=2855"}],"wp:term":[{"taxonomy":"product_cat","embeddable":true,"href":"https:\/\/www.strzelnica-magnum.pl\/en\/wp-json\/wp\/v2\/product_cat?post=2855"},{"taxonomy":"product_tag","embeddable":true,"href":"https:\/\/www.strzelnica-magnum.pl\/en\/wp-json\/wp\/v2\/product_tag?post=2855"}],"curies":[{"name":"wp","href":"https:\/\/api.w.org\/{rel}","templated":true}]}}