{"id":2852,"date":"2025-06-24T10:38:02","date_gmt":"2025-06-24T10:38:02","guid":{"rendered":"https:\/\/www.strzelnica-magnum.pl\/?post_type=product&#038;p=2852"},"modified":"2025-06-24T10:38:02","modified_gmt":"2025-06-24T10:38:02","slug":"sig-sauer-cross-trax","status":"publish","type":"product","link":"https:\/\/www.strzelnica-magnum.pl\/en\/uzbrojenie\/bron-dluga\/sig-sauer-cross-trax\/","title":{"rendered":"Sig Sauer Cross Trax"},"content":{"rendered":"<p><strong>Sig Cross Trax<\/strong> <\/p>\n<p>Wykorzystuj\u0105c serce i dusz\u0119 komory zamkowej (receiver) karabinu SIG CROSS, model CROSS TRAX oferuje minimalistyczny design, idealny dla my\u015bliwych poszukuj\u0105cych lekkiego i kompaktowego karabinu. CROSS TRAX jest standardowo wyposa\u017cony w 11,5-calowe, lekkie, szkieletowe \u0142o\u017ce (handguard) oraz minimalistyczn\u0105 sk\u0142adan\u0105 kolb\u0119. Dodatkowe cechy obejmuj\u0105 niskoprofilow\u0105 r\u0105czk\u0119 i ga\u0142k\u0119 zamka zapobiegaj\u0105c\u0105 zaczepianiu, chwyt pistoletowy typu PDW oraz 16-calow\u0105 luf\u0119 ze stali nierdzewnej. CROSS TRAX reprezentuje now\u0105 generacj\u0119 lekkich, kompaktowych karabin\u00f3w my\u015bliwskich, gotowych na Twoj\u0105 nast\u0119pn\u0105 przygod\u0119 z polowaniem na grub\u0105 zwierzyn\u0119.<\/p>\n<p><strong>Cena 11 700 z\u0142<\/strong><\/p>\n<p><em>Bro\u0144 palna, amunicja i istotne elementy broni nie s\u0105 sprzedawane on-line. Mo\u017cna je naby\u0107 osobi\u015bcie w naszym sklepie. Warunkiem nabycia broni jest przed\u0142o\u017cenie aktualnego za\u015bwiadczenia (promesy) uprawniaj\u0105cej do zakupu broni oraz dowodu osobistego. Niniejsz\u0105 ofert\u0119 zamieszczamy w celu pogl\u0105dowym. Przed zakupem broni prosimy o kontakt telefoniczny.<\/em><\/p>\n","protected":false},"excerpt":{"rendered":"<p>Sig Cross Trax Wykorzystuj\u0105c serce i dusz\u0119 komory zamkowej (receiver) karabinu SIG CROSS, model CROSS TRAX oferuje minimalistyczny design, idealny dla my\u015bliwych poszukuj\u0105cych lekkiego i kompaktowego<span class=\"excerpt-hellip\"> [\u2026]<\/span><\/p>\n","protected":false},"featured_media":2853,"comment_status":"closed","ping_status":"closed","template":"","meta":[],"product_cat":[43,153],"product_tag":[],"class_list":{"0":"post-2852","1":"product","2":"type-product","3":"status-publish","4":"has-post-thumbnail","6":"product_cat-bron-dluga","7":"product_cat-sig-sauer-2","9":"first","10":"instock","11":"shipping-taxable","12":"product-type-simple"},"_links":{"self":[{"href":"https:\/\/www.strzelnica-magnum.pl\/en\/wp-json\/wp\/v2\/product\/2852","targetHints":{"allow":["GET"]}}],"collection":[{"href":"https:\/\/www.strzelnica-magnum.pl\/en\/wp-json\/wp\/v2\/product"}],"about":[{"href":"https:\/\/www.strzelnica-magnum.pl\/en\/wp-json\/wp\/v2\/types\/product"}],"replies":[{"embeddable":true,"href":"https:\/\/www.strzelnica-magnum.pl\/en\/wp-json\/wp\/v2\/comments?post=2852"}],"wp:featuredmedia":[{"embeddable":true,"href":"https:\/\/www.strzelnica-magnum.pl\/en\/wp-json\/wp\/v2\/media\/2853"}],"wp:attachment":[{"href":"https:\/\/www.strzelnica-magnum.pl\/en\/wp-json\/wp\/v2\/media?parent=2852"}],"wp:term":[{"taxonomy":"product_cat","embeddable":true,"href":"https:\/\/www.strzelnica-magnum.pl\/en\/wp-json\/wp\/v2\/product_cat?post=2852"},{"taxonomy":"product_tag","embeddable":true,"href":"https:\/\/www.strzelnica-magnum.pl\/en\/wp-json\/wp\/v2\/product_tag?post=2852"}],"curies":[{"name":"wp","href":"https:\/\/api.w.org\/{rel}","templated":true}]}}