{"id":2849,"date":"2025-06-24T10:33:34","date_gmt":"2025-06-24T10:33:34","guid":{"rendered":"https:\/\/www.strzelnica-magnum.pl\/?post_type=product&#038;p=2849"},"modified":"2025-07-03T17:03:28","modified_gmt":"2025-07-03T17:03:28","slug":"sig-sauer-cross-sawtooth","status":"publish","type":"product","link":"https:\/\/www.strzelnica-magnum.pl\/en\/uzbrojenie\/bron-dluga\/sig-sauer-2\/sig-sauer-cross-sawtooth\/","title":{"rendered":"Sig Sauer Cross Sawtooth"},"content":{"rendered":"<p><strong>Sig Cross Sawtooth<\/strong> standardowo wyposa\u017cony w 16-calow\u0105 luf\u0119 od PROOF\u2122 Research. Ultralekka, sk\u0142adana, precyzyjnie regulowana kolba, lekkie, samono\u015bne (typu \u201efree-floating\u201d) \u0142o\u017ce ze stopu aluminium w systemie M-LOK z podw\u00f3jnymi punktami monta\u017cu zawieszenia oraz wyko\u0144czenie Cerakote Moss\u2122. Wyposa\u017cony w dwustopniowy, regulowany spust sportowy (match trigger) oraz ci\u0119\u017cki, stalowy hamulec wylotowy o profilu radialnym, redukuj\u0105cy odczuwalny odrzut.<\/p>\n<p>Dost\u0119pny w wersji .308Win 16in, 6.5 Creedmoor 18in oraz 6.5 Creedmoor 24in.<\/p>\n<p><strong>Cena 18 700 z\u0142<\/strong><\/p>\n<p><em>Bro\u0144 palna, amunicja i istotne elementy broni nie s\u0105 sprzedawane on-line. Mo\u017cna je naby\u0107 osobi\u015bcie w naszym sklepie. Warunkiem nabycia broni jest przed\u0142o\u017cenie aktualnego za\u015bwiadczenia (promesy) uprawniaj\u0105cej do zakupu broni oraz dowodu osobistego. Niniejsz\u0105 ofert\u0119 zamieszczamy w celu pogl\u0105dowym. Przed zakupem broni prosimy o kontakt telefoniczny.<\/em><\/p>\n","protected":false},"excerpt":{"rendered":"<p>Sig Cross Sawtooth standardowo wyposa\u017cony w 16-calow\u0105 luf\u0119 od PROOF\u2122 Research. Ultralekka, sk\u0142adana, precyzyjnie regulowana kolba, lekkie, samono\u015bne (typu \u201efree-floating\u201d) \u0142o\u017ce ze stopu aluminium w systemie<span class=\"excerpt-hellip\"> [\u2026]<\/span><\/p>\n","protected":false},"featured_media":2850,"comment_status":"closed","ping_status":"closed","template":"","meta":[],"product_cat":[43,153],"product_tag":[],"class_list":{"0":"post-2849","1":"product","2":"type-product","3":"status-publish","4":"has-post-thumbnail","6":"product_cat-bron-dluga","7":"product_cat-sig-sauer-2","9":"first","10":"instock","11":"shipping-taxable","12":"product-type-simple"},"_links":{"self":[{"href":"https:\/\/www.strzelnica-magnum.pl\/en\/wp-json\/wp\/v2\/product\/2849","targetHints":{"allow":["GET"]}}],"collection":[{"href":"https:\/\/www.strzelnica-magnum.pl\/en\/wp-json\/wp\/v2\/product"}],"about":[{"href":"https:\/\/www.strzelnica-magnum.pl\/en\/wp-json\/wp\/v2\/types\/product"}],"replies":[{"embeddable":true,"href":"https:\/\/www.strzelnica-magnum.pl\/en\/wp-json\/wp\/v2\/comments?post=2849"}],"wp:featuredmedia":[{"embeddable":true,"href":"https:\/\/www.strzelnica-magnum.pl\/en\/wp-json\/wp\/v2\/media\/2850"}],"wp:attachment":[{"href":"https:\/\/www.strzelnica-magnum.pl\/en\/wp-json\/wp\/v2\/media?parent=2849"}],"wp:term":[{"taxonomy":"product_cat","embeddable":true,"href":"https:\/\/www.strzelnica-magnum.pl\/en\/wp-json\/wp\/v2\/product_cat?post=2849"},{"taxonomy":"product_tag","embeddable":true,"href":"https:\/\/www.strzelnica-magnum.pl\/en\/wp-json\/wp\/v2\/product_tag?post=2849"}],"curies":[{"name":"wp","href":"https:\/\/api.w.org\/{rel}","templated":true}]}}