{"id":2846,"date":"2025-06-24T10:27:04","date_gmt":"2025-06-24T10:27:04","guid":{"rendered":"https:\/\/www.strzelnica-magnum.pl\/?post_type=product&#038;p=2846"},"modified":"2025-06-24T10:47:33","modified_gmt":"2025-06-24T10:47:33","slug":"sig-sauer-cross","status":"publish","type":"product","link":"https:\/\/www.strzelnica-magnum.pl\/en\/uzbrojenie\/bron-dluga\/sig-sauer-cross\/","title":{"rendered":"Sig Sauer Cross"},"content":{"rendered":"<p><strong>Sig Cross<\/strong> <\/p>\n<p>Pierwszy karabin w swojej klasie, CROSS, zosta\u0142 od podstaw zaprojektowany i zbudowany w Centrum Bada\u0144 i Rozwoju SIG SAUER w New Hampshire. W oparciu o opinie my\u015bliwych, snajper\u00f3w wojskowych i elitarnych strzelc\u00f3w dalekodystansowych, CROSS zosta\u0142 stworzony, aby sprosta\u0107 wymaganiom ka\u017cdego \u015brodowiska \u2013 od precyzyjnego strzelania na dalekie dystanse po ekstremalne polowania w odleg\u0142ych rejonach.<br \/>\nOd swojego debiutu w 2020 roku, CROSS rozwin\u0105\u0142 si\u0119 w ca\u0142\u0105 rodzin\u0119 ultrawydajnych karabin\u00f3w powtarzalnych. Ka\u017cdy dost\u0119pny model charakteryzuje si\u0119 wsp\u00f3lnymi motywami projektowymi, ulepszonymi funkcjami, powtarzaln\u0105 celno\u015bci\u0105 i niezawodno\u015bci\u0105 w ka\u017cdym zastosowaniu.<\/p>\n<p>Dost\u0119pny w wersji .308Win 16in oraz 6.5 Creedmoor 18in.<\/p>\n<p><strong>Cena 12 900 z\u0142<\/strong><\/p>\n<p><em>Bro\u0144 palna, amunicja i istotne elementy broni nie s\u0105 sprzedawane on-line. Mo\u017cna je naby\u0107 osobi\u015bcie w naszym sklepie. Warunkiem nabycia broni jest przed\u0142o\u017cenie aktualnego za\u015bwiadczenia (promesy) uprawniaj\u0105cej do zakupu broni oraz dowodu osobistego. Niniejsz\u0105 ofert\u0119 zamieszczamy w celu pogl\u0105dowym. Przed zakupem broni prosimy o kontakt telefoniczny.<\/em><\/p>\n","protected":false},"excerpt":{"rendered":"<p>Sig Cross Pierwszy karabin w swojej klasie, CROSS, zosta\u0142 od podstaw zaprojektowany i zbudowany w Centrum Bada\u0144 i Rozwoju SIG SAUER w New Hampshire. W oparciu<span class=\"excerpt-hellip\"> [\u2026]<\/span><\/p>\n","protected":false},"featured_media":2847,"comment_status":"closed","ping_status":"closed","template":"","meta":[],"product_cat":[43,153],"product_tag":[],"class_list":{"0":"post-2846","1":"product","2":"type-product","3":"status-publish","4":"has-post-thumbnail","6":"product_cat-bron-dluga","7":"product_cat-sig-sauer-2","9":"first","10":"instock","11":"shipping-taxable","12":"product-type-simple"},"_links":{"self":[{"href":"https:\/\/www.strzelnica-magnum.pl\/en\/wp-json\/wp\/v2\/product\/2846","targetHints":{"allow":["GET"]}}],"collection":[{"href":"https:\/\/www.strzelnica-magnum.pl\/en\/wp-json\/wp\/v2\/product"}],"about":[{"href":"https:\/\/www.strzelnica-magnum.pl\/en\/wp-json\/wp\/v2\/types\/product"}],"replies":[{"embeddable":true,"href":"https:\/\/www.strzelnica-magnum.pl\/en\/wp-json\/wp\/v2\/comments?post=2846"}],"wp:featuredmedia":[{"embeddable":true,"href":"https:\/\/www.strzelnica-magnum.pl\/en\/wp-json\/wp\/v2\/media\/2847"}],"wp:attachment":[{"href":"https:\/\/www.strzelnica-magnum.pl\/en\/wp-json\/wp\/v2\/media?parent=2846"}],"wp:term":[{"taxonomy":"product_cat","embeddable":true,"href":"https:\/\/www.strzelnica-magnum.pl\/en\/wp-json\/wp\/v2\/product_cat?post=2846"},{"taxonomy":"product_tag","embeddable":true,"href":"https:\/\/www.strzelnica-magnum.pl\/en\/wp-json\/wp\/v2\/product_tag?post=2846"}],"curies":[{"name":"wp","href":"https:\/\/api.w.org\/{rel}","templated":true}]}}