{"id":2833,"date":"2025-06-20T16:25:39","date_gmt":"2025-06-20T16:25:39","guid":{"rendered":"https:\/\/www.strzelnica-magnum.pl\/?post_type=product&#038;p=2833"},"modified":"2025-06-20T16:25:39","modified_gmt":"2025-06-20T16:25:39","slug":"sig-sauer-p365-fuse","status":"publish","type":"product","link":"https:\/\/www.strzelnica-magnum.pl\/en\/uzbrojenie\/bron-krotka\/sig-sauer-p365-fuse\/","title":{"rendered":"Sig Sauer P365-Fuse"},"content":{"rendered":"<p><strong>P365-Fuse<\/strong> <\/p>\n<p>Mo\u017cliwo\u015bci pistoletu pe\u0142nowymiarowego i skryto\u015b\u0107 mikro-kompaktu \u0142\u0105cz\u0105 si\u0119 w ca\u0142kowicie nowym FUSE od SIG SAUER. Jego pojemno\u015b\u0107 21+1 naboj\u00f3w spotyka si\u0119 z cieniutkim jak brzytwa modu\u0142em chwytu o szeroko\u015bci 1 cala, zapewniaj\u0105c niezr\u00f3wnan\u0105 wszechstronno\u015b\u0107 i \u0142atwo\u015b\u0107 prowadzenia ognia. FUSE dostarcza celno\u015b\u0107 i wytrzyma\u0142o\u015b\u0107 pistoletu pe\u0142nowymiarowego dzi\u0119ki zamkowi o d\u0142ugo\u015bci 6 i 7\/8 cala, przygotowanemu pod monta\u017c optyki \u2013 d\u0142u\u017cszemu ni\u017c w jakimkolwiek kompakcie w tej klasie, co zapewnia d\u0142u\u017csz\u0105 lini\u0119 celowania i lepsz\u0105 kontrol\u0119. Wyposa\u017cony w \u015bwiat\u0142owodow\u0105 muszk\u0119 i luf\u0119 o d\u0142ugo\u015bci 4,3 cala, FUSE zapewnia lepsze osi\u0105gi balistyczne wsp\u00f3\u0142czesnej amunicji obronnej, co przek\u0142ada si\u0119 na wy\u017csze pr\u0119dko\u015bci i maksymaln\u0105 ekspansj\u0119 w celu.<\/p>\n<p>Wszystkie zalety pistoletu pe\u0142nowymiarowego po\u0142\u0105czone z \u0142atwo\u015bci\u0105 ukrycia kompaktu. Zbudowany na fundamentach P365, oto prawdziwy pistolet typu &#8220;crossover carry&#8221;.<\/p>\n<p>Ostateczne Po\u0142\u0105czenie Mo\u017cliwo\u015bci i Skryto\u015bci. FUSE od SIG SAUER.<\/p>\n<p><strong>Cena 8 000 z\u0142<\/strong><br \/>\nDost\u0119pny r\u00f3wnie\u017c w wersji bez kolimatora w cenie <strong>6 000 z\u0142<\/strong>.<\/p>\n<p><em>Bro\u0144 palna, amunicja i istotne elementy broni nie s\u0105 sprzedawane on-line. Mo\u017cna je naby\u0107 osobi\u015bcie w naszym sklepie. Warunkiem nabycia broni jest przed\u0142o\u017cenie aktualnego za\u015bwiadczenia (promesy) uprawniaj\u0105cej do zakupu broni oraz dowodu osobistego. Niniejsz\u0105 ofert\u0119 zamieszczamy w celu pogl\u0105dowym. Przed zakupem broni prosimy o kontakt telefoniczny.<\/em><\/p>\n","protected":false},"excerpt":{"rendered":"<p>P365-Fuse Mo\u017cliwo\u015bci pistoletu pe\u0142nowymiarowego i skryto\u015b\u0107 mikro-kompaktu \u0142\u0105cz\u0105 si\u0119 w ca\u0142kowicie nowym FUSE od SIG SAUER. Jego pojemno\u015b\u0107 21+1 naboj\u00f3w spotyka si\u0119 z cieniutkim jak brzytwa<span class=\"excerpt-hellip\"> [\u2026]<\/span><\/p>\n","protected":false},"featured_media":2834,"comment_status":"closed","ping_status":"closed","template":"","meta":[],"product_cat":[42,151],"product_tag":[],"class_list":{"0":"post-2833","1":"product","2":"type-product","3":"status-publish","4":"has-post-thumbnail","6":"product_cat-bron-krotka","7":"product_cat-sig-sauer","9":"first","10":"instock","11":"shipping-taxable","12":"product-type-simple"},"_links":{"self":[{"href":"https:\/\/www.strzelnica-magnum.pl\/en\/wp-json\/wp\/v2\/product\/2833","targetHints":{"allow":["GET"]}}],"collection":[{"href":"https:\/\/www.strzelnica-magnum.pl\/en\/wp-json\/wp\/v2\/product"}],"about":[{"href":"https:\/\/www.strzelnica-magnum.pl\/en\/wp-json\/wp\/v2\/types\/product"}],"replies":[{"embeddable":true,"href":"https:\/\/www.strzelnica-magnum.pl\/en\/wp-json\/wp\/v2\/comments?post=2833"}],"wp:featuredmedia":[{"embeddable":true,"href":"https:\/\/www.strzelnica-magnum.pl\/en\/wp-json\/wp\/v2\/media\/2834"}],"wp:attachment":[{"href":"https:\/\/www.strzelnica-magnum.pl\/en\/wp-json\/wp\/v2\/media?parent=2833"}],"wp:term":[{"taxonomy":"product_cat","embeddable":true,"href":"https:\/\/www.strzelnica-magnum.pl\/en\/wp-json\/wp\/v2\/product_cat?post=2833"},{"taxonomy":"product_tag","embeddable":true,"href":"https:\/\/www.strzelnica-magnum.pl\/en\/wp-json\/wp\/v2\/product_tag?post=2833"}],"curies":[{"name":"wp","href":"https:\/\/api.w.org\/{rel}","templated":true}]}}