{"id":2830,"date":"2025-06-20T16:21:33","date_gmt":"2025-06-20T16:21:33","guid":{"rendered":"https:\/\/www.strzelnica-magnum.pl\/?post_type=product&#038;p=2830"},"modified":"2025-06-20T16:21:33","modified_gmt":"2025-06-20T16:21:33","slug":"sig-sauer-p365-rose-380","status":"publish","type":"product","link":"https:\/\/www.strzelnica-magnum.pl\/en\/uzbrojenie\/bron-krotka\/sig-sauer-p365-rose-380\/","title":{"rendered":"Sig Sauer P365 Rose 380"},"content":{"rendered":"<p><strong>P365 Rose 380<\/strong> <\/p>\n<p>Przedstawiamy ROSE by SIG SAUER. Program ROSE, opracowany we wsp\u00f3\u0142pracy z mistrzyni\u0105 \u015bwiata Len\u0105 Miculek, zosta\u0142 stworzony, aby zach\u0119ca\u0107 i inspirowa\u0107 kobiety do wzi\u0119cia odpowiedzialno\u015bci za swoje bezpiecze\u0144stwo osobiste poprzez edukacj\u0119, szkolenie i spo\u0142eczno\u015b\u0107.<\/p>\n<p>Zestaw P365 ROSE zawiera specjaln\u0105 edycj\u0119 pistoletu P365 w kalibrze 9mm lub .380, niestandardowe, zamykane pude\u0142ko do przechowywania ROSE Vaultek oraz natychmiastowy dost\u0119p do kompletnej serii film\u00f3w szkoleniowych ROSE, kt\u00f3re krok po kroku pozwalaj\u0105 uczy\u0107 si\u0119 we w\u0142asnym tempie. Wraz z zestawem otrzymujesz dost\u0119p do internetowej spo\u0142eczno\u015bci ROSE, kt\u00f3ra ma na celu zach\u0119canie i inspirowanie poprzez pomoc i wsparcie, w miar\u0119 jak stajesz si\u0119 coraz bardziej pewn\u0105 siebie i swobodnie czuj\u0105c\u0105 si\u0119 z broni\u0105 strzelczyni\u0105.<\/p>\n<p>Program ROSE opiera si\u0119 na wieloletnim do\u015bwiadczeniu Leny jako zawodniczki oraz instruktorki ucz\u0105cej kobiety na ka\u017cdym poziomie zaawansowania w ca\u0142ym kraju. ROSE zosta\u0142 opracowany jako kompletny, \u0142atwy do zrozumienia, nauki i u\u017cycia system. Program ROSE przeprowadzi Ci\u0119 krok po kroku przez ca\u0142y proces, od pierwszego trzymania pistoletu w d\u0142oni a\u017c do Twojej pierwszej wizyty na strzelnicy. ROSE to tak\u017ce spo\u0142eczno\u015b\u0107 kobiet, kt\u00f3re spotykaj\u0105 si\u0119, aby sobie pomaga\u0107 i wzajemnie si\u0119 wspiera\u0107, dzieli\u0107 si\u0119 swoimi historiami i uczy\u0107 si\u0119 od siebie nawzajem.<\/p>\n<p>ROSE daje Ci wszystko, czego potrzebujesz, aby zacz\u0105\u0107: pe\u0142ny kurs szkoleniowy online, kt\u00f3ry pomo\u017ce Ci poczu\u0107 si\u0119 komfortowo i przygotowa\u0107 si\u0119 do pierwszej wizyty na strzelnicy, oraz internetow\u0105 spo\u0142eczno\u015b\u0107, w kt\u00f3rej mo\u017cesz dzieli\u0107 si\u0119 swoimi do\u015bwiadczeniami i uczy\u0107 si\u0119 od innych kobiet, takich jak Ty.<br \/>\n<strong>Cena 6 400 z\u0142<\/strong><\/p>\n<p><em>Bro\u0144 palna, amunicja i istotne elementy broni nie s\u0105 sprzedawane on-line. Mo\u017cna je naby\u0107 osobi\u015bcie w naszym sklepie. Warunkiem nabycia broni jest przed\u0142o\u017cenie aktualnego za\u015bwiadczenia (promesy) uprawniaj\u0105cej do zakupu broni oraz dowodu osobistego. Niniejsz\u0105 ofert\u0119 zamieszczamy w celu pogl\u0105dowym. Przed zakupem broni prosimy o kontakt telefoniczny.<\/em><\/p>\n","protected":false},"excerpt":{"rendered":"<p>P365 Rose 380 Przedstawiamy ROSE by SIG SAUER. Program ROSE, opracowany we wsp\u00f3\u0142pracy z mistrzyni\u0105 \u015bwiata Len\u0105 Miculek, zosta\u0142 stworzony, aby zach\u0119ca\u0107 i inspirowa\u0107 kobiety do<span class=\"excerpt-hellip\"> [\u2026]<\/span><\/p>\n","protected":false},"featured_media":2831,"comment_status":"closed","ping_status":"closed","template":"","meta":[],"product_cat":[42,151],"product_tag":[],"class_list":{"0":"post-2830","1":"product","2":"type-product","3":"status-publish","4":"has-post-thumbnail","6":"product_cat-bron-krotka","7":"product_cat-sig-sauer","9":"first","10":"instock","11":"shipping-taxable","12":"product-type-simple"},"_links":{"self":[{"href":"https:\/\/www.strzelnica-magnum.pl\/en\/wp-json\/wp\/v2\/product\/2830","targetHints":{"allow":["GET"]}}],"collection":[{"href":"https:\/\/www.strzelnica-magnum.pl\/en\/wp-json\/wp\/v2\/product"}],"about":[{"href":"https:\/\/www.strzelnica-magnum.pl\/en\/wp-json\/wp\/v2\/types\/product"}],"replies":[{"embeddable":true,"href":"https:\/\/www.strzelnica-magnum.pl\/en\/wp-json\/wp\/v2\/comments?post=2830"}],"wp:featuredmedia":[{"embeddable":true,"href":"https:\/\/www.strzelnica-magnum.pl\/en\/wp-json\/wp\/v2\/media\/2831"}],"wp:attachment":[{"href":"https:\/\/www.strzelnica-magnum.pl\/en\/wp-json\/wp\/v2\/media?parent=2830"}],"wp:term":[{"taxonomy":"product_cat","embeddable":true,"href":"https:\/\/www.strzelnica-magnum.pl\/en\/wp-json\/wp\/v2\/product_cat?post=2830"},{"taxonomy":"product_tag","embeddable":true,"href":"https:\/\/www.strzelnica-magnum.pl\/en\/wp-json\/wp\/v2\/product_tag?post=2830"}],"curies":[{"name":"wp","href":"https:\/\/api.w.org\/{rel}","templated":true}]}}