{"id":2827,"date":"2025-06-20T16:17:54","date_gmt":"2025-06-20T16:17:54","guid":{"rendered":"https:\/\/www.strzelnica-magnum.pl\/?post_type=product&#038;p=2827"},"modified":"2025-06-24T10:17:17","modified_gmt":"2025-06-24T10:17:17","slug":"sig-sauer-p365-robins-egg-blue","status":"publish","type":"product","link":"https:\/\/www.strzelnica-magnum.pl\/en\/uzbrojenie\/bron-krotka\/sig-sauer-p365-robins-egg-blue\/","title":{"rendered":"Sig Sauer P365 Robin&#8217;s Egg Blue"},"content":{"rendered":"<p><strong>P365 Robin&#8217;s Egg Blue<\/strong> <\/p>\n<p>Wprowadzaj\u0105c nowy styl do linii P365, model P365-380 Robin\u2019s Egg Blue posiada zamek ze stali nierdzewnej oraz niklowany zwalniacz magazynka, bezpiecznik manualny, zatrzask zamka i d\u017awigni\u0119 demonta\u017cu, a wszystko to po\u0142\u0105czone z unikalnym modu\u0142em chwytu w kolorze Robin&#8217;s Egg Blue (b\u0142\u0119kit jaja rudzika). Jak wszystkie modele P365-380, zamek posiada demontowaln\u0105 p\u0142ytk\u0119 pod przyrz\u0105dy celownicze, kompatybiln\u0105 ze wszystkimi celownikami ROMEOZero oraz z celownikami o rozstawie monta\u017cowym RMS-C.<\/p>\n<p>P365-380 Robin\u2019s Egg Blue jest r\u00f3wnie\u017c standardowo wyposa\u017cony w przyrz\u0105dy celownicze XRAY3 Day\/Night, 10-nabojowy magazynek z p\u0142ask\u0105 stopk\u0105 oraz 10-nabojowy magazynek z przed\u0142u\u017con\u0105 stopk\u0105. Najbardziej mi\u0119kko strzelaj\u0105cy mikro-kompakt na rynku jest teraz r\u00f3wnie\u017c jednym z najbardziej unikalnych. To idealny kompan do codziennego noszenia.<\/p>\n<p><strong>Cena 5 200 z\u0142<\/strong><\/p>\n<p><em>Bro\u0144 palna, amunicja i istotne elementy broni nie s\u0105 sprzedawane on-line. Mo\u017cna je naby\u0107 osobi\u015bcie w naszym sklepie. Warunkiem nabycia broni jest przed\u0142o\u017cenie aktualnego za\u015bwiadczenia (promesy) uprawniaj\u0105cej do zakupu broni oraz dowodu osobistego. Niniejsz\u0105 ofert\u0119 zamieszczamy w celu pogl\u0105dowym. Przed zakupem broni prosimy o kontakt telefoniczny.<\/em><\/p>\n","protected":false},"excerpt":{"rendered":"<p>P365 Robin&#8217;s Egg Blue Wprowadzaj\u0105c nowy styl do linii P365, model P365-380 Robin\u2019s Egg Blue posiada zamek ze stali nierdzewnej oraz niklowany zwalniacz magazynka, bezpiecznik manualny,<span class=\"excerpt-hellip\"> [\u2026]<\/span><\/p>\n","protected":false},"featured_media":2844,"comment_status":"closed","ping_status":"closed","template":"","meta":[],"product_cat":[42,151],"product_tag":[],"class_list":{"0":"post-2827","1":"product","2":"type-product","3":"status-publish","4":"has-post-thumbnail","6":"product_cat-bron-krotka","7":"product_cat-sig-sauer","9":"first","10":"instock","11":"shipping-taxable","12":"product-type-simple"},"_links":{"self":[{"href":"https:\/\/www.strzelnica-magnum.pl\/en\/wp-json\/wp\/v2\/product\/2827","targetHints":{"allow":["GET"]}}],"collection":[{"href":"https:\/\/www.strzelnica-magnum.pl\/en\/wp-json\/wp\/v2\/product"}],"about":[{"href":"https:\/\/www.strzelnica-magnum.pl\/en\/wp-json\/wp\/v2\/types\/product"}],"replies":[{"embeddable":true,"href":"https:\/\/www.strzelnica-magnum.pl\/en\/wp-json\/wp\/v2\/comments?post=2827"}],"wp:featuredmedia":[{"embeddable":true,"href":"https:\/\/www.strzelnica-magnum.pl\/en\/wp-json\/wp\/v2\/media\/2844"}],"wp:attachment":[{"href":"https:\/\/www.strzelnica-magnum.pl\/en\/wp-json\/wp\/v2\/media?parent=2827"}],"wp:term":[{"taxonomy":"product_cat","embeddable":true,"href":"https:\/\/www.strzelnica-magnum.pl\/en\/wp-json\/wp\/v2\/product_cat?post=2827"},{"taxonomy":"product_tag","embeddable":true,"href":"https:\/\/www.strzelnica-magnum.pl\/en\/wp-json\/wp\/v2\/product_tag?post=2827"}],"curies":[{"name":"wp","href":"https:\/\/api.w.org\/{rel}","templated":true}]}}