{"id":2824,"date":"2025-06-20T16:12:10","date_gmt":"2025-06-20T16:12:10","guid":{"rendered":"https:\/\/www.strzelnica-magnum.pl\/?post_type=product&#038;p=2824"},"modified":"2025-06-24T10:16:30","modified_gmt":"2025-06-24T10:16:30","slug":"sig-sauer-p365-380-rainbow","status":"publish","type":"product","link":"https:\/\/www.strzelnica-magnum.pl\/en\/uzbrojenie\/bron-krotka\/sig-sauer-p365-380-rainbow\/","title":{"rendered":"Sig Sauer P365 380 Rainbow"},"content":{"rendered":"<p><strong>P365 380 Rainbow<\/strong> <\/p>\n<p>Nowy, ekscytuj\u0105cy P365-380 sta\u0142 si\u0119 jeszcze bardziej ekscytuj\u0105cy dzi\u0119ki nowemu, t\u0119czowemu wyko\u0144czeniu.<\/p>\n<p>Wprowadzaj\u0105c klasyczny styl do linii P365, model P365-380 Rainbow posiada zamek wyko\u0144czony w b\u0142yszcz\u0105cej pow\u0142oce PVD w kolorze t\u0119czy, a tak\u017ce zwalniacz magazynka, bezpiecznik manualny, zatrzask zamka i d\u017awigni\u0119 demonta\u017cu w tym samym wyko\u0144czeniu. Jak wszystkie modele P365-380, zamek posiada demontowaln\u0105 p\u0142ytk\u0119 pod przyrz\u0105dy celownicze, kompatybiln\u0105 ze wszystkimi celownikami ROMEO-X oraz z celownikami o rozstawie monta\u017cowym RMS-C. P365-380 Rainbow jest r\u00f3wnie\u017c standardowo wyposa\u017cony w przyrz\u0105dy celownicze XRAY3 Day\/Night, 10-nabojowy magazynek z p\u0142ask\u0105 stopk\u0105 oraz 10-nabojowy magazynek z przed\u0142u\u017con\u0105 stopk\u0105.<\/p>\n<p>Jako najbardziej mi\u0119kko strzelaj\u0105cy mikro-kompakt na rynku, P365-380 jest idealnym kompanem do codziennego noszenia.<\/p>\n<p><strong>Cena 5 200 z\u0142<\/strong><\/p>\n<p><em>Bro\u0144 palna, amunicja i istotne elementy broni nie s\u0105 sprzedawane on-line. Mo\u017cna je naby\u0107 osobi\u015bcie w naszym sklepie. Warunkiem nabycia broni jest przed\u0142o\u017cenie aktualnego za\u015bwiadczenia (promesy) uprawniaj\u0105cej do zakupu broni oraz dowodu osobistego. Niniejsz\u0105 ofert\u0119 zamieszczamy w celu pogl\u0105dowym. Przed zakupem broni prosimy o kontakt telefoniczny.<\/em><\/p>\n","protected":false},"excerpt":{"rendered":"<p>P365 380 Rainbow Nowy, ekscytuj\u0105cy P365-380 sta\u0142 si\u0119 jeszcze bardziej ekscytuj\u0105cy dzi\u0119ki nowemu, t\u0119czowemu wyko\u0144czeniu. Wprowadzaj\u0105c klasyczny styl do linii P365, model P365-380 Rainbow posiada zamek<span class=\"excerpt-hellip\"> [\u2026]<\/span><\/p>\n","protected":false},"featured_media":2842,"comment_status":"closed","ping_status":"closed","template":"","meta":[],"product_cat":[42,151],"product_tag":[],"class_list":{"0":"post-2824","1":"product","2":"type-product","3":"status-publish","4":"has-post-thumbnail","6":"product_cat-bron-krotka","7":"product_cat-sig-sauer","9":"first","10":"instock","11":"shipping-taxable","12":"product-type-simple"},"_links":{"self":[{"href":"https:\/\/www.strzelnica-magnum.pl\/en\/wp-json\/wp\/v2\/product\/2824","targetHints":{"allow":["GET"]}}],"collection":[{"href":"https:\/\/www.strzelnica-magnum.pl\/en\/wp-json\/wp\/v2\/product"}],"about":[{"href":"https:\/\/www.strzelnica-magnum.pl\/en\/wp-json\/wp\/v2\/types\/product"}],"replies":[{"embeddable":true,"href":"https:\/\/www.strzelnica-magnum.pl\/en\/wp-json\/wp\/v2\/comments?post=2824"}],"wp:featuredmedia":[{"embeddable":true,"href":"https:\/\/www.strzelnica-magnum.pl\/en\/wp-json\/wp\/v2\/media\/2842"}],"wp:attachment":[{"href":"https:\/\/www.strzelnica-magnum.pl\/en\/wp-json\/wp\/v2\/media?parent=2824"}],"wp:term":[{"taxonomy":"product_cat","embeddable":true,"href":"https:\/\/www.strzelnica-magnum.pl\/en\/wp-json\/wp\/v2\/product_cat?post=2824"},{"taxonomy":"product_tag","embeddable":true,"href":"https:\/\/www.strzelnica-magnum.pl\/en\/wp-json\/wp\/v2\/product_tag?post=2824"}],"curies":[{"name":"wp","href":"https:\/\/api.w.org\/{rel}","templated":true}]}}