{"id":2821,"date":"2025-06-20T16:00:06","date_gmt":"2025-06-20T16:00:06","guid":{"rendered":"https:\/\/www.strzelnica-magnum.pl\/?post_type=product&#038;p=2821"},"modified":"2025-06-20T16:00:06","modified_gmt":"2025-06-20T16:00:06","slug":"sig-sauer-p365-380","status":"publish","type":"product","link":"https:\/\/www.strzelnica-magnum.pl\/en\/uzbrojenie\/bron-krotka\/sig-sauer-p365-380\/","title":{"rendered":"Sig Sauer P365-380"},"content":{"rendered":"<p><strong>P365-380<\/strong> wykorzystuje ten sam modu\u0142 chwytu i zesp\u00f3\u0142 mechanizmu spustowego (fire control unit), co popularna wersja 9 mm, ale z l\u017cejszym zamkiem i luf\u0105, co czyni go w pe\u0142ni kompatybilnym ze wszystkimi istniej\u0105cymi kaburami do P365. Dzi\u0119ki zamkowi ze stali nierdzewnej wyko\u0144czonemu pow\u0142ok\u0105 Nitron\u00ae, lufie z pow\u0142ok\u0105 DLC oraz ca\u0142kowicie przeprojektowanej, dwucz\u0119\u015bciowej \u017cerdzi spr\u0119\u017cyny powrotnej, P365-380 jest najtrwalszym pistoletem mikro-kompaktowym kalibru .380 na rynku. Rygorystycznie testowany w SIG SAUER, P365-380 zosta\u0142 zaprojektowany z my\u015bl\u0105 o wszystkich strzelcach, zw\u0142aszcza tych o mniejszych d\u0142oniach oraz tych, dla kt\u00f3rych obs\u0142uga i zarz\u0105dzanie odrzutem w pistoletach kalibru 9 mm stanowi wyzwanie.<\/p>\n<p>Ka\u017cdy P365-380 jest standardowo wyposa\u017cony w trytowe przyrz\u0105dy celownicze SIGLITE\u00ae zapewniaj\u0105ce skuteczne namierzanie celu w ka\u017cdych warunkach o\u015bwietleniowych. Zamek P365-380 posiada wyci\u0119cie pod optyk\u0119 kompatybilne z kolimatorem ROMEO-X COMPACT lub dowolnym innym celownikiem o tym samym rozstawie monta\u017cowym. Dodatkowo, montowane na jask\u00f3\u0142czy ogon przyrz\u0105dy celownicze (przedni i tylny) umo\u017cliwiaj\u0105 efektywne korzystanie z nich w odpowiedniej konfiguracji (co-witnessing). Poniewa\u017c P365-380 dzieli ten sam zesp\u00f3\u0142 mechanizmu spustowego i modu\u0142 chwytu ze wszystkimi standardowymi modelami P365, jest kompatybilny z tymi samymi akcesoriami, takimi jak p\u0142askie j\u0119zyki spustowe, latarki FOXTROT, modu\u0142y chwytu X, itp. Ka\u017cdy pistolet jest dostarczany w zestawie z dwoma 10-nabojowymi magazynkami (jeden z p\u0142ask\u0105 stopk\u0105, drugi z przed\u0142u\u017con\u0105) oraz standardowo z przyrz\u0105dem do \u0142adowania magazynka.<\/p>\n<p>P365-380 to doskona\u0142y pistolet mikro-kompaktowy, oferuj\u0105cy mniejszy odrzut, mniejsz\u0105 si\u0142\u0119 potrzebn\u0105 do prze\u0142adowania zamka i mniej kompromis\u00f3w w pistolecie do codziennego noszenia.<\/p>\n<p>Dost\u0119pny r\u00f3wnie\u017c w wersji MS z bezpiecznikiem zewn\u0119trznym.<br \/>\n<strong>Cena 4 500 z\u0142<\/strong><\/p>\n<p><em>Bro\u0144 palna, amunicja i istotne elementy broni nie s\u0105 sprzedawane on-line. Mo\u017cna je naby\u0107 osobi\u015bcie w naszym sklepie. Warunkiem nabycia broni jest przed\u0142o\u017cenie aktualnego za\u015bwiadczenia (promesy) uprawniaj\u0105cej do zakupu broni oraz dowodu osobistego. Niniejsz\u0105 ofert\u0119 zamieszczamy w celu pogl\u0105dowym. Przed zakupem broni prosimy o kontakt telefoniczny.<\/em><\/p>\n","protected":false},"excerpt":{"rendered":"<p>P365-380 wykorzystuje ten sam modu\u0142 chwytu i zesp\u00f3\u0142 mechanizmu spustowego (fire control unit), co popularna wersja 9 mm, ale z l\u017cejszym zamkiem i luf\u0105, co czyni<span class=\"excerpt-hellip\"> [\u2026]<\/span><\/p>\n","protected":false},"featured_media":2822,"comment_status":"closed","ping_status":"closed","template":"","meta":[],"product_cat":[42,151],"product_tag":[],"class_list":{"0":"post-2821","1":"product","2":"type-product","3":"status-publish","4":"has-post-thumbnail","6":"product_cat-bron-krotka","7":"product_cat-sig-sauer","9":"first","10":"instock","11":"shipping-taxable","12":"product-type-simple"},"_links":{"self":[{"href":"https:\/\/www.strzelnica-magnum.pl\/en\/wp-json\/wp\/v2\/product\/2821","targetHints":{"allow":["GET"]}}],"collection":[{"href":"https:\/\/www.strzelnica-magnum.pl\/en\/wp-json\/wp\/v2\/product"}],"about":[{"href":"https:\/\/www.strzelnica-magnum.pl\/en\/wp-json\/wp\/v2\/types\/product"}],"replies":[{"embeddable":true,"href":"https:\/\/www.strzelnica-magnum.pl\/en\/wp-json\/wp\/v2\/comments?post=2821"}],"wp:featuredmedia":[{"embeddable":true,"href":"https:\/\/www.strzelnica-magnum.pl\/en\/wp-json\/wp\/v2\/media\/2822"}],"wp:attachment":[{"href":"https:\/\/www.strzelnica-magnum.pl\/en\/wp-json\/wp\/v2\/media?parent=2821"}],"wp:term":[{"taxonomy":"product_cat","embeddable":true,"href":"https:\/\/www.strzelnica-magnum.pl\/en\/wp-json\/wp\/v2\/product_cat?post=2821"},{"taxonomy":"product_tag","embeddable":true,"href":"https:\/\/www.strzelnica-magnum.pl\/en\/wp-json\/wp\/v2\/product_tag?post=2821"}],"curies":[{"name":"wp","href":"https:\/\/api.w.org\/{rel}","templated":true}]}}