{"id":2818,"date":"2025-06-20T15:56:27","date_gmt":"2025-06-20T15:56:27","guid":{"rendered":"https:\/\/www.strzelnica-magnum.pl\/?post_type=product&#038;p=2818"},"modified":"2025-06-20T15:56:27","modified_gmt":"2025-06-20T15:56:27","slug":"sig-sauer-p365-axg-legion","status":"publish","type":"product","link":"https:\/\/www.strzelnica-magnum.pl\/en\/uzbrojenie\/bron-krotka\/sig-sauer-p365-axg-legion\/","title":{"rendered":"Sig Sauer P365-AXG Legion"},"content":{"rendered":"<p><strong>P365-AXG Legion<\/strong> <\/p>\n<p>Jak wszystkie pistolety z rodziny LEGION, P365-AXG LEGION uciele\u015bnia to, co reprezentuj\u0105 i czego oczekuj\u0105 jego w\u0142a\u015bciciele: jako\u015b\u0107, innowacj\u0119 i wydajno\u015b\u0107. Przedstawiamy P365 AXG LEGION, wyposa\u017cony w szkielet Macro ze stopu metali z ok\u0142adzinami chwytu G10 Chevron, zamek z wyci\u0119ciem pod optyk\u0119 i zintegrowanym kompensatorem, poszerzony lejek gniazda magazynka (magwell), przyrz\u0105dy celownicze XRAY Night Sights oraz wyko\u0144czenie Legion Cerakote Gray.<\/p>\n<p>To nie jest tylko pierwszy P365 z serii LEGION, to jest doskona\u0142o\u015b\u0107 pistoletu do noszenia, i kropka.<\/p>\n<p>P365-AXG LEGION, No\u015b to, co Ci\u0119 definiuje.<\/p>\n<p><strong>Cena 10 300 z\u0142<\/strong><br \/>\nDost\u0119pny r\u00f3wnie\u017c w wersji z do\u0142\u0105czonym kolimatorem Romeo-X w cenie <strong>12 300 z\u0142<\/strong><\/p>\n<p><em>Bro\u0144 palna, amunicja i istotne elementy broni nie s\u0105 sprzedawane on-line. Mo\u017cna je naby\u0107 osobi\u015bcie w naszym sklepie. Warunkiem nabycia broni jest przed\u0142o\u017cenie aktualnego za\u015bwiadczenia (promesy) uprawniaj\u0105cej do zakupu broni oraz dowodu osobistego. Niniejsz\u0105 ofert\u0119 zamieszczamy w celu pogl\u0105dowym. Przed zakupem broni prosimy o kontakt telefoniczny.<\/em><\/p>\n","protected":false},"excerpt":{"rendered":"<p>P365-AXG Legion Jak wszystkie pistolety z rodziny LEGION, P365-AXG LEGION uciele\u015bnia to, co reprezentuj\u0105 i czego oczekuj\u0105 jego w\u0142a\u015bciciele: jako\u015b\u0107, innowacj\u0119 i wydajno\u015b\u0107. Przedstawiamy P365 AXG<span class=\"excerpt-hellip\"> [\u2026]<\/span><\/p>\n","protected":false},"featured_media":2819,"comment_status":"closed","ping_status":"closed","template":"","meta":[],"product_cat":[42,151],"product_tag":[],"class_list":{"0":"post-2818","1":"product","2":"type-product","3":"status-publish","4":"has-post-thumbnail","6":"product_cat-bron-krotka","7":"product_cat-sig-sauer","9":"first","10":"instock","11":"shipping-taxable","12":"product-type-simple"},"_links":{"self":[{"href":"https:\/\/www.strzelnica-magnum.pl\/en\/wp-json\/wp\/v2\/product\/2818","targetHints":{"allow":["GET"]}}],"collection":[{"href":"https:\/\/www.strzelnica-magnum.pl\/en\/wp-json\/wp\/v2\/product"}],"about":[{"href":"https:\/\/www.strzelnica-magnum.pl\/en\/wp-json\/wp\/v2\/types\/product"}],"replies":[{"embeddable":true,"href":"https:\/\/www.strzelnica-magnum.pl\/en\/wp-json\/wp\/v2\/comments?post=2818"}],"wp:featuredmedia":[{"embeddable":true,"href":"https:\/\/www.strzelnica-magnum.pl\/en\/wp-json\/wp\/v2\/media\/2819"}],"wp:attachment":[{"href":"https:\/\/www.strzelnica-magnum.pl\/en\/wp-json\/wp\/v2\/media?parent=2818"}],"wp:term":[{"taxonomy":"product_cat","embeddable":true,"href":"https:\/\/www.strzelnica-magnum.pl\/en\/wp-json\/wp\/v2\/product_cat?post=2818"},{"taxonomy":"product_tag","embeddable":true,"href":"https:\/\/www.strzelnica-magnum.pl\/en\/wp-json\/wp\/v2\/product_tag?post=2818"}],"curies":[{"name":"wp","href":"https:\/\/api.w.org\/{rel}","templated":true}]}}