{"id":2817,"date":"2025-06-20T15:52:32","date_gmt":"2025-06-20T15:52:32","guid":{"rendered":"https:\/\/www.strzelnica-magnum.pl\/?post_type=product&#038;p=2817"},"modified":"2025-06-20T15:53:11","modified_gmt":"2025-06-20T15:53:11","slug":"sig-sauer-p365-xmacro-comp","status":"publish","type":"product","link":"https:\/\/www.strzelnica-magnum.pl\/en\/uzbrojenie\/bron-krotka\/sig-sauer-p365-xmacro-comp\/","title":{"rendered":"Sig Sauer P365 XMACRO Comp"},"content":{"rendered":"<p><strong>P365 XMACRO Comp<\/strong> <\/p>\n<p>Dzi\u0119ki innowacyjnej konstrukcji nowego magazynka, P365-XMACRO COMP mie\u015bci pe\u0142nowymiarow\u0105 pojemno\u015b\u0107 17+1 naboj\u00f3w w smuk\u0142ym, kultowym profilu P365. P365-XMACRO jest r\u00f3wnie\u017c \u0142atwiejszy w strzelaniu dzi\u0119ki zintegrowanemu kompensatorowi, kt\u00f3ry redukuje podrzut lufy i sprawia, \u017ce kolejne strza\u0142y s\u0105 szybsze i celniejsze. A dzi\u0119ki swojej smuk\u0142ej konstrukcji o szeroko\u015bci 1 cala, P365-XMACRO COMP jest \u0142atwiejszy do ukrycia i wygodniejszy w noszeniu ni\u017c jakikolwiek inny 17-nabojowy pistolet na rynku.<\/p>\n<p><strong>Cena 6 900 z\u0142<\/strong><br \/>\nDost\u0119pny r\u00f3wnie\u017c w wersji z do\u0142\u0105czonym kolimatorem Romeo-X w cenie <strong>8 900 z\u0142<\/strong><\/p>\n<p><em>Bro\u0144 palna, amunicja i istotne elementy broni nie s\u0105 sprzedawane on-line. Mo\u017cna je naby\u0107 osobi\u015bcie w naszym sklepie. Warunkiem nabycia broni jest przed\u0142o\u017cenie aktualnego za\u015bwiadczenia (promesy) uprawniaj\u0105cej do zakupu broni oraz dowodu osobistego. Niniejsz\u0105 ofert\u0119 zamieszczamy w celu pogl\u0105dowym. Przed zakupem broni prosimy o kontakt telefoniczny.<\/em><\/p>\n","protected":false},"excerpt":{"rendered":"<p>P365 XMACRO Comp Dzi\u0119ki innowacyjnej konstrukcji nowego magazynka, P365-XMACRO COMP mie\u015bci pe\u0142nowymiarow\u0105 pojemno\u015b\u0107 17+1 naboj\u00f3w w smuk\u0142ym, kultowym profilu P365. P365-XMACRO jest r\u00f3wnie\u017c \u0142atwiejszy w strzelaniu<span class=\"excerpt-hellip\"> [\u2026]<\/span><\/p>\n","protected":false},"featured_media":2813,"comment_status":"closed","ping_status":"closed","template":"","meta":[],"product_cat":[42,151],"product_tag":[],"class_list":{"0":"post-2817","1":"product","2":"type-product","3":"status-publish","4":"has-post-thumbnail","6":"product_cat-bron-krotka","7":"product_cat-sig-sauer","9":"first","10":"instock","11":"shipping-taxable","12":"product-type-simple"},"_links":{"self":[{"href":"https:\/\/www.strzelnica-magnum.pl\/en\/wp-json\/wp\/v2\/product\/2817","targetHints":{"allow":["GET"]}}],"collection":[{"href":"https:\/\/www.strzelnica-magnum.pl\/en\/wp-json\/wp\/v2\/product"}],"about":[{"href":"https:\/\/www.strzelnica-magnum.pl\/en\/wp-json\/wp\/v2\/types\/product"}],"replies":[{"embeddable":true,"href":"https:\/\/www.strzelnica-magnum.pl\/en\/wp-json\/wp\/v2\/comments?post=2817"}],"wp:featuredmedia":[{"embeddable":true,"href":"https:\/\/www.strzelnica-magnum.pl\/en\/wp-json\/wp\/v2\/media\/2813"}],"wp:attachment":[{"href":"https:\/\/www.strzelnica-magnum.pl\/en\/wp-json\/wp\/v2\/media?parent=2817"}],"wp:term":[{"taxonomy":"product_cat","embeddable":true,"href":"https:\/\/www.strzelnica-magnum.pl\/en\/wp-json\/wp\/v2\/product_cat?post=2817"},{"taxonomy":"product_tag","embeddable":true,"href":"https:\/\/www.strzelnica-magnum.pl\/en\/wp-json\/wp\/v2\/product_tag?post=2817"}],"curies":[{"name":"wp","href":"https:\/\/api.w.org\/{rel}","templated":true}]}}