{"id":2816,"date":"2025-06-20T15:50:16","date_gmt":"2025-06-20T15:50:16","guid":{"rendered":"https:\/\/www.strzelnica-magnum.pl\/?post_type=product&#038;p=2816"},"modified":"2025-06-20T15:50:16","modified_gmt":"2025-06-20T15:50:16","slug":"sig-sauer-p365-xmacro-tacops","status":"publish","type":"product","link":"https:\/\/www.strzelnica-magnum.pl\/en\/uzbrojenie\/bron-krotka\/sig-sauer-p365-xmacro-tacops\/","title":{"rendered":"Sig Sauer P365 XMACRO Tacops"},"content":{"rendered":"<p><strong>P365 XMACRO Tacops<\/strong> <\/p>\n<p>Nowy w rodzinie XMACRO, model XMACRO TACOPS kontynuuje motyw \u201ewi\u0119cej\u201d, oferuj\u0105c w zestawie 4 stalowe magazynki, ca\u0142kowicie now\u0105, ulepszon\u0105 d\u017awigni\u0119 zatrzasku zamka oraz metalowy, poszerzony i demontowalny lejek gniazda magazynka (magwell), aby w pe\u0142ni wykorzysta\u0107 te dodatkowe magazynki. Wyposa\u017cony w zamek o d\u0142ugo\u015bci z modelu P365XL i luf\u0119 3,7 cala, XMACRO TACOPS wprowadza do rodziny pierwszy wariant bez kompensatora, w nowym, wszechstronnym pakiecie.<\/p>\n<p><strong>Cena 6 700 z\u0142<\/strong><\/p>\n<p><em>Bro\u0144 palna, amunicja i istotne elementy broni nie s\u0105 sprzedawane on-line. Mo\u017cna je naby\u0107 osobi\u015bcie w naszym sklepie. Warunkiem nabycia broni jest przed\u0142o\u017cenie aktualnego za\u015bwiadczenia (promesy) uprawniaj\u0105cej do zakupu broni oraz dowodu osobistego. Niniejsz\u0105 ofert\u0119 zamieszczamy w celu pogl\u0105dowym. Przed zakupem broni prosimy o kontakt telefoniczny.<\/em><\/p>\n","protected":false},"excerpt":{"rendered":"<p>P365 XMACRO Tacops Nowy w rodzinie XMACRO, model XMACRO TACOPS kontynuuje motyw \u201ewi\u0119cej\u201d, oferuj\u0105c w zestawie 4 stalowe magazynki, ca\u0142kowicie now\u0105, ulepszon\u0105 d\u017awigni\u0119 zatrzasku zamka oraz<span class=\"excerpt-hellip\"> [\u2026]<\/span><\/p>\n","protected":false},"featured_media":2813,"comment_status":"closed","ping_status":"closed","template":"","meta":[],"product_cat":[42,151],"product_tag":[],"class_list":{"0":"post-2816","1":"product","2":"type-product","3":"status-publish","4":"has-post-thumbnail","6":"product_cat-bron-krotka","7":"product_cat-sig-sauer","9":"first","10":"instock","11":"shipping-taxable","12":"product-type-simple"},"_links":{"self":[{"href":"https:\/\/www.strzelnica-magnum.pl\/en\/wp-json\/wp\/v2\/product\/2816","targetHints":{"allow":["GET"]}}],"collection":[{"href":"https:\/\/www.strzelnica-magnum.pl\/en\/wp-json\/wp\/v2\/product"}],"about":[{"href":"https:\/\/www.strzelnica-magnum.pl\/en\/wp-json\/wp\/v2\/types\/product"}],"replies":[{"embeddable":true,"href":"https:\/\/www.strzelnica-magnum.pl\/en\/wp-json\/wp\/v2\/comments?post=2816"}],"wp:featuredmedia":[{"embeddable":true,"href":"https:\/\/www.strzelnica-magnum.pl\/en\/wp-json\/wp\/v2\/media\/2813"}],"wp:attachment":[{"href":"https:\/\/www.strzelnica-magnum.pl\/en\/wp-json\/wp\/v2\/media?parent=2816"}],"wp:term":[{"taxonomy":"product_cat","embeddable":true,"href":"https:\/\/www.strzelnica-magnum.pl\/en\/wp-json\/wp\/v2\/product_cat?post=2816"},{"taxonomy":"product_tag","embeddable":true,"href":"https:\/\/www.strzelnica-magnum.pl\/en\/wp-json\/wp\/v2\/product_tag?post=2816"}],"curies":[{"name":"wp","href":"https:\/\/api.w.org\/{rel}","templated":true}]}}