{"id":2812,"date":"2025-06-20T15:45:12","date_gmt":"2025-06-20T15:45:12","guid":{"rendered":"https:\/\/www.strzelnica-magnum.pl\/?post_type=product&#038;p=2812"},"modified":"2025-06-20T15:47:44","modified_gmt":"2025-06-20T15:47:44","slug":"sig-sauer-p365-xmacro","status":"publish","type":"product","link":"https:\/\/www.strzelnica-magnum.pl\/en\/uzbrojenie\/bron-krotka\/sig-sauer-p365-xmacro\/","title":{"rendered":"Sig Sauer P365 XMACRO"},"content":{"rendered":"<p><strong>P365 XMACRO<\/strong><br \/>\nP365-XMACRO wnosi WI\u0118CEJ wszystkiego, co uczyni\u0142o P365 najlepiej sprzedaj\u0105cym si\u0119 pistoletem w Ameryce.<\/p>\n<p>To najnowsze rozszerzenie rodziny P365-XMACRO. Wprowadzenie na rynek P365-XMACRO na nowo zdefiniowa\u0142o mo\u017cliwo\u015bci i osi\u0105gi w ma\u0142ej, \u0142atwej do ukrycia formie. Dzi\u0119ki innowacyjnej konstrukcji magazynka, rodzina pistolet\u00f3w P365-XMACRO mie\u015bci pe\u0142nowymiarow\u0105 pojemno\u015b\u0107 17+1 naboj\u00f3w w smuk\u0142ym, kultowym profilu P365. Ten najnowszy dodatek do rodziny XMacro \u0142\u0105czy zamek bez portingu, przystosowany do monta\u017cu optyki (X optic-ready), z luf\u0105 o d\u0142ugo\u015bci 3,7 cala oraz innowacyjnym modu\u0142em chwytu XMacro.<\/p>\n<p>P365-XMACRO jest \u0142atwiejszy do ukrycia i wygodniejszy w noszeniu ni\u017c jakikolwiek inny 17-nabojowy pistolet na rynku.<\/p>\n<p><strong>Cena 5 800 z\u0142<\/strong><br \/>\nDost\u0119pny r\u00f3wnie\u017c w wersji z bezpiecznikiem zewn\u0119trznym.<br \/>\nDost\u0119pny r\u00f3wnie\u017c w wersji z do\u0142\u0105czonym kolimatorem Romeo-X w cenie <strong>8 300 z\u0142<\/strong><\/p>\n<p><em>Bro\u0144 palna, amunicja i istotne elementy broni nie s\u0105 sprzedawane on-line. Mo\u017cna je naby\u0107 osobi\u015bcie w naszym sklepie. Warunkiem nabycia broni jest przed\u0142o\u017cenie aktualnego za\u015bwiadczenia (promesy) uprawniaj\u0105cej do zakupu broni oraz dowodu osobistego. Niniejsz\u0105 ofert\u0119 zamieszczamy w celu pogl\u0105dowym. Przed zakupem broni prosimy o kontakt telefoniczny.<\/em><\/p>\n","protected":false},"excerpt":{"rendered":"<p>P365 XMACRO P365-XMACRO wnosi WI\u0118CEJ wszystkiego, co uczyni\u0142o P365 najlepiej sprzedaj\u0105cym si\u0119 pistoletem w Ameryce. To najnowsze rozszerzenie rodziny P365-XMACRO. Wprowadzenie na rynek P365-XMACRO na nowo<span class=\"excerpt-hellip\"> [\u2026]<\/span><\/p>\n","protected":false},"featured_media":2813,"comment_status":"closed","ping_status":"closed","template":"","meta":[],"product_cat":[42,151],"product_tag":[],"class_list":{"0":"post-2812","1":"product","2":"type-product","3":"status-publish","4":"has-post-thumbnail","6":"product_cat-bron-krotka","7":"product_cat-sig-sauer","9":"first","10":"instock","11":"shipping-taxable","12":"product-type-simple"},"_links":{"self":[{"href":"https:\/\/www.strzelnica-magnum.pl\/en\/wp-json\/wp\/v2\/product\/2812","targetHints":{"allow":["GET"]}}],"collection":[{"href":"https:\/\/www.strzelnica-magnum.pl\/en\/wp-json\/wp\/v2\/product"}],"about":[{"href":"https:\/\/www.strzelnica-magnum.pl\/en\/wp-json\/wp\/v2\/types\/product"}],"replies":[{"embeddable":true,"href":"https:\/\/www.strzelnica-magnum.pl\/en\/wp-json\/wp\/v2\/comments?post=2812"}],"wp:featuredmedia":[{"embeddable":true,"href":"https:\/\/www.strzelnica-magnum.pl\/en\/wp-json\/wp\/v2\/media\/2813"}],"wp:attachment":[{"href":"https:\/\/www.strzelnica-magnum.pl\/en\/wp-json\/wp\/v2\/media?parent=2812"}],"wp:term":[{"taxonomy":"product_cat","embeddable":true,"href":"https:\/\/www.strzelnica-magnum.pl\/en\/wp-json\/wp\/v2\/product_cat?post=2812"},{"taxonomy":"product_tag","embeddable":true,"href":"https:\/\/www.strzelnica-magnum.pl\/en\/wp-json\/wp\/v2\/product_tag?post=2812"}],"curies":[{"name":"wp","href":"https:\/\/api.w.org\/{rel}","templated":true}]}}