{"id":2806,"date":"2025-06-20T15:37:13","date_gmt":"2025-06-20T15:37:13","guid":{"rendered":"https:\/\/www.strzelnica-magnum.pl\/?post_type=product&#038;p=2806"},"modified":"2025-06-20T15:37:13","modified_gmt":"2025-06-20T15:37:13","slug":"sig-sauer-p365x-romeozero-elite","status":"publish","type":"product","link":"https:\/\/www.strzelnica-magnum.pl\/en\/uzbrojenie\/bron-krotka\/sig-sauer\/sig-sauer-p365x-romeozero-elite\/","title":{"rendered":"Sig Sauer P365X ROMEOZero Elite"},"content":{"rendered":"<p><strong>P365X ROMEOZero Elite<\/strong><br \/>\nWyposa\u017cony w luf\u0119 o d\u0142ugo\u015bci 3,1 cala, modu\u0142 chwytu X z 12-nabojowym magazynkiem o p\u0142askiej stopce oraz mikrokolimator ROMEOZero Elite, nowy P365X ROMEOZero Elite wnosi nowy poziom wydajno\u015bci do Twojego zestawu do codziennego noszenia (EDC).<\/p>\n<p>P365 na nowo zdefiniowa\u0142, czym powinien by\u0107 pistolet do skrytego noszenia. Wyposa\u017cony w luf\u0119 o d\u0142ugo\u015bci 3,1 cala, modu\u0142 chwytu X z 12-nabojowym magazynkiem o p\u0142askiej stopce oraz mikrokolimator ROMEOZero Elite, nowy P365X ROMEOZero Elite wnosi nowy poziom wydajno\u015bci do Twojego zestawu do codziennego noszenia (EDC).<\/p>\n<p>Te cechy, wraz z charakterystycznym p\u0142askim j\u0119zykiem spustowym X, s\u0105 standardem w zestawie z zainstalowanym celownikiem ROMEOZero Elite (3 MOA), gotowym do u\u017cycia prosto z pude\u0142ka. P365X ROMEOZero Elite zachowuje wyra\u017an\u0105 i czyst\u0105 prac\u0119 spustu P365, kt\u00f3ra uzupe\u0142nia naturaln\u0105 popraw\u0119 celno\u015bci pistoletu wyposa\u017conego w kolimator. Nigdy wcze\u015bniej tak du\u017ca wszechstronno\u015b\u0107 i tak wielkie mo\u017cliwo\u015bci nie zosta\u0142y zamkni\u0119te w tak doskonale skrytym rozmiarze.<\/p>\n<p><strong>Cena 7 200 z\u0142<\/strong><\/p>\n<p><em>Bro\u0144 palna, amunicja i istotne elementy broni nie s\u0105 sprzedawane on-line. Mo\u017cna je naby\u0107 osobi\u015bcie w naszym sklepie. Warunkiem nabycia broni jest przed\u0142o\u017cenie aktualnego za\u015bwiadczenia (promesy) uprawniaj\u0105cej do zakupu broni oraz dowodu osobistego. Niniejsz\u0105 ofert\u0119 zamieszczamy w celu pogl\u0105dowym. Przed zakupem broni prosimy o kontakt telefoniczny.<\/em><\/p>\n","protected":false},"excerpt":{"rendered":"<p>P365X ROMEOZero Elite Wyposa\u017cony w luf\u0119 o d\u0142ugo\u015bci 3,1 cala, modu\u0142 chwytu X z 12-nabojowym magazynkiem o p\u0142askiej stopce oraz mikrokolimator ROMEOZero Elite, nowy P365X ROMEOZero<span class=\"excerpt-hellip\"> [\u2026]<\/span><\/p>\n","protected":false},"featured_media":2807,"comment_status":"closed","ping_status":"closed","template":"","meta":[],"product_cat":[151,42],"product_tag":[],"class_list":{"0":"post-2806","1":"product","2":"type-product","3":"status-publish","4":"has-post-thumbnail","6":"product_cat-sig-sauer","7":"product_cat-bron-krotka","9":"first","10":"instock","11":"shipping-taxable","12":"product-type-simple"},"_links":{"self":[{"href":"https:\/\/www.strzelnica-magnum.pl\/en\/wp-json\/wp\/v2\/product\/2806","targetHints":{"allow":["GET"]}}],"collection":[{"href":"https:\/\/www.strzelnica-magnum.pl\/en\/wp-json\/wp\/v2\/product"}],"about":[{"href":"https:\/\/www.strzelnica-magnum.pl\/en\/wp-json\/wp\/v2\/types\/product"}],"replies":[{"embeddable":true,"href":"https:\/\/www.strzelnica-magnum.pl\/en\/wp-json\/wp\/v2\/comments?post=2806"}],"wp:featuredmedia":[{"embeddable":true,"href":"https:\/\/www.strzelnica-magnum.pl\/en\/wp-json\/wp\/v2\/media\/2807"}],"wp:attachment":[{"href":"https:\/\/www.strzelnica-magnum.pl\/en\/wp-json\/wp\/v2\/media?parent=2806"}],"wp:term":[{"taxonomy":"product_cat","embeddable":true,"href":"https:\/\/www.strzelnica-magnum.pl\/en\/wp-json\/wp\/v2\/product_cat?post=2806"},{"taxonomy":"product_tag","embeddable":true,"href":"https:\/\/www.strzelnica-magnum.pl\/en\/wp-json\/wp\/v2\/product_tag?post=2806"}],"curies":[{"name":"wp","href":"https:\/\/api.w.org\/{rel}","templated":true}]}}