{"id":2803,"date":"2025-06-20T15:31:58","date_gmt":"2025-06-20T15:31:58","guid":{"rendered":"https:\/\/www.strzelnica-magnum.pl\/?post_type=product&#038;p=2803"},"modified":"2025-06-20T15:31:58","modified_gmt":"2025-06-20T15:31:58","slug":"sig-sauer-p365x","status":"publish","type":"product","link":"https:\/\/www.strzelnica-magnum.pl\/en\/uzbrojenie\/bron-krotka\/sig-sauer\/sig-sauer-p365x\/","title":{"rendered":"Sig Sauer P365X"},"content":{"rendered":"<p><strong>P365X<\/strong><br \/>\nDzi\u0119ki lufie o d\u0142ugo\u015bci 3,1 cala, modu\u0142 chwytu X z 12-nabojowym magazynkiem o p\u0142askiej stopce wnosi nowy poziom wydajno\u015bci do Twojego zestawu do codziennego noszenia (EDC).<\/p>\n<p>P365 na nowo zdefiniowa\u0142, czym powinien by\u0107 pistolet do skrytego noszenia. Wyposa\u017cony w luf\u0119 o d\u0142ugo\u015bci 3,1 cala i modu\u0142 chwytu X z 12-nabojowym magazynkiem o p\u0142askiej stopce.<\/p>\n<p>Dost\u0119pny te\u017c w wersji MS z bezpiecznikiem zewn\u0119trznym.<br \/>\n<strong>Cena 5 200 z\u0142<\/strong><\/p>\n<p><em>Bro\u0144 palna, amunicja i istotne elementy broni nie s\u0105 sprzedawane on-line. Mo\u017cna je naby\u0107 osobi\u015bcie w naszym sklepie. Warunkiem nabycia broni jest przed\u0142o\u017cenie aktualnego za\u015bwiadczenia (promesy) uprawniaj\u0105cej do zakupu broni oraz dowodu osobistego. Niniejsz\u0105 ofert\u0119 zamieszczamy w celu pogl\u0105dowym. Przed zakupem broni prosimy o kontakt telefoniczny.<\/em><\/p>\n","protected":false},"excerpt":{"rendered":"<p>P365X Dzi\u0119ki lufie o d\u0142ugo\u015bci 3,1 cala, modu\u0142 chwytu X z 12-nabojowym magazynkiem o p\u0142askiej stopce wnosi nowy poziom wydajno\u015bci do Twojego zestawu do codziennego noszenia<span class=\"excerpt-hellip\"> [\u2026]<\/span><\/p>\n","protected":false},"featured_media":2804,"comment_status":"closed","ping_status":"closed","template":"","meta":[],"product_cat":[151,42],"product_tag":[],"class_list":{"0":"post-2803","1":"product","2":"type-product","3":"status-publish","4":"has-post-thumbnail","6":"product_cat-sig-sauer","7":"product_cat-bron-krotka","9":"first","10":"instock","11":"shipping-taxable","12":"product-type-simple"},"_links":{"self":[{"href":"https:\/\/www.strzelnica-magnum.pl\/en\/wp-json\/wp\/v2\/product\/2803","targetHints":{"allow":["GET"]}}],"collection":[{"href":"https:\/\/www.strzelnica-magnum.pl\/en\/wp-json\/wp\/v2\/product"}],"about":[{"href":"https:\/\/www.strzelnica-magnum.pl\/en\/wp-json\/wp\/v2\/types\/product"}],"replies":[{"embeddable":true,"href":"https:\/\/www.strzelnica-magnum.pl\/en\/wp-json\/wp\/v2\/comments?post=2803"}],"wp:featuredmedia":[{"embeddable":true,"href":"https:\/\/www.strzelnica-magnum.pl\/en\/wp-json\/wp\/v2\/media\/2804"}],"wp:attachment":[{"href":"https:\/\/www.strzelnica-magnum.pl\/en\/wp-json\/wp\/v2\/media?parent=2803"}],"wp:term":[{"taxonomy":"product_cat","embeddable":true,"href":"https:\/\/www.strzelnica-magnum.pl\/en\/wp-json\/wp\/v2\/product_cat?post=2803"},{"taxonomy":"product_tag","embeddable":true,"href":"https:\/\/www.strzelnica-magnum.pl\/en\/wp-json\/wp\/v2\/product_tag?post=2803"}],"curies":[{"name":"wp","href":"https:\/\/api.w.org\/{rel}","templated":true}]}}