{"id":2799,"date":"2025-06-20T15:24:36","date_gmt":"2025-06-20T15:24:36","guid":{"rendered":"https:\/\/www.strzelnica-magnum.pl\/?post_type=product&#038;p=2799"},"modified":"2025-06-20T15:26:16","modified_gmt":"2025-06-20T15:26:16","slug":"sig-sauer-p365-optic-ready","status":"publish","type":"product","link":"https:\/\/www.strzelnica-magnum.pl\/en\/uzbrojenie\/bron-krotka\/sig-sauer-p365-optic-ready\/","title":{"rendered":"Sig Sauer P365 Optic Ready"},"content":{"rendered":"<p><strong>P365 Optic Ready<\/strong> na nowo zdefiniowa\u0142, czym powinien by\u0107 pistolet do skrytego noszenia, a teraz ten najbardziej skryty pistolet w swojej klasie jest fabrycznie przystosowany do monta\u017cu optyki. Dzi\u0119ki wyci\u0119ciu na zamku umo\u017cliwiaj\u0105cemu bezpo\u015bredni monta\u017c kolimatora ROMEO-X COMPACT, najpopularniejszy pistolet w swojej klasie jest jeszcze bardziej wszechstronny.<\/p>\n<p>P365 to pistolet bezkurkowy (striker-fired), z czyst\u0105 i wyra\u017an\u0105 prac\u0105 spustu, jakiej oczekujesz od SIG-a. Lekki i \u0142atwy do ukrycia, P365 jest zasilany amunicj\u0105 9 mm i przystosowany do amunicji +P. W standardzie znajduj\u0105 si\u0119 przyrz\u0105dy celownicze XRAY3 Day\/Night, 10-nabojowy magazynek o p\u0142askiej stopce oraz 10-nabojowy magazynek z przed\u0142u\u017con\u0105 stopk\u0105. Opcjonalny 12-nabojowy magazynek pozwala na zwi\u0119kszenie ca\u0142kowitej pojemno\u015bci do 13 naboj\u00f3w.<\/p>\n<p>Dost\u0119pny te\u017c w wersji MS z bezpiecznikiem zewn\u0119trznym.<br \/>\n<strong>Cena 4 800 z\u0142<\/strong><\/p>\n<p><em>Bro\u0144 palna, amunicja i istotne elementy broni nie s\u0105 sprzedawane on-line. Mo\u017cna je naby\u0107 osobi\u015bcie w naszym sklepie. Warunkiem nabycia broni jest przed\u0142o\u017cenie aktualnego za\u015bwiadczenia (promesy) uprawniaj\u0105cej do zakupu broni oraz dowodu osobistego. Niniejsz\u0105 ofert\u0119 zamieszczamy w celu pogl\u0105dowym. Przed zakupem broni prosimy o kontakt telefoniczny.<\/em><\/p>\n","protected":false},"excerpt":{"rendered":"<p>P365 Optic Ready na nowo zdefiniowa\u0142, czym powinien by\u0107 pistolet do skrytego noszenia, a teraz ten najbardziej skryty pistolet w swojej klasie jest fabrycznie przystosowany do<span class=\"excerpt-hellip\"> [\u2026]<\/span><\/p>\n","protected":false},"featured_media":2800,"comment_status":"closed","ping_status":"closed","template":"","meta":[],"product_cat":[42,151],"product_tag":[],"class_list":{"0":"post-2799","1":"product","2":"type-product","3":"status-publish","4":"has-post-thumbnail","6":"product_cat-bron-krotka","7":"product_cat-sig-sauer","9":"first","10":"instock","11":"shipping-taxable","12":"product-type-simple"},"_links":{"self":[{"href":"https:\/\/www.strzelnica-magnum.pl\/en\/wp-json\/wp\/v2\/product\/2799","targetHints":{"allow":["GET"]}}],"collection":[{"href":"https:\/\/www.strzelnica-magnum.pl\/en\/wp-json\/wp\/v2\/product"}],"about":[{"href":"https:\/\/www.strzelnica-magnum.pl\/en\/wp-json\/wp\/v2\/types\/product"}],"replies":[{"embeddable":true,"href":"https:\/\/www.strzelnica-magnum.pl\/en\/wp-json\/wp\/v2\/comments?post=2799"}],"wp:featuredmedia":[{"embeddable":true,"href":"https:\/\/www.strzelnica-magnum.pl\/en\/wp-json\/wp\/v2\/media\/2800"}],"wp:attachment":[{"href":"https:\/\/www.strzelnica-magnum.pl\/en\/wp-json\/wp\/v2\/media?parent=2799"}],"wp:term":[{"taxonomy":"product_cat","embeddable":true,"href":"https:\/\/www.strzelnica-magnum.pl\/en\/wp-json\/wp\/v2\/product_cat?post=2799"},{"taxonomy":"product_tag","embeddable":true,"href":"https:\/\/www.strzelnica-magnum.pl\/en\/wp-json\/wp\/v2\/product_tag?post=2799"}],"curies":[{"name":"wp","href":"https:\/\/api.w.org\/{rel}","templated":true}]}}