{"id":2796,"date":"2025-06-20T15:21:43","date_gmt":"2025-06-20T15:21:43","guid":{"rendered":"https:\/\/www.strzelnica-magnum.pl\/?post_type=product&#038;p=2796"},"modified":"2025-06-20T15:21:43","modified_gmt":"2025-06-20T15:21:43","slug":"sig-sauer-p320-nitron-compact","status":"publish","type":"product","link":"https:\/\/www.strzelnica-magnum.pl\/en\/uzbrojenie\/bron-krotka\/sig-sauer-p320-nitron-compact\/","title":{"rendered":"Sig Sauer P320 Nitron Compact"},"content":{"rendered":"<p><strong>P320 Nitron Compact<\/strong> oferuje p\u0142ynn\u0105 i wyra\u017an\u0105 prac\u0119 spustu, aby ka\u017cdy strzelec by\u0142 bardziej celny, intuicyjny 3-punktowy system rozk\u0142adania oraz niezr\u00f3wnan\u0105 modu\u0142owo\u015b\u0107, aby dopasowa\u0107 si\u0119 do ka\u017cdego strzelca i ka\u017cdej sytuacji. Jego kompaktowy szkielet jest idealny do strzelania tarczowego i obrony domu, a tak\u017ce do wielu scenariuszy skrytego noszenia.<\/p>\n<p>Ten modu\u0142owy pistolet bezkurkowy (striker-fired) posiada kompaktowy chwyt, kompaktowy zamek oraz wyb\u00f3r mi\u0119dzy przyrz\u0105dami celowniczymi kontrastowymi lub nocnymi SIGLITE. Dost\u0119pne kalibry to 9mm, .357SIG, .40S&#038;W oraz .45ACP. Funkcje bezpiecze\u0144stwa obejmuj\u0105 blokad\u0119 iglicy oraz roz\u0142\u0105cznik.<\/p>\n<p><strong>Cena 5 600 z\u0142<\/strong><\/p>\n<p><em>Bro\u0144 palna, amunicja i istotne elementy broni nie s\u0105 sprzedawane on-line. Mo\u017cna je naby\u0107 osobi\u015bcie w naszym sklepie. Warunkiem nabycia broni jest przed\u0142o\u017cenie aktualnego za\u015bwiadczenia (promesy) uprawniaj\u0105cej do zakupu broni oraz dowodu osobistego. Niniejsz\u0105 ofert\u0119 zamieszczamy w celu pogl\u0105dowym. Przed zakupem broni prosimy o kontakt telefoniczny.<\/em><\/p>\n","protected":false},"excerpt":{"rendered":"<p>P320 Nitron Compact oferuje p\u0142ynn\u0105 i wyra\u017an\u0105 prac\u0119 spustu, aby ka\u017cdy strzelec by\u0142 bardziej celny, intuicyjny 3-punktowy system rozk\u0142adania oraz niezr\u00f3wnan\u0105 modu\u0142owo\u015b\u0107, aby dopasowa\u0107 si\u0119 do<span class=\"excerpt-hellip\"> [\u2026]<\/span><\/p>\n","protected":false},"featured_media":2797,"comment_status":"closed","ping_status":"closed","template":"","meta":[],"product_cat":[42,151],"product_tag":[],"class_list":{"0":"post-2796","1":"product","2":"type-product","3":"status-publish","4":"has-post-thumbnail","6":"product_cat-bron-krotka","7":"product_cat-sig-sauer","9":"first","10":"instock","11":"shipping-taxable","12":"product-type-simple"},"_links":{"self":[{"href":"https:\/\/www.strzelnica-magnum.pl\/en\/wp-json\/wp\/v2\/product\/2796","targetHints":{"allow":["GET"]}}],"collection":[{"href":"https:\/\/www.strzelnica-magnum.pl\/en\/wp-json\/wp\/v2\/product"}],"about":[{"href":"https:\/\/www.strzelnica-magnum.pl\/en\/wp-json\/wp\/v2\/types\/product"}],"replies":[{"embeddable":true,"href":"https:\/\/www.strzelnica-magnum.pl\/en\/wp-json\/wp\/v2\/comments?post=2796"}],"wp:featuredmedia":[{"embeddable":true,"href":"https:\/\/www.strzelnica-magnum.pl\/en\/wp-json\/wp\/v2\/media\/2797"}],"wp:attachment":[{"href":"https:\/\/www.strzelnica-magnum.pl\/en\/wp-json\/wp\/v2\/media?parent=2796"}],"wp:term":[{"taxonomy":"product_cat","embeddable":true,"href":"https:\/\/www.strzelnica-magnum.pl\/en\/wp-json\/wp\/v2\/product_cat?post=2796"},{"taxonomy":"product_tag","embeddable":true,"href":"https:\/\/www.strzelnica-magnum.pl\/en\/wp-json\/wp\/v2\/product_tag?post=2796"}],"curies":[{"name":"wp","href":"https:\/\/api.w.org\/{rel}","templated":true}]}}