{"id":2793,"date":"2025-06-20T15:17:45","date_gmt":"2025-06-20T15:17:45","guid":{"rendered":"https:\/\/www.strzelnica-magnum.pl\/?post_type=product&#038;p=2793"},"modified":"2025-06-20T15:17:45","modified_gmt":"2025-06-20T15:17:45","slug":"sig-sauer-p320-xcompact-2","status":"publish","type":"product","link":"https:\/\/www.strzelnica-magnum.pl\/en\/uzbrojenie\/bron-krotka\/sig-sauer-p320-xcompact-2\/","title":{"rendered":"Sig Sauer P320-XCompact"},"content":{"rendered":"<p><strong>P320-XCompact<\/strong> <\/p>\n<p>Ergonomia i osi\u0105gi sta\u0142y si\u0119 standardem w serii P320 X. Teraz wszystkie te cechy s\u0105 dost\u0119pne w rozmiarze kompaktowym. P320-XCOMPACT posiada ca\u0142kowicie przeprojektowany, modu\u0142owy, polimerowy chwyt XCompact ze zredukowanym wyci\u0119ciem typu &#8220;fastback&#8221; u\u0142atwiaj\u0105cym noszenie oraz z niskoprofilowym wewn\u0119trznym lejkiem do magazynka (magwell). W po\u0142\u0105czeniu z przed\u0142u\u017conym \u201ebobrzym ogonem\u201d (beavertail) i wysokim podci\u0119ciem pod kab\u0142\u0105kiem spustowym, XCOMPACT oferuje najwy\u017cszy komfort i \u0142atwo\u015b\u0107 ukrycia oraz poprawion\u0105 kontrol\u0119 odrzutu.<\/p>\n<p>Lufa o d\u0142ugo\u015bci 3,6 cala i zamek X z ulepszonymi naci\u0119ciami s\u0105 wyposa\u017cone w muszk\u0119 X-Ray3 dzie\u0144\/noc oraz zesp\u00f3\u0142 p\u0142ytki z tylnym przyrz\u0105dem nocnym. XCOMPACT jest w pe\u0142ni kompatybilny z nowym kolimatorem ROMEO1PRO i jest dostarczany z dwoma (2) 15-nabojowymi magazynkami. P320-XCOMPACT to ostateczna r\u00f3wnowaga mi\u0119dzy form\u0105 a funkcj\u0105, kt\u00f3ra na nowo definiuje, czym powinny by\u0107 pistolety kompaktowe.<\/p>\n<p><strong>Cena 8 400 z\u0142<\/strong><\/p>\n<p><em>Bro\u0144 palna, amunicja i istotne elementy broni nie s\u0105 sprzedawane on-line. Mo\u017cna je naby\u0107 osobi\u015bcie w naszym sklepie. Warunkiem nabycia broni jest przed\u0142o\u017cenie aktualnego za\u015bwiadczenia (promesy) uprawniaj\u0105cej do zakupu broni oraz dowodu osobistego. Niniejsz\u0105 ofert\u0119 zamieszczamy w celu pogl\u0105dowym. Przed zakupem broni prosimy o kontakt telefoniczny.<\/em><\/p>\n","protected":false},"excerpt":{"rendered":"<p>P320-XCompact Ergonomia i osi\u0105gi sta\u0142y si\u0119 standardem w serii P320 X. Teraz wszystkie te cechy s\u0105 dost\u0119pne w rozmiarze kompaktowym. P320-XCOMPACT posiada ca\u0142kowicie przeprojektowany, modu\u0142owy, polimerowy<span class=\"excerpt-hellip\"> [\u2026]<\/span><\/p>\n","protected":false},"featured_media":2794,"comment_status":"closed","ping_status":"closed","template":"","meta":[],"product_cat":[42,151],"product_tag":[],"class_list":{"0":"post-2793","1":"product","2":"type-product","3":"status-publish","4":"has-post-thumbnail","6":"product_cat-bron-krotka","7":"product_cat-sig-sauer","9":"first","10":"instock","11":"shipping-taxable","12":"product-type-simple"},"_links":{"self":[{"href":"https:\/\/www.strzelnica-magnum.pl\/en\/wp-json\/wp\/v2\/product\/2793","targetHints":{"allow":["GET"]}}],"collection":[{"href":"https:\/\/www.strzelnica-magnum.pl\/en\/wp-json\/wp\/v2\/product"}],"about":[{"href":"https:\/\/www.strzelnica-magnum.pl\/en\/wp-json\/wp\/v2\/types\/product"}],"replies":[{"embeddable":true,"href":"https:\/\/www.strzelnica-magnum.pl\/en\/wp-json\/wp\/v2\/comments?post=2793"}],"wp:featuredmedia":[{"embeddable":true,"href":"https:\/\/www.strzelnica-magnum.pl\/en\/wp-json\/wp\/v2\/media\/2794"}],"wp:attachment":[{"href":"https:\/\/www.strzelnica-magnum.pl\/en\/wp-json\/wp\/v2\/media?parent=2793"}],"wp:term":[{"taxonomy":"product_cat","embeddable":true,"href":"https:\/\/www.strzelnica-magnum.pl\/en\/wp-json\/wp\/v2\/product_cat?post=2793"},{"taxonomy":"product_tag","embeddable":true,"href":"https:\/\/www.strzelnica-magnum.pl\/en\/wp-json\/wp\/v2\/product_tag?post=2793"}],"curies":[{"name":"wp","href":"https:\/\/api.w.org\/{rel}","templated":true}]}}