{"id":2787,"date":"2025-06-20T15:02:34","date_gmt":"2025-06-20T15:02:34","guid":{"rendered":"https:\/\/www.strzelnica-magnum.pl\/?post_type=product&#038;p=2787"},"modified":"2025-06-20T15:02:34","modified_gmt":"2025-06-20T15:02:34","slug":"sig-sauer-p320-xten-comp","status":"publish","type":"product","link":"https:\/\/www.strzelnica-magnum.pl\/en\/uzbrojenie\/bron-krotka\/sig-sauer-p320-xten-comp\/","title":{"rendered":"Sig Sauer P320-XTEN Comp"},"content":{"rendered":"<p><strong>P320-XTEN Comp<\/strong> <\/p>\n<p>Pierwszy P320-XTEN COMP od SIG SAUER w rozmiarze &#8220;carry&#8221;. P320-XTEN COMP posiada zintegrowany z zamkiem kompensator, tworz\u0105c najlepszy zestaw do noszenia w kalibrze 10MM dla my\u015bliwych, w\u0119drowc\u00f3w i w\u0119dkarzy poruszaj\u0105cych si\u0119 w dzikim terenie. Zamek P320-XTEN COMP ma d\u0142ugo\u015b\u0107 odpowiadaj\u0105c\u0105 modelowi P320 z luf\u0105 4,25 cala, ale zamiast tego jest wyposa\u017cony w jednokomorowy kompensator zintegrowany z zamkiem, po\u0142\u0105czony z 3,8-calow\u0105 grubo\u015bcienn\u0105 luf\u0105 typu &#8220;bull barrel&#8221;, co pozwala na maksymalny komfort i kontrol\u0119 podczas strzelania.<\/p>\n<p>W po\u0142\u0105czeniu z 15-nabojowym magazynkiem, nowy P320-XTEN COMP zapewnia maksymaln\u0105 pojemno\u015b\u0107 i \u0142atwo\u015b\u0107 prowadzenia ognia w ultrakompaktowej konstrukcji, aby da\u0107 Ci spok\u00f3j ducha podczas nast\u0119pnej przygody w terenie.<\/p>\n<p><strong>Cena 8 000 z\u0142<\/strong><\/p>\n<p><em>Bro\u0144 palna, amunicja i istotne elementy broni nie s\u0105 sprzedawane on-line. Mo\u017cna je naby\u0107 osobi\u015bcie w naszym sklepie. Warunkiem nabycia broni jest przed\u0142o\u017cenie aktualnego za\u015bwiadczenia (promesy) uprawniaj\u0105cej do zakupu broni oraz dowodu osobistego. Niniejsz\u0105 ofert\u0119 zamieszczamy w celu pogl\u0105dowym. Przed zakupem broni prosimy o kontakt telefoniczny.<\/em><\/p>\n","protected":false},"excerpt":{"rendered":"<p>P320-XTEN Comp Pierwszy P320-XTEN COMP od SIG SAUER w rozmiarze &#8220;carry&#8221;. P320-XTEN COMP posiada zintegrowany z zamkiem kompensator, tworz\u0105c najlepszy zestaw do noszenia w kalibrze 10MM<span class=\"excerpt-hellip\"> [\u2026]<\/span><\/p>\n","protected":false},"featured_media":2788,"comment_status":"closed","ping_status":"closed","template":"","meta":[],"product_cat":[42,151],"product_tag":[],"class_list":{"0":"post-2787","1":"product","2":"type-product","3":"status-publish","4":"has-post-thumbnail","6":"product_cat-bron-krotka","7":"product_cat-sig-sauer","9":"first","10":"instock","11":"shipping-taxable","12":"product-type-simple"},"_links":{"self":[{"href":"https:\/\/www.strzelnica-magnum.pl\/en\/wp-json\/wp\/v2\/product\/2787","targetHints":{"allow":["GET"]}}],"collection":[{"href":"https:\/\/www.strzelnica-magnum.pl\/en\/wp-json\/wp\/v2\/product"}],"about":[{"href":"https:\/\/www.strzelnica-magnum.pl\/en\/wp-json\/wp\/v2\/types\/product"}],"replies":[{"embeddable":true,"href":"https:\/\/www.strzelnica-magnum.pl\/en\/wp-json\/wp\/v2\/comments?post=2787"}],"wp:featuredmedia":[{"embeddable":true,"href":"https:\/\/www.strzelnica-magnum.pl\/en\/wp-json\/wp\/v2\/media\/2788"}],"wp:attachment":[{"href":"https:\/\/www.strzelnica-magnum.pl\/en\/wp-json\/wp\/v2\/media?parent=2787"}],"wp:term":[{"taxonomy":"product_cat","embeddable":true,"href":"https:\/\/www.strzelnica-magnum.pl\/en\/wp-json\/wp\/v2\/product_cat?post=2787"},{"taxonomy":"product_tag","embeddable":true,"href":"https:\/\/www.strzelnica-magnum.pl\/en\/wp-json\/wp\/v2\/product_tag?post=2787"}],"curies":[{"name":"wp","href":"https:\/\/api.w.org\/{rel}","templated":true}]}}