{"id":2784,"date":"2025-06-20T14:58:52","date_gmt":"2025-06-20T14:58:52","guid":{"rendered":"https:\/\/www.strzelnica-magnum.pl\/?post_type=product&#038;p=2784"},"modified":"2025-06-20T14:58:52","modified_gmt":"2025-06-20T14:58:52","slug":"sig-sauer-p320-x-carry-legion","status":"publish","type":"product","link":"https:\/\/www.strzelnica-magnum.pl\/en\/uzbrojenie\/bron-krotka\/sig-sauer-p320-x-carry-legion\/","title":{"rendered":"Sig Sauer P320 X Carry Legion"},"content":{"rendered":"<p><strong>P320 X Carry Legion<\/strong> to idealna r\u00f3wnowaga mi\u0119dzy osi\u0105gami a praktyczno\u015bci\u0105. Dzi\u0119ki innowacyjnemu modu\u0142owi chwytu TXG XCARRY, waga pistoletu z pustym magazynkiem przekracza 40 uncji (ok. 1134 g), co skutkuje nawet o 50% mniejszym podrzutem lufy w por\u00f3wnaniu do pistolet\u00f3w polimerowych o podobnej wielko\u015bci. Op\u00f3r spustu w XCARRY LEGION jest do 30% l\u017cejszy dzi\u0119ki nowemu, szkieletowemu j\u0119zykowi spustowemu, co zwi\u0119ksza szybko\u015b\u0107 i celno\u015b\u0107 strzelania. Charakterystyczne wyko\u0144czenie LEGION Gray jest standardem, podobnie jak oznaczenia LEGION na p\u0142ytce pod przyrz\u0105dy celownicze oraz na wszystkich trzech stopkach magazynk\u00f3w z anodyzowanego aluminium od Henning Group\u00ae.<\/p>\n<p>Gwintowana lufa o d\u0142ugo\u015bci 4,6 cala (z gwintem 1\/2X28) oraz w pe\u0142ni regulowane przyrz\u0105dy celownicze XRAY3 dzie\u0144\/noc tworz\u0105 idealn\u0105 platform\u0119 do strzelania z t\u0142umikiem. Od\u0142\u0105czany, powi\u0119kszony lejek gniazda magazynka (magwell) oraz zamek przystosowany do monta\u017cu optyki, kompatybilny z ROMEO1PRO, ROMEO2, a tak\u017ce z celownikami o rozstawie monta\u017cowym PRO i RMR, czyni\u0105 z P320 XCARRY LEGION jeden z najbardziej wszechstronnych pistolet\u00f3w bojowych na \u015bwiecie.<\/p>\n<p><strong>Cena 8 800 z\u0142<\/strong><\/p>\n<p><em>Bro\u0144 palna, amunicja i istotne elementy broni nie s\u0105 sprzedawane on-line. Mo\u017cna je naby\u0107 osobi\u015bcie w naszym sklepie. Warunkiem nabycia broni jest przed\u0142o\u017cenie aktualnego za\u015bwiadczenia (promesy) uprawniaj\u0105cej do zakupu broni oraz dowodu osobistego. Niniejsz\u0105 ofert\u0119 zamieszczamy w celu pogl\u0105dowym. Przed zakupem broni prosimy o kontakt telefoniczny.<\/em><\/p>\n","protected":false},"excerpt":{"rendered":"<p>P320 X Carry Legion to idealna r\u00f3wnowaga mi\u0119dzy osi\u0105gami a praktyczno\u015bci\u0105. Dzi\u0119ki innowacyjnemu modu\u0142owi chwytu TXG XCARRY, waga pistoletu z pustym magazynkiem przekracza 40 uncji (ok.<span class=\"excerpt-hellip\"> [\u2026]<\/span><\/p>\n","protected":false},"featured_media":2785,"comment_status":"closed","ping_status":"closed","template":"","meta":[],"product_cat":[42,151],"product_tag":[],"class_list":{"0":"post-2784","1":"product","2":"type-product","3":"status-publish","4":"has-post-thumbnail","6":"product_cat-bron-krotka","7":"product_cat-sig-sauer","9":"first","10":"instock","11":"shipping-taxable","12":"product-type-simple"},"_links":{"self":[{"href":"https:\/\/www.strzelnica-magnum.pl\/en\/wp-json\/wp\/v2\/product\/2784","targetHints":{"allow":["GET"]}}],"collection":[{"href":"https:\/\/www.strzelnica-magnum.pl\/en\/wp-json\/wp\/v2\/product"}],"about":[{"href":"https:\/\/www.strzelnica-magnum.pl\/en\/wp-json\/wp\/v2\/types\/product"}],"replies":[{"embeddable":true,"href":"https:\/\/www.strzelnica-magnum.pl\/en\/wp-json\/wp\/v2\/comments?post=2784"}],"wp:featuredmedia":[{"embeddable":true,"href":"https:\/\/www.strzelnica-magnum.pl\/en\/wp-json\/wp\/v2\/media\/2785"}],"wp:attachment":[{"href":"https:\/\/www.strzelnica-magnum.pl\/en\/wp-json\/wp\/v2\/media?parent=2784"}],"wp:term":[{"taxonomy":"product_cat","embeddable":true,"href":"https:\/\/www.strzelnica-magnum.pl\/en\/wp-json\/wp\/v2\/product_cat?post=2784"},{"taxonomy":"product_tag","embeddable":true,"href":"https:\/\/www.strzelnica-magnum.pl\/en\/wp-json\/wp\/v2\/product_tag?post=2784"}],"curies":[{"name":"wp","href":"https:\/\/api.w.org\/{rel}","templated":true}]}}