{"id":2778,"date":"2025-06-20T14:47:12","date_gmt":"2025-06-20T14:47:12","guid":{"rendered":"https:\/\/www.strzelnica-magnum.pl\/?post_type=product&#038;p=2778"},"modified":"2025-06-20T14:47:12","modified_gmt":"2025-06-20T14:47:12","slug":"sig-sauer-p320-m18","status":"publish","type":"product","link":"https:\/\/www.strzelnica-magnum.pl\/en\/uzbrojenie\/bron-krotka\/sig-sauer-p320-m18\/","title":{"rendered":"Sig Sauer P320 M18"},"content":{"rendered":"<p><strong>P320 M18<\/strong>  <\/p>\n<p>Ten dodatek do rodziny SIG P320 wnosi wszystkie cechy pistolet\u00f3w serii X do pistoletu w stylu &#8220;carry&#8221; w kalibrze 10 mm, przeznaczonego dla strzelc\u00f3w i my\u015bliwych poszukuj\u0105cych osi\u0105g\u00f3w do pot\u0119gi dziesi\u0105tej. P320-XTEN jest standardowo wyposa\u017cony w 5-calow\u0105 grubo\u015bcienn\u0105 luf\u0119 typu &#8220;bull barrel&#8221;, przyrz\u0105dy celownicze Xray3 dzie\u0144\/noc oraz zamek X przystosowany do monta\u017cu optyki, z naci\u0119ciami z przodu i z ty\u0142u.<\/p>\n<p>Dla tych, kt\u00f3rzy szukaj\u0105 jeszcze wi\u0119kszej precyzji, ka\u017cdy P320-XTEN jest przystosowany do monta\u017cu optyki i kompatybilny z kolimatorem SIG SAUER ROMEO2, kt\u00f3ry zosta\u0142 zaprojektowany, aby wytrzyma\u0107 surowe traktowanie, jakie narzuca nab\u00f3j 10 mm. Aby zredukowa\u0107 odrzut, ca\u0142kowicie przeprojektowany polimerowy modu\u0142 chwytu X zapewnia pewny chwyt i posiada teksturowane wyko\u0144czenie (stippling), co sprawia, \u017ce strzelanie jest komfortowe z ka\u017cdego rodzaju amunicji. Ka\u017cdy P320-XTEN jest standardowo dostarczany z dwoma 15-nabojowymi magazynkami. Nowy SIG P320-XTEN wznosi osi\u0105gi do pot\u0119gi dziesi\u0105tej.<\/p>\n<p><strong>Cena 5 600 z\u0142<\/strong><\/p>\n<p><em>Bro\u0144 palna, amunicja i istotne elementy broni nie s\u0105 sprzedawane on-line. Mo\u017cna je naby\u0107 osobi\u015bcie w naszym sklepie. Warunkiem nabycia broni jest przed\u0142o\u017cenie aktualnego za\u015bwiadczenia (promesy) uprawniaj\u0105cej do zakupu broni oraz dowodu osobistego. Niniejsz\u0105 ofert\u0119 zamieszczamy w celu pogl\u0105dowym. Przed zakupem broni prosimy o kontakt telefoniczny.<\/em><\/p>\n","protected":false},"excerpt":{"rendered":"<p>P320 M18 Ten dodatek do rodziny SIG P320 wnosi wszystkie cechy pistolet\u00f3w serii X do pistoletu w stylu &#8220;carry&#8221; w kalibrze 10 mm, przeznaczonego dla strzelc\u00f3w<span class=\"excerpt-hellip\"> [\u2026]<\/span><\/p>\n","protected":false},"featured_media":2779,"comment_status":"closed","ping_status":"closed","template":"","meta":[],"product_cat":[42,151],"product_tag":[],"class_list":{"0":"post-2778","1":"product","2":"type-product","3":"status-publish","4":"has-post-thumbnail","6":"product_cat-bron-krotka","7":"product_cat-sig-sauer","9":"first","10":"instock","11":"shipping-taxable","12":"product-type-simple"},"_links":{"self":[{"href":"https:\/\/www.strzelnica-magnum.pl\/en\/wp-json\/wp\/v2\/product\/2778","targetHints":{"allow":["GET"]}}],"collection":[{"href":"https:\/\/www.strzelnica-magnum.pl\/en\/wp-json\/wp\/v2\/product"}],"about":[{"href":"https:\/\/www.strzelnica-magnum.pl\/en\/wp-json\/wp\/v2\/types\/product"}],"replies":[{"embeddable":true,"href":"https:\/\/www.strzelnica-magnum.pl\/en\/wp-json\/wp\/v2\/comments?post=2778"}],"wp:featuredmedia":[{"embeddable":true,"href":"https:\/\/www.strzelnica-magnum.pl\/en\/wp-json\/wp\/v2\/media\/2779"}],"wp:attachment":[{"href":"https:\/\/www.strzelnica-magnum.pl\/en\/wp-json\/wp\/v2\/media?parent=2778"}],"wp:term":[{"taxonomy":"product_cat","embeddable":true,"href":"https:\/\/www.strzelnica-magnum.pl\/en\/wp-json\/wp\/v2\/product_cat?post=2778"},{"taxonomy":"product_tag","embeddable":true,"href":"https:\/\/www.strzelnica-magnum.pl\/en\/wp-json\/wp\/v2\/product_tag?post=2778"}],"curies":[{"name":"wp","href":"https:\/\/api.w.org\/{rel}","templated":true}]}}