{"id":2766,"date":"2025-06-20T14:13:08","date_gmt":"2025-06-20T14:13:08","guid":{"rendered":"https:\/\/www.strzelnica-magnum.pl\/?post_type=product&#038;p=2766"},"modified":"2025-06-20T14:13:08","modified_gmt":"2025-06-20T14:13:08","slug":"sig-sauer-p320-xfive-sxg","status":"publish","type":"product","link":"https:\/\/www.strzelnica-magnum.pl\/en\/uzbrojenie\/bron-krotka\/sig-sauer-p320-xfive-sxg\/","title":{"rendered":"Sig Sauer P320-XFIVE SXG"},"content":{"rendered":"<p><strong>P320-XFIVE SXG<\/strong>  &#8211; najlepszy, ci\u0119\u017cki, metalowy pistolet sportowy ze stalowym szkieletem, wa\u017c\u0105cy prawie 50 uncji (ok. 1417 g) litej stali dla maksymalnego ograniczenia odrzutu.<\/p>\n<p>Zaprojektowany, aby dostarcza\u0107 niezr\u00f3wnane osi\u0105gi i precyzj\u0119, P320 XFIVE SXG wnosi idealne po\u0142\u0105czenie wywa\u017cenia i wagi, aby ograniczy\u0107 odczuwalny odrzut i podrzut lufy, daj\u0105c Ci najszybciej i najbardziej p\u0142asko strzelaj\u0105cy pistolet P320.<\/p>\n<p>Wyposa\u017cony w 5-calow\u0105 grubo\u015bcienn\u0105 luf\u0119 typu &#8220;bull barrel&#8221;, wymienne spr\u0119\u017cyny w stylu 1911, agresywne ok\u0142adziny chwytu G10 LOK dla spersonalizowanej ergonomii oraz modu\u0142 chwytu SXG z litej stali, P320 XFIVE SXG zosta\u0142 zaprojektowany, aby zapewnia\u0107 przewag\u0119 w rywalizacji, gdzie u\u0142amki sekund mog\u0105 czyni\u0107 ogromn\u0105 r\u00f3\u017cnic\u0119.<\/p>\n<p><strong>Cena 15 000 z\u0142<\/strong><\/p>\n<p><em>Bro\u0144 palna, amunicja i istotne elementy broni nie s\u0105 sprzedawane on-line. Mo\u017cna je naby\u0107 osobi\u015bcie w naszym sklepie. Warunkiem nabycia broni jest przed\u0142o\u017cenie aktualnego za\u015bwiadczenia (promesy) uprawniaj\u0105cej do zakupu broni oraz dowodu osobistego. Niniejsz\u0105 ofert\u0119 zamieszczamy w celu pogl\u0105dowym. Przed zakupem broni prosimy o kontakt telefoniczny.<\/em><\/p>\n","protected":false},"excerpt":{"rendered":"<p>P320-XFIVE SXG &#8211; najlepszy, ci\u0119\u017cki, metalowy pistolet sportowy ze stalowym szkieletem, wa\u017c\u0105cy prawie 50 uncji (ok. 1417 g) litej stali dla maksymalnego ograniczenia odrzutu. Zaprojektowany, aby<span class=\"excerpt-hellip\"> [\u2026]<\/span><\/p>\n","protected":false},"featured_media":2767,"comment_status":"closed","ping_status":"closed","template":"","meta":[],"product_cat":[42,151],"product_tag":[],"class_list":{"0":"post-2766","1":"product","2":"type-product","3":"status-publish","4":"has-post-thumbnail","6":"product_cat-bron-krotka","7":"product_cat-sig-sauer","9":"first","10":"instock","11":"shipping-taxable","12":"product-type-simple"},"_links":{"self":[{"href":"https:\/\/www.strzelnica-magnum.pl\/en\/wp-json\/wp\/v2\/product\/2766","targetHints":{"allow":["GET"]}}],"collection":[{"href":"https:\/\/www.strzelnica-magnum.pl\/en\/wp-json\/wp\/v2\/product"}],"about":[{"href":"https:\/\/www.strzelnica-magnum.pl\/en\/wp-json\/wp\/v2\/types\/product"}],"replies":[{"embeddable":true,"href":"https:\/\/www.strzelnica-magnum.pl\/en\/wp-json\/wp\/v2\/comments?post=2766"}],"wp:featuredmedia":[{"embeddable":true,"href":"https:\/\/www.strzelnica-magnum.pl\/en\/wp-json\/wp\/v2\/media\/2767"}],"wp:attachment":[{"href":"https:\/\/www.strzelnica-magnum.pl\/en\/wp-json\/wp\/v2\/media?parent=2766"}],"wp:term":[{"taxonomy":"product_cat","embeddable":true,"href":"https:\/\/www.strzelnica-magnum.pl\/en\/wp-json\/wp\/v2\/product_cat?post=2766"},{"taxonomy":"product_tag","embeddable":true,"href":"https:\/\/www.strzelnica-magnum.pl\/en\/wp-json\/wp\/v2\/product_tag?post=2766"}],"curies":[{"name":"wp","href":"https:\/\/api.w.org\/{rel}","templated":true}]}}