{"id":2763,"date":"2025-06-20T14:08:57","date_gmt":"2025-06-20T14:08:57","guid":{"rendered":"https:\/\/www.strzelnica-magnum.pl\/?post_type=product&#038;p=2763"},"modified":"2025-06-20T14:09:36","modified_gmt":"2025-06-20T14:09:36","slug":"sig-sauer-p320-flux-legion","status":"publish","type":"product","link":"https:\/\/www.strzelnica-magnum.pl\/en\/uzbrojenie\/bron-krotka\/sig-sauer\/sig-sauer-p320-flux-legion\/","title":{"rendered":"Sig Sauer P320-Flux Legion"},"content":{"rendered":"<p><strong>P320-Flux Legion<\/strong> <\/p>\n<p>Seria LEGION od SIG SAUER rozszerza si\u0119 o kompletny pakiet P320-FLUX. Ta w pe\u0142ni modu\u0142owa platforma jest dostarczana w komplecie z chassis FLUX w kolorze LEGION gray, modu\u0142em mechanizmu spustowego (FCU) P320, szkieletowym spustem LEGION oraz zintegrowanym zamkiem LEGION z kompensatorem.<\/p>\n<p>P320-FLUX LEGION \u0142\u0105czy pistolet kalibru 9 mm z platform\u0105 w stylu PCC (Pistol Caliber Carbine), zapewniaj\u0105c szybko\u015b\u0107, zwrotno\u015b\u0107 i mo\u017cliwo\u015b\u0107 ukrycia pistoletu w po\u0142\u0105czeniu ze stabilno\u015bci\u0105 karabinka.<\/p>\n<p>Zaprojektowany na podstawie opinii cz\u0142onk\u00f3w spo\u0142eczno\u015bci si\u0142 specjalnych, P320-FLUX LEGION oferuje szereg innowacyjnych funkcji i ulepsze\u0144, w tym szybko rozk\u0142adan\u0105 za pomoc\u0105 jednego palca, spr\u0119\u017cynow\u0105 opor\u0119 (brace), zintegrowany, poszerzony lejek gniazda magazynka (magwell), przedni\u0105 szyn\u0119 Picatinny do monta\u017cu r\u00f3\u017cnorodnych akcesori\u00f3w, obustronny bezpiecznik, podw\u00f3jny system zwalniania magazynka, dwa 30-nabojowe magazynki oraz nieruchom\u0105 szyn\u0119 Picatinny do monta\u017cu optyki, zapewniaj\u0105c\u0105 nieograniczone mo\u017cliwo\u015bci personalizacji.<\/p>\n<p><strong>Cena 12 500 z\u0142<\/strong><\/p>\n<p><em>Bro\u0144 palna, amunicja i istotne elementy broni nie s\u0105 sprzedawane on-line. Mo\u017cna je naby\u0107 osobi\u015bcie w naszym sklepie. Warunkiem nabycia broni jest przed\u0142o\u017cenie aktualnego za\u015bwiadczenia (promesy) uprawniaj\u0105cej do zakupu broni oraz dowodu osobistego. Niniejsz\u0105 ofert\u0119 zamieszczamy w celu pogl\u0105dowym. Przed zakupem broni prosimy o kontakt telefoniczny.<\/em><\/p>\n","protected":false},"excerpt":{"rendered":"<p>P320-Flux Legion Seria LEGION od SIG SAUER rozszerza si\u0119 o kompletny pakiet P320-FLUX. Ta w pe\u0142ni modu\u0142owa platforma jest dostarczana w komplecie z chassis FLUX w<span class=\"excerpt-hellip\"> [\u2026]<\/span><\/p>\n","protected":false},"featured_media":2764,"comment_status":"closed","ping_status":"closed","template":"","meta":[],"product_cat":[151,42],"product_tag":[],"class_list":{"0":"post-2763","1":"product","2":"type-product","3":"status-publish","4":"has-post-thumbnail","6":"product_cat-sig-sauer","7":"product_cat-bron-krotka","9":"first","10":"instock","11":"shipping-taxable","12":"product-type-simple"},"_links":{"self":[{"href":"https:\/\/www.strzelnica-magnum.pl\/en\/wp-json\/wp\/v2\/product\/2763","targetHints":{"allow":["GET"]}}],"collection":[{"href":"https:\/\/www.strzelnica-magnum.pl\/en\/wp-json\/wp\/v2\/product"}],"about":[{"href":"https:\/\/www.strzelnica-magnum.pl\/en\/wp-json\/wp\/v2\/types\/product"}],"replies":[{"embeddable":true,"href":"https:\/\/www.strzelnica-magnum.pl\/en\/wp-json\/wp\/v2\/comments?post=2763"}],"wp:featuredmedia":[{"embeddable":true,"href":"https:\/\/www.strzelnica-magnum.pl\/en\/wp-json\/wp\/v2\/media\/2764"}],"wp:attachment":[{"href":"https:\/\/www.strzelnica-magnum.pl\/en\/wp-json\/wp\/v2\/media?parent=2763"}],"wp:term":[{"taxonomy":"product_cat","embeddable":true,"href":"https:\/\/www.strzelnica-magnum.pl\/en\/wp-json\/wp\/v2\/product_cat?post=2763"},{"taxonomy":"product_tag","embeddable":true,"href":"https:\/\/www.strzelnica-magnum.pl\/en\/wp-json\/wp\/v2\/product_tag?post=2763"}],"curies":[{"name":"wp","href":"https:\/\/api.w.org\/{rel}","templated":true}]}}