{"id":2758,"date":"2025-06-20T14:05:13","date_gmt":"2025-06-20T14:05:13","guid":{"rendered":"https:\/\/www.strzelnica-magnum.pl\/?post_type=product&#038;p=2758"},"modified":"2025-06-20T14:05:13","modified_gmt":"2025-06-20T14:05:13","slug":"sig-sauer-p320-axg-legion","status":"publish","type":"product","link":"https:\/\/www.strzelnica-magnum.pl\/en\/uzbrojenie\/bron-krotka\/sig-sauer\/sig-sauer-p320-axg-legion\/","title":{"rendered":"Sig Sauer P320 AXG Legion"},"content":{"rendered":"<p><strong>P320 AXG Legion<\/strong> <\/p>\n<p>LEGION powraca do swoich s\u0142u\u017cbowych korzeni (duty-grade) wraz z wprowadzeniem modelu P320-AXG LEGION. Dzi\u0119ki wytrzyma\u0142o\u015bci i masie ca\u0142kowicie metalowego modu\u0142u chwytu AXG, po\u0142\u0105czonego z oczekuj\u0105c\u0105 na opatentowanie, zintegrowan\u0105 z zamkiem komor\u0105 kompensacyjn\u0105 oferuj\u0105c\u0105 do 25% redukcji odrzutu, AXG LEGION zapewnia wra\u017cenia ze strzelania, jakich nie oferuje \u017caden inny pistolet w tej klasie.<\/p>\n<p>Od samego pocz\u0105tku linia produkt\u00f3w LEGION reprezentowa\u0142a szczyt wydajno\u015bci i in\u017cynierii SIG SAUER, a ca\u0142kowicie nowy P320-AXG LEGION nie jest wyj\u0105tkiem. Wykorzystuj\u0105c w pe\u0142ni metalowy modu\u0142 chwytu AXG (Alloy X Grip), wyko\u0144czony w charakterystycznej pow\u0142oce LEGION Gray Cerakote Elite, P320-AXG LEGION wnosi klasyczny wygl\u0105d i odczucia do platformy P320. Modu\u0142 chwytu P320-AXG LEGION jest wyposa\u017cony w ekskluzywne, niestandardowe ok\u0142adziny LEGION Hogue G10 oraz poszerzone gniazdo magazynka (lejek\/magwell) do szybkich i \u0142atwych prze\u0142adowa\u0144.<\/p>\n<p>P320-AXG LEGION jest przystosowany do monta\u017cu optyki i gotowy do zamontowania kolimator\u00f3w SIG SAUER ROMEO1Pro i ROMEO2, a tak\u017ce Deltapoint Pro i Trijicon RMR. A dzi\u0119ki nowym, agresywnym naci\u0119ciom z przodu i z ty\u0142u zamka, obs\u0142uga broni jest bardziej intuicyjna ni\u017c kiedykolwiek.<\/p>\n<p><strong>Cena 12 000 z\u0142<\/strong><br \/>\nDost\u0119pna r\u00f3wnie\u017c wersja z do\u0142\u0105czonym kolimatorem Romeo-X w cenie <strong>14 400 z\u0142<\/strong><\/p>\n<p><em>Bro\u0144 palna, amunicja i istotne elementy broni nie s\u0105 sprzedawane on-line. Mo\u017cna je naby\u0107 osobi\u015bcie w naszym sklepie. Warunkiem nabycia broni jest przed\u0142o\u017cenie aktualnego za\u015bwiadczenia (promesy) uprawniaj\u0105cej do zakupu broni oraz dowodu osobistego. Niniejsz\u0105 ofert\u0119 zamieszczamy w celu pogl\u0105dowym. Przed zakupem broni prosimy o kontakt telefoniczny.<\/em><\/p>\n","protected":false},"excerpt":{"rendered":"<p>P320 AXG Legion LEGION powraca do swoich s\u0142u\u017cbowych korzeni (duty-grade) wraz z wprowadzeniem modelu P320-AXG LEGION. Dzi\u0119ki wytrzyma\u0142o\u015bci i masie ca\u0142kowicie metalowego modu\u0142u chwytu AXG, po\u0142\u0105czonego<span class=\"excerpt-hellip\"> [\u2026]<\/span><\/p>\n","protected":false},"featured_media":2761,"comment_status":"closed","ping_status":"closed","template":"","meta":[],"product_cat":[151,42],"product_tag":[],"class_list":{"0":"post-2758","1":"product","2":"type-product","3":"status-publish","4":"has-post-thumbnail","6":"product_cat-sig-sauer","7":"product_cat-bron-krotka","9":"first","10":"instock","11":"shipping-taxable","12":"product-type-simple"},"_links":{"self":[{"href":"https:\/\/www.strzelnica-magnum.pl\/en\/wp-json\/wp\/v2\/product\/2758","targetHints":{"allow":["GET"]}}],"collection":[{"href":"https:\/\/www.strzelnica-magnum.pl\/en\/wp-json\/wp\/v2\/product"}],"about":[{"href":"https:\/\/www.strzelnica-magnum.pl\/en\/wp-json\/wp\/v2\/types\/product"}],"replies":[{"embeddable":true,"href":"https:\/\/www.strzelnica-magnum.pl\/en\/wp-json\/wp\/v2\/comments?post=2758"}],"wp:featuredmedia":[{"embeddable":true,"href":"https:\/\/www.strzelnica-magnum.pl\/en\/wp-json\/wp\/v2\/media\/2761"}],"wp:attachment":[{"href":"https:\/\/www.strzelnica-magnum.pl\/en\/wp-json\/wp\/v2\/media?parent=2758"}],"wp:term":[{"taxonomy":"product_cat","embeddable":true,"href":"https:\/\/www.strzelnica-magnum.pl\/en\/wp-json\/wp\/v2\/product_cat?post=2758"},{"taxonomy":"product_tag","embeddable":true,"href":"https:\/\/www.strzelnica-magnum.pl\/en\/wp-json\/wp\/v2\/product_tag?post=2758"}],"curies":[{"name":"wp","href":"https:\/\/api.w.org\/{rel}","templated":true}]}}