{"id":2755,"date":"2025-06-20T13:58:53","date_gmt":"2025-06-20T13:58:53","guid":{"rendered":"https:\/\/www.strzelnica-magnum.pl\/?post_type=product&#038;p=2755"},"modified":"2025-07-03T17:04:11","modified_gmt":"2025-07-03T17:04:11","slug":"sig-sauer-p320-x-five-legion","status":"publish","type":"product","link":"https:\/\/www.strzelnica-magnum.pl\/en\/uzbrojenie\/bron-krotka\/sig-sauer-p320-x-five-legion\/","title":{"rendered":"Sig Sauer P320 X-FIVE Legion"},"content":{"rendered":"<p><strong>P320 X-FIVE Legion<\/strong> to najlepszy pistolet dla powa\u017cnego strzelca. Jego wag\u0119 zwi\u0119kszono do 43,5 uncji (ok. 1233 g) dzi\u0119ki innowacyjnemu modu\u0142owi chwytu TXG z domieszk\u0105 wolframu. Ten nowy produkt jest pierwszym tego typu w bran\u017cy broni palnej, \u0142\u0105cz\u0105c wag\u0119 stali z elastyczno\u015bci\u0105 polimeru, co redukuje podrzut lufy nawet o 50%.<\/p>\n<p>Op\u00f3r spustu w XFIVE LEGION jest do 30% l\u017cejszy dzi\u0119ki nowemu, szkieletowemu j\u0119zykowi spustowemu, co zwi\u0119ksza szybko\u015b\u0107 i celno\u015b\u0107 strzelania. System oporopowrotny zosta\u0142 ulepszony i wykorzystuje lit\u0105, stalow\u0105 \u017cerd\u017a oraz 14-funtow\u0105 spr\u0119\u017cyn\u0119 w stylu 1911, a w zestawie znajduje si\u0119 dodatkowa spr\u0119\u017cyna 12-funtowa. Charakterystyczne wyko\u0144czenie LEGION Gray jest standardem, podobnie jak oznaczenia LEGION na p\u0142ytce pod przyrz\u0105dy celownicze oraz na wszystkich trzech stopkach magazynk\u00f3w z anodyzowanego aluminium od Henning Group\u00ae.<\/p>\n<p>Wszystkie te nowe cechy, w po\u0142\u0105czeniu z demontowalnym lejkiem do magazynka (magwell) i doci\u0105\u017cnikiem chwytu, zamkiem przygotowanym pod monta\u017c optyki Romeo1PRO, 5-calow\u0105 grubo\u015bcienn\u0105 luf\u0105 typu \u201ebull barrel\u201d oraz regulowanymi \u015bwiat\u0142owodowymi przyrz\u0105dami celowniczymi Dawson Precision\u00ae, katapultuj\u0105 P320 XFIVE LEGION daleko przed konkurencj\u0119 i wyznaczaj\u0105 nowy standard dla wszystkich pistolet\u00f3w.<\/p>\n<p><strong>Cena 8 800 z\u0142<\/strong><\/p>\n<p><em>Bro\u0144 palna, amunicja i istotne elementy broni nie s\u0105 sprzedawane on-line. Mo\u017cna je naby\u0107 osobi\u015bcie w naszym sklepie. Warunkiem nabycia broni jest przed\u0142o\u017cenie aktualnego za\u015bwiadczenia (promesy) uprawniaj\u0105cej do zakupu broni oraz dowodu osobistego. Niniejsz\u0105 ofert\u0119 zamieszczamy w celu pogl\u0105dowym. Przed zakupem broni prosimy o kontakt telefoniczny.<\/em><\/p>\n","protected":false},"excerpt":{"rendered":"<p>P320 X-FIVE Legion to najlepszy pistolet dla powa\u017cnego strzelca. Jego wag\u0119 zwi\u0119kszono do 43,5 uncji (ok. 1233 g) dzi\u0119ki innowacyjnemu modu\u0142owi chwytu TXG z domieszk\u0105 wolframu.<span class=\"excerpt-hellip\"> [\u2026]<\/span><\/p>\n","protected":false},"featured_media":2756,"comment_status":"closed","ping_status":"closed","template":"","meta":[],"product_cat":[42,151],"product_tag":[],"class_list":{"0":"post-2755","1":"product","2":"type-product","3":"status-publish","4":"has-post-thumbnail","6":"product_cat-bron-krotka","7":"product_cat-sig-sauer","9":"first","10":"instock","11":"shipping-taxable","12":"product-type-simple"},"_links":{"self":[{"href":"https:\/\/www.strzelnica-magnum.pl\/en\/wp-json\/wp\/v2\/product\/2755","targetHints":{"allow":["GET"]}}],"collection":[{"href":"https:\/\/www.strzelnica-magnum.pl\/en\/wp-json\/wp\/v2\/product"}],"about":[{"href":"https:\/\/www.strzelnica-magnum.pl\/en\/wp-json\/wp\/v2\/types\/product"}],"replies":[{"embeddable":true,"href":"https:\/\/www.strzelnica-magnum.pl\/en\/wp-json\/wp\/v2\/comments?post=2755"}],"wp:featuredmedia":[{"embeddable":true,"href":"https:\/\/www.strzelnica-magnum.pl\/en\/wp-json\/wp\/v2\/media\/2756"}],"wp:attachment":[{"href":"https:\/\/www.strzelnica-magnum.pl\/en\/wp-json\/wp\/v2\/media?parent=2755"}],"wp:term":[{"taxonomy":"product_cat","embeddable":true,"href":"https:\/\/www.strzelnica-magnum.pl\/en\/wp-json\/wp\/v2\/product_cat?post=2755"},{"taxonomy":"product_tag","embeddable":true,"href":"https:\/\/www.strzelnica-magnum.pl\/en\/wp-json\/wp\/v2\/product_tag?post=2755"}],"curies":[{"name":"wp","href":"https:\/\/api.w.org\/{rel}","templated":true}]}}