{"id":2752,"date":"2025-06-20T13:55:52","date_gmt":"2025-06-20T13:55:52","guid":{"rendered":"https:\/\/www.strzelnica-magnum.pl\/?post_type=product&#038;p=2752"},"modified":"2025-06-20T13:55:52","modified_gmt":"2025-06-20T13:55:52","slug":"sig-sauer-p320-rxp-xfull-size","status":"publish","type":"product","link":"https:\/\/www.strzelnica-magnum.pl\/en\/uzbrojenie\/bron-krotka\/sig-sauer\/sig-sauer-p320-rxp-xfull-size\/","title":{"rendered":"Sig Sauer P320 RXP XFULL-Size"},"content":{"rendered":"<p><strong>P320 RXP XFULL-Size<\/strong> <\/p>\n<p>Wyposa\u017cony w ekskluzywny, montowany na zamku celownik optoelektroniczny SIG SAUER, ROMEO1 PRO, model RXP zapewni szybsze namierzanie celu. M\u00f3wi\u0105c pro\u015bciej, sprawi on, \u017ce dobry strzelec stanie si\u0119 \u015bwietnym strzelcem. Strzelaj pewnie dzi\u0119ki szybszemu namierzaniu celu i poprawionej celno\u015bci. Zainstalowany. Wyzerowany. I wsparty jako\u015bci\u0105 marki SIG.<\/p>\n<p>P320 XFULL do\u0142\u0105cza do rewolucji kolimator\u00f3w (Red Dot Revolution) z fabrycznie zainstalowan\u0105 optyk\u0105, kt\u00f3ra sprawi, \u017ce wszystkie trudne strza\u0142y stan\u0105 si\u0119 \u0142atwe. Wraz ze wszystkimi cechami oryginalnej oferty X Full-Size, P320 XFULL RXP posiada zainstalowany na pistolecie celownik Romeo1 PRO z kropk\u0105 6 MOA, kt\u00f3ry jest idealnie zgrany z podwy\u017cszonymi (typu suppressor-height) przyrz\u0105dami celowniczymi XRay3 dzie\u0144\/noc. Pozwala to na szybsze namierzenie celu i \u0142atwe korzystanie z przyrz\u0105d\u00f3w mechanicznych (co-witnessing). P\u0142ytka zakrywaj\u0105ca gniazdo optyki oraz \u015bruby s\u0105 dost\u0119pne osobno, je\u015bli klient zdecyduje si\u0119 na demonta\u017c kolimatora. Ka\u017cdy P320 XFULL-RXP jest standardowo dostarczany z dwoma (2) 17-nabojowymi stalowymi magazynkami.<\/p>\n<p><strong>Cena 8 200 z\u0142<\/strong><\/p>\n<p><em>Bro\u0144 palna, amunicja i istotne elementy broni nie s\u0105 sprzedawane on-line. Mo\u017cna je naby\u0107 osobi\u015bcie w naszym sklepie. Warunkiem nabycia broni jest przed\u0142o\u017cenie aktualnego za\u015bwiadczenia (promesy) uprawniaj\u0105cej do zakupu broni oraz dowodu osobistego. Niniejsz\u0105 ofert\u0119 zamieszczamy w celu pogl\u0105dowym. Przed zakupem broni prosimy o kontakt telefoniczny.<\/em><\/p>\n","protected":false},"excerpt":{"rendered":"<p>P320 RXP XFULL-Size Wyposa\u017cony w ekskluzywny, montowany na zamku celownik optoelektroniczny SIG SAUER, ROMEO1 PRO, model RXP zapewni szybsze namierzanie celu. M\u00f3wi\u0105c pro\u015bciej, sprawi on, \u017ce<span class=\"excerpt-hellip\"> [\u2026]<\/span><\/p>\n","protected":false},"featured_media":2753,"comment_status":"closed","ping_status":"closed","template":"","meta":[],"product_cat":[151,42],"product_tag":[],"class_list":{"0":"post-2752","1":"product","2":"type-product","3":"status-publish","4":"has-post-thumbnail","6":"product_cat-sig-sauer","7":"product_cat-bron-krotka","9":"first","10":"instock","11":"shipping-taxable","12":"product-type-simple"},"_links":{"self":[{"href":"https:\/\/www.strzelnica-magnum.pl\/en\/wp-json\/wp\/v2\/product\/2752","targetHints":{"allow":["GET"]}}],"collection":[{"href":"https:\/\/www.strzelnica-magnum.pl\/en\/wp-json\/wp\/v2\/product"}],"about":[{"href":"https:\/\/www.strzelnica-magnum.pl\/en\/wp-json\/wp\/v2\/types\/product"}],"replies":[{"embeddable":true,"href":"https:\/\/www.strzelnica-magnum.pl\/en\/wp-json\/wp\/v2\/comments?post=2752"}],"wp:featuredmedia":[{"embeddable":true,"href":"https:\/\/www.strzelnica-magnum.pl\/en\/wp-json\/wp\/v2\/media\/2753"}],"wp:attachment":[{"href":"https:\/\/www.strzelnica-magnum.pl\/en\/wp-json\/wp\/v2\/media?parent=2752"}],"wp:term":[{"taxonomy":"product_cat","embeddable":true,"href":"https:\/\/www.strzelnica-magnum.pl\/en\/wp-json\/wp\/v2\/product_cat?post=2752"},{"taxonomy":"product_tag","embeddable":true,"href":"https:\/\/www.strzelnica-magnum.pl\/en\/wp-json\/wp\/v2\/product_tag?post=2752"}],"curies":[{"name":"wp","href":"https:\/\/api.w.org\/{rel}","templated":true}]}}