{"id":2749,"date":"2025-06-20T13:51:34","date_gmt":"2025-06-20T13:51:34","guid":{"rendered":"https:\/\/www.strzelnica-magnum.pl\/?post_type=product&#038;p=2749"},"modified":"2025-06-20T13:51:34","modified_gmt":"2025-06-20T13:51:34","slug":"sig-sauer-p320-xfull-california","status":"publish","type":"product","link":"https:\/\/www.strzelnica-magnum.pl\/en\/uzbrojenie\/bron-krotka\/sig-sauer\/sig-sauer-p320-xfull-california\/","title":{"rendered":"Sig Sauer P320-XFULL California"},"content":{"rendered":"<p><strong>P320-XFULL California<\/strong> uzupe\u0142nia seri\u0119 pistolet\u00f3w X o podstawowy model pe\u0142nowymiarowy. Zamek i lufa o d\u0142ugo\u015bci 4,7 cala oferuj\u0105 niezr\u00f3wnan\u0105 celno\u015b\u0107 i komfort, nie rezygnuj\u0105c przy tym z mo\u017cliwo\u015bci skrytego noszenia.<\/p>\n<p>Modu\u0142 chwytu jest kompatybilny z demontowalnym lejkiem do magazynka (magwell) oraz doci\u0105\u017cnikiem chwytu, a tak\u017ce zosta\u0142 zaprojektowany z przed\u0142u\u017conym \u201ebobrzym ogonem\u201d (beavertail) i g\u0142\u0119bokim podci\u0119ciem, co pozwala na wysoki chwyt i lepsz\u0105 kontrol\u0119 odrzutu. Przyrz\u0105dy celownicze XRay3 typu dzie\u0144\/noc oferuj\u0105 wysok\u0105 widoczno\u015b\u0107 w ka\u017cdych warunkach o\u015bwietleniowych, a zesp\u00f3\u0142 p\u0142ytki tylnego przyrz\u0105du celowniczego umo\u017cliwia bezpo\u015bredni monta\u017c optyki Romeo X, a tak\u017ce popularnych kolimator\u00f3w z rozstawem monta\u017cowym PRO. Ka\u017cdy P320-XFULL jest standardowo dostarczany z dwoma (2) 10-nabojowymi magazynkami.<\/p>\n<p><strong>Cena 5 800 z\u0142<\/strong><\/p>\n<p><em>Bro\u0144 palna, amunicja i istotne elementy broni nie s\u0105 sprzedawane on-line. Mo\u017cna je naby\u0107 osobi\u015bcie w naszym sklepie. Warunkiem nabycia broni jest przed\u0142o\u017cenie aktualnego za\u015bwiadczenia (promesy) uprawniaj\u0105cej do zakupu broni oraz dowodu osobistego. Niniejsz\u0105 ofert\u0119 zamieszczamy w celu pogl\u0105dowym. Przed zakupem broni prosimy o kontakt telefoniczny.<\/em><\/p>\n","protected":false},"excerpt":{"rendered":"<p>P320-XFULL California uzupe\u0142nia seri\u0119 pistolet\u00f3w X o podstawowy model pe\u0142nowymiarowy. Zamek i lufa o d\u0142ugo\u015bci 4,7 cala oferuj\u0105 niezr\u00f3wnan\u0105 celno\u015b\u0107 i komfort, nie rezygnuj\u0105c przy tym<span class=\"excerpt-hellip\"> [\u2026]<\/span><\/p>\n","protected":false},"featured_media":2750,"comment_status":"closed","ping_status":"closed","template":"","meta":[],"product_cat":[151,42],"product_tag":[],"class_list":{"0":"post-2749","1":"product","2":"type-product","3":"status-publish","4":"has-post-thumbnail","6":"product_cat-sig-sauer","7":"product_cat-bron-krotka","9":"first","10":"instock","11":"shipping-taxable","12":"product-type-simple"},"_links":{"self":[{"href":"https:\/\/www.strzelnica-magnum.pl\/en\/wp-json\/wp\/v2\/product\/2749","targetHints":{"allow":["GET"]}}],"collection":[{"href":"https:\/\/www.strzelnica-magnum.pl\/en\/wp-json\/wp\/v2\/product"}],"about":[{"href":"https:\/\/www.strzelnica-magnum.pl\/en\/wp-json\/wp\/v2\/types\/product"}],"replies":[{"embeddable":true,"href":"https:\/\/www.strzelnica-magnum.pl\/en\/wp-json\/wp\/v2\/comments?post=2749"}],"wp:featuredmedia":[{"embeddable":true,"href":"https:\/\/www.strzelnica-magnum.pl\/en\/wp-json\/wp\/v2\/media\/2750"}],"wp:attachment":[{"href":"https:\/\/www.strzelnica-magnum.pl\/en\/wp-json\/wp\/v2\/media?parent=2749"}],"wp:term":[{"taxonomy":"product_cat","embeddable":true,"href":"https:\/\/www.strzelnica-magnum.pl\/en\/wp-json\/wp\/v2\/product_cat?post=2749"},{"taxonomy":"product_tag","embeddable":true,"href":"https:\/\/www.strzelnica-magnum.pl\/en\/wp-json\/wp\/v2\/product_tag?post=2749"}],"curies":[{"name":"wp","href":"https:\/\/api.w.org\/{rel}","templated":true}]}}