{"id":2746,"date":"2025-06-20T13:47:19","date_gmt":"2025-06-20T13:47:19","guid":{"rendered":"https:\/\/www.strzelnica-magnum.pl\/?post_type=product&#038;p=2746"},"modified":"2025-06-20T13:47:19","modified_gmt":"2025-06-20T13:47:19","slug":"sig-sauer-m17x","status":"publish","type":"product","link":"https:\/\/www.strzelnica-magnum.pl\/en\/uzbrojenie\/bron-krotka\/sig-sauer\/sig-sauer-m17x\/","title":{"rendered":"Sig Sauer M17X"},"content":{"rendered":"<p><strong>M17X<\/strong><br \/>\nNadesz\u0142a nowa generacja M17, zapewniaj\u0105ca te same osi\u0105gi i niezawodno\u015b\u0107, kt\u00f3re uczyni\u0142y M17 wyborem Armii Stan\u00f3w Zjednoczonych, teraz wyposa\u017cona w najbardziej zaawansowane cechy z pistolet\u00f3w serii X. M17X posiada fabrycznie zamontowany celownik kolimatorowy ROMEO-M17 z wzmocnion\u0105 obudow\u0105 ze stopu metali, asferyczn\u0105 szklan\u0105 soczewk\u0105 zapewniaj\u0105c\u0105 zerowe zniekszta\u0142cenia obrazu, a tak\u017ce jest w pe\u0142ni zamkni\u0119ty i uszczelniony, co zapewnia najwy\u017csz\u0105 ochron\u0119 przed czynnikami zewn\u0119trznymi.<\/p>\n<p>Pistolet ten posiada r\u00f3wnie\u017c modu\u0142 chwytu w kolorze &#8220;coyote tan&#8221; z przed\u0142u\u017conym \u201ebobrzym ogonem\u201d (beavertail), agresywnym teksturowaniem (stippling) i g\u0142\u0119bszymi podci\u0119ciami dla wi\u0119kszej kontroli. Modu\u0142 chwytu X jest tak\u017ce wyposa\u017cony w poszerzone gniazdo magazynka (lejek\/magwell) dla szybszej i dok\u0142adniejszej wymiany magazynka. P\u0142aski j\u0119zyk spustowy X (X Flat Blade Trigger) zapewnia lepsz\u0105 odpowied\u017a dotykow\u0105 dla wi\u0119kszej celno\u015bci.<\/p>\n<p><strong>Cena 10 600 z\u0142<\/strong><\/p>\n<p><em>Bro\u0144 palna, amunicja i istotne elementy broni nie s\u0105 sprzedawane on-line. Mo\u017cna je naby\u0107 osobi\u015bcie w naszym sklepie. Warunkiem nabycia broni jest przed\u0142o\u017cenie aktualnego za\u015bwiadczenia (promesy) uprawniaj\u0105cej do zakupu broni oraz dowodu osobistego. Niniejsz\u0105 ofert\u0119 zamieszczamy w celu pogl\u0105dowym. Przed zakupem broni prosimy o kontakt telefoniczny.<\/em><\/p>\n","protected":false},"excerpt":{"rendered":"<p>M17X Nadesz\u0142a nowa generacja M17, zapewniaj\u0105ca te same osi\u0105gi i niezawodno\u015b\u0107, kt\u00f3re uczyni\u0142y M17 wyborem Armii Stan\u00f3w Zjednoczonych, teraz wyposa\u017cona w najbardziej zaawansowane cechy z pistolet\u00f3w<span class=\"excerpt-hellip\"> [\u2026]<\/span><\/p>\n","protected":false},"featured_media":2747,"comment_status":"closed","ping_status":"closed","template":"","meta":[],"product_cat":[151,42],"product_tag":[],"class_list":{"0":"post-2746","1":"product","2":"type-product","3":"status-publish","4":"has-post-thumbnail","6":"product_cat-sig-sauer","7":"product_cat-bron-krotka","9":"first","10":"instock","11":"shipping-taxable","12":"product-type-simple"},"_links":{"self":[{"href":"https:\/\/www.strzelnica-magnum.pl\/en\/wp-json\/wp\/v2\/product\/2746","targetHints":{"allow":["GET"]}}],"collection":[{"href":"https:\/\/www.strzelnica-magnum.pl\/en\/wp-json\/wp\/v2\/product"}],"about":[{"href":"https:\/\/www.strzelnica-magnum.pl\/en\/wp-json\/wp\/v2\/types\/product"}],"replies":[{"embeddable":true,"href":"https:\/\/www.strzelnica-magnum.pl\/en\/wp-json\/wp\/v2\/comments?post=2746"}],"wp:featuredmedia":[{"embeddable":true,"href":"https:\/\/www.strzelnica-magnum.pl\/en\/wp-json\/wp\/v2\/media\/2747"}],"wp:attachment":[{"href":"https:\/\/www.strzelnica-magnum.pl\/en\/wp-json\/wp\/v2\/media?parent=2746"}],"wp:term":[{"taxonomy":"product_cat","embeddable":true,"href":"https:\/\/www.strzelnica-magnum.pl\/en\/wp-json\/wp\/v2\/product_cat?post=2746"},{"taxonomy":"product_tag","embeddable":true,"href":"https:\/\/www.strzelnica-magnum.pl\/en\/wp-json\/wp\/v2\/product_tag?post=2746"}],"curies":[{"name":"wp","href":"https:\/\/api.w.org\/{rel}","templated":true}]}}