{"id":2743,"date":"2025-06-20T13:42:07","date_gmt":"2025-06-20T13:42:07","guid":{"rendered":"https:\/\/www.strzelnica-magnum.pl\/?post_type=product&#038;p=2743"},"modified":"2025-06-20T13:42:07","modified_gmt":"2025-06-20T13:42:07","slug":"sig-sauger-m17","status":"publish","type":"product","link":"https:\/\/www.strzelnica-magnum.pl\/en\/uzbrojenie\/bron-krotka\/sig-sauer\/sig-sauger-m17\/","title":{"rendered":"Sig Sauger M17"},"content":{"rendered":"<p><strong>M17<\/strong><br \/>\nPo jednym z najbardziej rygorystycznych i wysoce konkurencyjnych proces\u00f3w weryfikacyjnych w historii wojskowej broni palnej, pistoletowi SIG SAUER M17 przyznano kontrakt na Modu\u0142owy System Broni Kr\u00f3tkiej (MHS) dla Armii Stan\u00f3w Zjednoczonych. M17 to platforma oparta na P320, kt\u00f3ra zosta\u0142a wybrana ze wzgl\u0119du na swoj\u0105 wyj\u0105tkowo innowacyjn\u0105 modu\u0142owo\u015b\u0107, bezkompromisowe osi\u0105gi i niezr\u00f3wnane mo\u017cliwo\u015bci. Cywilna wersja M17 jest bardzo zbli\u017cona do specyfikacji wojskowego pistoletu M17 Armii USA.<\/p>\n<p>SIG SAUER M17 to pistolet bezkurkowy (striker-fired) kalibru 9 mm, dostarczany z jednym 17-nabojowym magazynkiem i dwoma 21-nabojowymi magazynkami. Posiada zamek ze stali nierdzewnej z pow\u0142ok\u0105 PVD w kolorze &#8220;coyote-tan&#8221;, kompatybilny z kolimatorem ROMEO-17, oraz czarne manipulatory, identyczne jak w pistoletach obecnie dostarczanych do Armii USA. Wyposa\u017cony jest w trytow\u0105 muszk\u0119 SIGLITE oraz demontowaln\u0105 p\u0142ytk\u0119 ze szczerbink\u0105 Night Sight. M17 posiada modu\u0142 chwytu typu &#8220;carry&#8221; w kolorze &#8220;coyote-tan&#8221;, dost\u0119pny w trzech rozmiarach, i standardowo wyst\u0119puje w wersji z bezpiecznikiem manualnym lub bez.<\/p>\n<p><strong>Cena 5 600 z\u0142<\/strong><\/p>\n<p><em>Bro\u0144 palna, amunicja i istotne elementy broni nie s\u0105 sprzedawane on-line. Mo\u017cna je naby\u0107 osobi\u015bcie w naszym sklepie. Warunkiem nabycia broni jest przed\u0142o\u017cenie aktualnego za\u015bwiadczenia (promesy) uprawniaj\u0105cej do zakupu broni oraz dowodu osobistego. Niniejsz\u0105 ofert\u0119 zamieszczamy w celu pogl\u0105dowym. Przed zakupem broni prosimy o kontakt telefoniczny.<\/em><\/p>\n","protected":false},"excerpt":{"rendered":"<p>M17 Po jednym z najbardziej rygorystycznych i wysoce konkurencyjnych proces\u00f3w weryfikacyjnych w historii wojskowej broni palnej, pistoletowi SIG SAUER M17 przyznano kontrakt na Modu\u0142owy System Broni<span class=\"excerpt-hellip\"> [\u2026]<\/span><\/p>\n","protected":false},"featured_media":2744,"comment_status":"closed","ping_status":"closed","template":"","meta":[],"product_cat":[151,42],"product_tag":[],"class_list":{"0":"post-2743","1":"product","2":"type-product","3":"status-publish","4":"has-post-thumbnail","6":"product_cat-sig-sauer","7":"product_cat-bron-krotka","9":"first","10":"instock","11":"shipping-taxable","12":"product-type-simple"},"_links":{"self":[{"href":"https:\/\/www.strzelnica-magnum.pl\/en\/wp-json\/wp\/v2\/product\/2743","targetHints":{"allow":["GET"]}}],"collection":[{"href":"https:\/\/www.strzelnica-magnum.pl\/en\/wp-json\/wp\/v2\/product"}],"about":[{"href":"https:\/\/www.strzelnica-magnum.pl\/en\/wp-json\/wp\/v2\/types\/product"}],"replies":[{"embeddable":true,"href":"https:\/\/www.strzelnica-magnum.pl\/en\/wp-json\/wp\/v2\/comments?post=2743"}],"wp:featuredmedia":[{"embeddable":true,"href":"https:\/\/www.strzelnica-magnum.pl\/en\/wp-json\/wp\/v2\/media\/2744"}],"wp:attachment":[{"href":"https:\/\/www.strzelnica-magnum.pl\/en\/wp-json\/wp\/v2\/media?parent=2743"}],"wp:term":[{"taxonomy":"product_cat","embeddable":true,"href":"https:\/\/www.strzelnica-magnum.pl\/en\/wp-json\/wp\/v2\/product_cat?post=2743"},{"taxonomy":"product_tag","embeddable":true,"href":"https:\/\/www.strzelnica-magnum.pl\/en\/wp-json\/wp\/v2\/product_tag?post=2743"}],"curies":[{"name":"wp","href":"https:\/\/api.w.org\/{rel}","templated":true}]}}