{"id":2740,"date":"2025-06-20T13:36:54","date_gmt":"2025-06-20T13:36:54","guid":{"rendered":"https:\/\/www.strzelnica-magnum.pl\/?post_type=product&#038;p=2740"},"modified":"2025-07-03T17:04:26","modified_gmt":"2025-07-03T17:04:26","slug":"sig-sauer-p320-full-size","status":"publish","type":"product","link":"https:\/\/www.strzelnica-magnum.pl\/en\/uzbrojenie\/bron-krotka\/sig-sauer\/sig-sauer-p320-full-size\/","title":{"rendered":"Sig Sauer P320 Full-size"},"content":{"rendered":"<p><strong>P320 Full-size<\/strong> \u2014 pistolet, kt\u00f3ry wymyka si\u0119 por\u00f3wnaniom dzi\u0119ki rewolucyjnym cechom, kt\u00f3re nie maj\u0105 sobie r\u00f3wnych. P\u0142ynna, sta\u0142a praca spustu. Bezpieczny, beznarz\u0119dziowy demonta\u017c. Odpowiednie dopasowanie do d\u0142oni o dowolnym rozmiarze \u2014 bez potrzeby stosowania wymiennych nak\u0142adek na chwyt. Uznajcie dotychczasowe schematy za prze\u0142amane.<\/p>\n<p><strong>Cena 4 500 z\u0142<\/strong><\/p>\n<p><em>Bro\u0144 palna, amunicja i istotne elementy broni nie s\u0105 sprzedawane on-line. Mo\u017cna je naby\u0107 osobi\u015bcie w naszym sklepie. Warunkiem nabycia broni jest przed\u0142o\u017cenie aktualnego za\u015bwiadczenia (promesy) uprawniaj\u0105cej do zakupu broni oraz dowodu osobistego. Niniejsz\u0105 ofert\u0119 zamieszczamy w celu pogl\u0105dowym. Przed zakupem broni prosimy o kontakt telefoniczny.<\/em><\/p>\n","protected":false},"excerpt":{"rendered":"<p>P320 Full-size \u2014 pistolet, kt\u00f3ry wymyka si\u0119 por\u00f3wnaniom dzi\u0119ki rewolucyjnym cechom, kt\u00f3re nie maj\u0105 sobie r\u00f3wnych. P\u0142ynna, sta\u0142a praca spustu. Bezpieczny, beznarz\u0119dziowy demonta\u017c. Odpowiednie dopasowanie do<span class=\"excerpt-hellip\"> [\u2026]<\/span><\/p>\n","protected":false},"featured_media":2741,"comment_status":"closed","ping_status":"closed","template":"","meta":[],"product_cat":[42,151],"product_tag":[],"class_list":{"0":"post-2740","1":"product","2":"type-product","3":"status-publish","4":"has-post-thumbnail","6":"product_cat-bron-krotka","7":"product_cat-sig-sauer","9":"first","10":"instock","11":"shipping-taxable","12":"product-type-simple"},"_links":{"self":[{"href":"https:\/\/www.strzelnica-magnum.pl\/en\/wp-json\/wp\/v2\/product\/2740","targetHints":{"allow":["GET"]}}],"collection":[{"href":"https:\/\/www.strzelnica-magnum.pl\/en\/wp-json\/wp\/v2\/product"}],"about":[{"href":"https:\/\/www.strzelnica-magnum.pl\/en\/wp-json\/wp\/v2\/types\/product"}],"replies":[{"embeddable":true,"href":"https:\/\/www.strzelnica-magnum.pl\/en\/wp-json\/wp\/v2\/comments?post=2740"}],"wp:featuredmedia":[{"embeddable":true,"href":"https:\/\/www.strzelnica-magnum.pl\/en\/wp-json\/wp\/v2\/media\/2741"}],"wp:attachment":[{"href":"https:\/\/www.strzelnica-magnum.pl\/en\/wp-json\/wp\/v2\/media?parent=2740"}],"wp:term":[{"taxonomy":"product_cat","embeddable":true,"href":"https:\/\/www.strzelnica-magnum.pl\/en\/wp-json\/wp\/v2\/product_cat?post=2740"},{"taxonomy":"product_tag","embeddable":true,"href":"https:\/\/www.strzelnica-magnum.pl\/en\/wp-json\/wp\/v2\/product_tag?post=2740"}],"curies":[{"name":"wp","href":"https:\/\/api.w.org\/{rel}","templated":true}]}}