{"id":2737,"date":"2025-06-20T13:32:52","date_gmt":"2025-06-20T13:32:52","guid":{"rendered":"https:\/\/www.strzelnica-magnum.pl\/?post_type=product&#038;p=2737"},"modified":"2025-07-03T17:04:40","modified_gmt":"2025-07-03T17:04:40","slug":"sig-sauer-p322-coyote-tacpac","status":"publish","type":"product","link":"https:\/\/www.strzelnica-magnum.pl\/en\/uzbrojenie\/bron-krotka\/sig-sauer\/sig-sauer-p322-coyote-tacpac\/","title":{"rendered":"Sig Sauer P322 Coyote Tacpac"},"content":{"rendered":"<p><strong>P322 Coyote Tacpac<\/strong> zosta\u0142 w ca\u0142o\u015bci zaprojektowany i zbudowany przez SIG SAUER w New Hampshire i jest wyposa\u017cony w szereg funkcji premium, w tym demontowaln\u0105 p\u0142ytk\u0119 szczerbinki przygotowan\u0105 pod monta\u017c optyki, dzi\u0119ki czemu mo\u017cna bezpo\u015brednio zamontowa\u0107 kolimator ROMEOZero Elite. P322 jest r\u00f3wnie\u017c dostarczany z adapterem do gwintowanej lufy, co sprawia, \u017ce jest gotowy do monta\u017cu t\u0142umika d\u017awi\u0119ku prosto z pude\u0142ka. Dodatkowe cechy to obustronne manipulatory, wymienne j\u0119zyczki spustowe (p\u0142aski i zakrzywiony) oraz \u015bwiat\u0142owodowa muszka i szczerbinka.<\/p>\n<p><strong>Cena 3 900 z\u0142<\/strong><\/p>\n<p><em>Bro\u0144 palna, amunicja i istotne elementy broni nie s\u0105 sprzedawane on-line. Mo\u017cna je naby\u0107 osobi\u015bcie w naszym sklepie. Warunkiem nabycia broni jest przed\u0142o\u017cenie aktualnego za\u015bwiadczenia (promesy) uprawniaj\u0105cej do zakupu broni oraz dowodu osobistego. Niniejsz\u0105 ofert\u0119 zamieszczamy w celu pogl\u0105dowym. Przed zakupem broni prosimy o kontakt telefoniczny.<\/em><\/p>\n","protected":false},"excerpt":{"rendered":"<p>P322 Coyote Tacpac zosta\u0142 w ca\u0142o\u015bci zaprojektowany i zbudowany przez SIG SAUER w New Hampshire i jest wyposa\u017cony w szereg funkcji premium, w tym demontowaln\u0105 p\u0142ytk\u0119<span class=\"excerpt-hellip\"> [\u2026]<\/span><\/p>\n","protected":false},"featured_media":2738,"comment_status":"closed","ping_status":"closed","template":"","meta":[],"product_cat":[42,151],"product_tag":[],"class_list":{"0":"post-2737","1":"product","2":"type-product","3":"status-publish","4":"has-post-thumbnail","6":"product_cat-bron-krotka","7":"product_cat-sig-sauer","9":"first","10":"instock","11":"shipping-taxable","12":"product-type-simple"},"_links":{"self":[{"href":"https:\/\/www.strzelnica-magnum.pl\/en\/wp-json\/wp\/v2\/product\/2737","targetHints":{"allow":["GET"]}}],"collection":[{"href":"https:\/\/www.strzelnica-magnum.pl\/en\/wp-json\/wp\/v2\/product"}],"about":[{"href":"https:\/\/www.strzelnica-magnum.pl\/en\/wp-json\/wp\/v2\/types\/product"}],"replies":[{"embeddable":true,"href":"https:\/\/www.strzelnica-magnum.pl\/en\/wp-json\/wp\/v2\/comments?post=2737"}],"wp:featuredmedia":[{"embeddable":true,"href":"https:\/\/www.strzelnica-magnum.pl\/en\/wp-json\/wp\/v2\/media\/2738"}],"wp:attachment":[{"href":"https:\/\/www.strzelnica-magnum.pl\/en\/wp-json\/wp\/v2\/media?parent=2737"}],"wp:term":[{"taxonomy":"product_cat","embeddable":true,"href":"https:\/\/www.strzelnica-magnum.pl\/en\/wp-json\/wp\/v2\/product_cat?post=2737"},{"taxonomy":"product_tag","embeddable":true,"href":"https:\/\/www.strzelnica-magnum.pl\/en\/wp-json\/wp\/v2\/product_tag?post=2737"}],"curies":[{"name":"wp","href":"https:\/\/api.w.org\/{rel}","templated":true}]}}