{"id":2734,"date":"2025-06-20T13:29:09","date_gmt":"2025-06-20T13:29:09","guid":{"rendered":"https:\/\/www.strzelnica-magnum.pl\/?post_type=product&#038;p=2734"},"modified":"2025-06-20T13:29:51","modified_gmt":"2025-06-20T13:29:51","slug":"sig-sauer-p322-california","status":"publish","type":"product","link":"https:\/\/www.strzelnica-magnum.pl\/en\/uzbrojenie\/bron-krotka\/sig-sauer-p322-california\/","title":{"rendered":"Sig Sauer P322 California"},"content":{"rendered":"<p><strong>P322 California<\/strong> <\/p>\n<p>Model SIG SAUER P322 w wersji zgodnej z przepisami stanu Kalifornia jest ju\u017c wreszcie dost\u0119pny, wnosz\u0105c swoje cechy premium, jednocze\u015bnie spe\u0142niaj\u0105c wymogi bezpiecze\u0144stwa obowi\u0105zuj\u0105ce w Kalifornii, kt\u00f3re obejmuj\u0105 luf\u0119 bez gwintu oraz bezpiecznik magazynkowy, blokuj\u0105cy ruch spustu, gdy magazynek nie jest w\u0142o\u017cony. Konstrukcja przystosowana do monta\u017cu optyki (optic-ready) z demontowaln\u0105 p\u0142ytk\u0105 szczerbinki u\u0142atwia monta\u017c kolimatora ROMEO-X COMPACT bez dodatkowych p\u0142ytek-adapter\u00f3w.<\/p>\n<p>Dzi\u0119ki obustronnym manipulatorom, odwracalnemu zwalniaczowi magazynka oraz wymiennym j\u0119zyczkom spustowym (p\u0142askim i zakrzywionym), P322 oferuje solidne mo\u017cliwo\u015bci personalizacji dla r\u00f3\u017cnych strzelc\u00f3w. \u015awiat\u0142owodowa muszka i szczerbinka to mi\u0142y dodatek zapewniaj\u0105cy lepsz\u0105 widoczno\u015b\u0107.<\/p>\n<p><strong>Cena 3 500 z\u0142<\/strong><\/p>\n<p><em>Bro\u0144 palna, amunicja i istotne elementy broni nie s\u0105 sprzedawane on-line. Mo\u017cna je naby\u0107 osobi\u015bcie w naszym sklepie. Warunkiem nabycia broni jest przed\u0142o\u017cenie aktualnego za\u015bwiadczenia (promesy) uprawniaj\u0105cej do zakupu broni oraz dowodu osobistego. Niniejsz\u0105 ofert\u0119 zamieszczamy w celu pogl\u0105dowym. Przed zakupem broni prosimy o kontakt telefoniczny.<\/em><\/p>\n","protected":false},"excerpt":{"rendered":"<p>P322 California Model SIG SAUER P322 w wersji zgodnej z przepisami stanu Kalifornia jest ju\u017c wreszcie dost\u0119pny, wnosz\u0105c swoje cechy premium, jednocze\u015bnie spe\u0142niaj\u0105c wymogi bezpiecze\u0144stwa obowi\u0105zuj\u0105ce<span class=\"excerpt-hellip\"> [\u2026]<\/span><\/p>\n","protected":false},"featured_media":2735,"comment_status":"closed","ping_status":"closed","template":"","meta":[],"product_cat":[42,151],"product_tag":[],"class_list":{"0":"post-2734","1":"product","2":"type-product","3":"status-publish","4":"has-post-thumbnail","6":"product_cat-bron-krotka","7":"product_cat-sig-sauer","9":"first","10":"instock","11":"shipping-taxable","12":"product-type-simple"},"_links":{"self":[{"href":"https:\/\/www.strzelnica-magnum.pl\/en\/wp-json\/wp\/v2\/product\/2734","targetHints":{"allow":["GET"]}}],"collection":[{"href":"https:\/\/www.strzelnica-magnum.pl\/en\/wp-json\/wp\/v2\/product"}],"about":[{"href":"https:\/\/www.strzelnica-magnum.pl\/en\/wp-json\/wp\/v2\/types\/product"}],"replies":[{"embeddable":true,"href":"https:\/\/www.strzelnica-magnum.pl\/en\/wp-json\/wp\/v2\/comments?post=2734"}],"wp:featuredmedia":[{"embeddable":true,"href":"https:\/\/www.strzelnica-magnum.pl\/en\/wp-json\/wp\/v2\/media\/2735"}],"wp:attachment":[{"href":"https:\/\/www.strzelnica-magnum.pl\/en\/wp-json\/wp\/v2\/media?parent=2734"}],"wp:term":[{"taxonomy":"product_cat","embeddable":true,"href":"https:\/\/www.strzelnica-magnum.pl\/en\/wp-json\/wp\/v2\/product_cat?post=2734"},{"taxonomy":"product_tag","embeddable":true,"href":"https:\/\/www.strzelnica-magnum.pl\/en\/wp-json\/wp\/v2\/product_tag?post=2734"}],"curies":[{"name":"wp","href":"https:\/\/api.w.org\/{rel}","templated":true}]}}