{"id":2731,"date":"2025-06-20T13:23:32","date_gmt":"2025-06-20T13:23:32","guid":{"rendered":"https:\/\/www.strzelnica-magnum.pl\/?post_type=product&#038;p=2731"},"modified":"2025-06-20T13:23:32","modified_gmt":"2025-06-20T13:23:32","slug":"sig-sauer-1911-x-carry-stainless","status":"publish","type":"product","link":"https:\/\/www.strzelnica-magnum.pl\/en\/uzbrojenie\/bron-krotka\/sig-sauer-1911-x-carry-stainless\/","title":{"rendered":"Sig Sauer 1911-X Carry Stainless"},"content":{"rendered":"<p><strong>1911-X Carry Stainless<\/strong> <\/p>\n<p>Klasyczny 1911 do\u0142\u0105cza do rewolucji kolimator\u00f3w (Red Dot Revolution) wraz z wprowadzeniem nowego modelu 1911-X od SIG SAUER. To po\u0142\u0105czenie klasycznej in\u017cynierii i stylu z nowoczesnymi ulepszeniami, w tym z ultra-niskoprofilow\u0105 mo\u017cliwo\u015bci\u0105 bezpo\u015bredniego monta\u017cu optyki oraz przyrz\u0105dami celowniczymi XRAY3 Day\/Night zapewniaj\u0105cymi wyj\u0105tkow\u0105 widoczno\u015b\u0107 obrazu celu. Regulowany, p\u0142aski j\u0119zyk spustowy oraz niestandardowe ok\u0142adziny chwytu G10 od LOK Grips przenosz\u0105 ergonomi\u0119 strzelania na wy\u017cszy poziom, zapewniaj\u0105c wyj\u0105tkow\u0105 obs\u0142ug\u0119 i komfort.<\/p>\n<p>Pistolet jest wyposa\u017cony w szkielet ze stali nierdzewnej z szyn\u0105 akcesoryjn\u0105 i podci\u0119ciem pod kab\u0142\u0105kiem spustowym, powi\u0119kszony, obustronny bezpiecznik manualny i zatrzask zamka, naci\u0119cia z przodu i z ty\u0142u zamka oraz demontowalny metalowy lejek do magazynka (magwell). Stylizowany zamek ze stali nierdzewnej, niezr\u00f3wnana, niestandardowa estetyka oraz z\u0105bkowane teksturowanie na przednim pasie chwytu (front strap) wnosz\u0105 ulepszone funkcje do ponadczasowej platformy. Dost\u0119pny w 5-calowym modelu pe\u0142nowymiarowym (full-size) oraz 4,25-calowym modelu carry\/commander.<\/p>\n<p>Lepsze osi\u0105gi. Zwi\u0119kszona celno\u015b\u0107. Klasyczny design zderza si\u0119 z nowoczesn\u0105 innowacj\u0105. 1911-X od SIG SAUER.<\/p>\n<p><strong>Cena 12 500 z\u0142<\/strong><\/p>\n<p><em>Bro\u0144 palna, amunicja i istotne elementy broni nie s\u0105 sprzedawane on-line. Mo\u017cna je naby\u0107 osobi\u015bcie w naszym sklepie. Warunkiem nabycia broni jest przed\u0142o\u017cenie aktualnego za\u015bwiadczenia (promesy) uprawniaj\u0105cej do zakupu broni oraz dowodu osobistego. Niniejsz\u0105 ofert\u0119 zamieszczamy w celu pogl\u0105dowym. Przed zakupem broni prosimy o kontakt telefoniczny.<\/em><\/p>\n","protected":false},"excerpt":{"rendered":"<p>1911-X Carry Stainless Klasyczny 1911 do\u0142\u0105cza do rewolucji kolimator\u00f3w (Red Dot Revolution) wraz z wprowadzeniem nowego modelu 1911-X od SIG SAUER. To po\u0142\u0105czenie klasycznej in\u017cynierii i<span class=\"excerpt-hellip\"> [\u2026]<\/span><\/p>\n","protected":false},"featured_media":2732,"comment_status":"closed","ping_status":"closed","template":"","meta":[],"product_cat":[42,151],"product_tag":[],"class_list":{"0":"post-2731","1":"product","2":"type-product","3":"status-publish","4":"has-post-thumbnail","6":"product_cat-bron-krotka","7":"product_cat-sig-sauer","9":"first","10":"instock","11":"shipping-taxable","12":"product-type-simple"},"_links":{"self":[{"href":"https:\/\/www.strzelnica-magnum.pl\/en\/wp-json\/wp\/v2\/product\/2731","targetHints":{"allow":["GET"]}}],"collection":[{"href":"https:\/\/www.strzelnica-magnum.pl\/en\/wp-json\/wp\/v2\/product"}],"about":[{"href":"https:\/\/www.strzelnica-magnum.pl\/en\/wp-json\/wp\/v2\/types\/product"}],"replies":[{"embeddable":true,"href":"https:\/\/www.strzelnica-magnum.pl\/en\/wp-json\/wp\/v2\/comments?post=2731"}],"wp:featuredmedia":[{"embeddable":true,"href":"https:\/\/www.strzelnica-magnum.pl\/en\/wp-json\/wp\/v2\/media\/2732"}],"wp:attachment":[{"href":"https:\/\/www.strzelnica-magnum.pl\/en\/wp-json\/wp\/v2\/media?parent=2731"}],"wp:term":[{"taxonomy":"product_cat","embeddable":true,"href":"https:\/\/www.strzelnica-magnum.pl\/en\/wp-json\/wp\/v2\/product_cat?post=2731"},{"taxonomy":"product_tag","embeddable":true,"href":"https:\/\/www.strzelnica-magnum.pl\/en\/wp-json\/wp\/v2\/product_tag?post=2731"}],"curies":[{"name":"wp","href":"https:\/\/api.w.org\/{rel}","templated":true}]}}