{"id":2702,"date":"2025-06-20T12:41:59","date_gmt":"2025-06-20T12:41:59","guid":{"rendered":"https:\/\/www.strzelnica-magnum.pl\/?post_type=product&#038;p=2702"},"modified":"2025-06-20T12:41:59","modified_gmt":"2025-06-20T12:41:59","slug":"sig-sauer-p938-titanium-rainbow","status":"publish","type":"product","link":"https:\/\/www.strzelnica-magnum.pl\/en\/uzbrojenie\/bron-krotka\/sig-sauer-p938-titanium-rainbow\/","title":{"rendered":"Sig Sauer P938 Titanium Rainbow"},"content":{"rendered":"<p><strong>P938 Titanium Rainbow<\/strong> zaprojektowany zosta\u0142 na wz\u00f3r klasycznego 1911 &#8211; te lekkie pistolety z kurkiem zewn\u0119trznym i szkieletem ze stopu metali maj\u0105 wyra\u017any, kr\u00f3tki skok spustu w por\u00f3wnaniu do pistolet\u00f3w z mechanizmem double action, co z kolei prowadzi do wi\u0119kszej celno\u015bci i przyjemniejszych wra\u017ce\u0144 ze strzelania.<\/p>\n<p>Szkielet z stopu aluminium jest anodyzowany na czarno (black hard-coat) dla zapewnienia trwa\u0142ej odporno\u015bci na zu\u017cycie, a kraw\u0119dzie zamka pokrytego pow\u0142ok\u0105 Rainbow-Titanium zosta\u0142y zaokr\u0105glone i sfazowane, aby zapewni\u0107 p\u0142ynne dobycie broni bez zahaczania. Wyposa\u017cenie w trytowe przyrz\u0105dy celownicze SIGLITE, niestandardowe ok\u0142adziny chwytu HOGUE G10 oraz akcenty w kolorze Rainbow-Titanium sprawia, \u017ce pistolet ten jest r\u00f3wnie stylowy, co gotowy, by sta\u0107 si\u0119 Twoj\u0105 now\u0105 broni\u0105 do codziennego skrytego noszenia.<\/p>\n<p>Te pistolety P938 i P238 s\u0105 obj\u0119te programem Gwarancji Wieczystej (INFINITE GUARANTEE) Sig Sauer, co oznacza, \u017ce nie jest wymagany paragon ani karta gwarancyjna, a ochrona jest w pe\u0142ni przenoszalna i trwa wiecznie.<\/p>\n<p><strong>Cena 6 700 z\u0142<\/strong><\/p>\n<p><em>Bro\u0144 palna, amunicja i istotne elementy broni nie s\u0105 sprzedawane on-line. Mo\u017cna je naby\u0107 osobi\u015bcie w naszym sklepie. Warunkiem nabycia broni jest przed\u0142o\u017cenie aktualnego za\u015bwiadczenia (promesy) uprawniaj\u0105cej do zakupu broni oraz dowodu osobistego. Niniejsz\u0105 ofert\u0119 zamieszczamy w celu pogl\u0105dowym. Przed zakupem broni prosimy o kontakt telefoniczny.<\/em><\/p>\n","protected":false},"excerpt":{"rendered":"<p>P938 Titanium Rainbow zaprojektowany zosta\u0142 na wz\u00f3r klasycznego 1911 &#8211; te lekkie pistolety z kurkiem zewn\u0119trznym i szkieletem ze stopu metali maj\u0105 wyra\u017any, kr\u00f3tki skok spustu<span class=\"excerpt-hellip\"> [\u2026]<\/span><\/p>\n","protected":false},"featured_media":2703,"comment_status":"closed","ping_status":"closed","template":"","meta":[],"product_cat":[42,151],"product_tag":[],"class_list":{"0":"post-2702","1":"product","2":"type-product","3":"status-publish","4":"has-post-thumbnail","6":"product_cat-bron-krotka","7":"product_cat-sig-sauer","9":"first","10":"instock","11":"shipping-taxable","12":"product-type-simple"},"_links":{"self":[{"href":"https:\/\/www.strzelnica-magnum.pl\/en\/wp-json\/wp\/v2\/product\/2702","targetHints":{"allow":["GET"]}}],"collection":[{"href":"https:\/\/www.strzelnica-magnum.pl\/en\/wp-json\/wp\/v2\/product"}],"about":[{"href":"https:\/\/www.strzelnica-magnum.pl\/en\/wp-json\/wp\/v2\/types\/product"}],"replies":[{"embeddable":true,"href":"https:\/\/www.strzelnica-magnum.pl\/en\/wp-json\/wp\/v2\/comments?post=2702"}],"wp:featuredmedia":[{"embeddable":true,"href":"https:\/\/www.strzelnica-magnum.pl\/en\/wp-json\/wp\/v2\/media\/2703"}],"wp:attachment":[{"href":"https:\/\/www.strzelnica-magnum.pl\/en\/wp-json\/wp\/v2\/media?parent=2702"}],"wp:term":[{"taxonomy":"product_cat","embeddable":true,"href":"https:\/\/www.strzelnica-magnum.pl\/en\/wp-json\/wp\/v2\/product_cat?post=2702"},{"taxonomy":"product_tag","embeddable":true,"href":"https:\/\/www.strzelnica-magnum.pl\/en\/wp-json\/wp\/v2\/product_tag?post=2702"}],"curies":[{"name":"wp","href":"https:\/\/api.w.org\/{rel}","templated":true}]}}