{"id":2699,"date":"2025-06-20T12:37:09","date_gmt":"2025-06-20T12:37:09","guid":{"rendered":"https:\/\/www.strzelnica-magnum.pl\/?post_type=product&#038;p=2699"},"modified":"2025-06-20T12:42:51","modified_gmt":"2025-06-20T12:42:51","slug":"sig-sauer-p938-legion","status":"publish","type":"product","link":"https:\/\/www.strzelnica-magnum.pl\/en\/uzbrojenie\/bron-krotka\/sig-sauer-p938-legion\/","title":{"rendered":"Sig Sauer P938 Legion"},"content":{"rendered":"<p><strong>P938 Legion<\/strong> wyr\u00f3\u017cnia si\u0119 charakterystycznym wyko\u0144czeniem LEGION Gray w pow\u0142oce Cerakote\u00ae Elite. P938 LEGION posiada nowy, precyzyjnie wykonany spust oraz agresywne teksturowanie na kab\u0142\u0105ku spustowym, a tak\u017ce obustronny bezpiecznik kciukowy, co pozwala na \u0142atw\u0105 obs\u0142ug\u0119 i celno\u015b\u0107. Zamek posiada przednie naci\u0119cia do prze\u0142adowania oraz przyrz\u0105dy celownicze X-RAY3 Day\/Night. Ok\u0142adziny chwytu to LEGION Black G-10 z wbudowanym medalionem LEGION. P938 LEGION jest wyposa\u017cony w poszerzone gniazdo magazynka (magwell), gotowe do przyjmowania magazynk\u00f3w w celu szybszej ich wymiany.<\/p>\n<p>Zosta\u0144 cz\u0119\u015bci\u0105 LEGION, aby uzyska\u0107 dost\u0119p tylko dla cz\u0142onk\u00f3w do wyj\u0105tkowych mo\u017cliwo\u015bci i sprz\u0119tu, dostosowanych do Twoich elitarnych wymaga\u0144. Po zakupie broni palnej z serii LEGION\u2122 odblokowujesz pe\u0142en zakres ekskluzywnych korzy\u015bci. Dost\u0119pne tylko dla mieszka\u0144c\u00f3w Stan\u00f3w Zjednoczonych.<\/p>\n<p><strong>Cena 6 700 z\u0142<\/strong><\/p>\n<p><em>Bro\u0144 palna, amunicja i istotne elementy broni nie s\u0105 sprzedawane on-line. Mo\u017cna je naby\u0107 osobi\u015bcie w naszym sklepie. Warunkiem nabycia broni jest przed\u0142o\u017cenie aktualnego za\u015bwiadczenia (promesy) uprawniaj\u0105cej do zakupu broni oraz dowodu osobistego. Niniejsz\u0105 ofert\u0119 zamieszczamy w celu pogl\u0105dowym. Przed zakupem broni prosimy o kontakt telefoniczny.<\/em><\/p>\n","protected":false},"excerpt":{"rendered":"<p>P938 Legion wyr\u00f3\u017cnia si\u0119 charakterystycznym wyko\u0144czeniem LEGION Gray w pow\u0142oce Cerakote\u00ae Elite. P938 LEGION posiada nowy, precyzyjnie wykonany spust oraz agresywne teksturowanie na kab\u0142\u0105ku spustowym, a<span class=\"excerpt-hellip\"> [\u2026]<\/span><\/p>\n","protected":false},"featured_media":2700,"comment_status":"closed","ping_status":"closed","template":"","meta":[],"product_cat":[42,151],"product_tag":[],"class_list":{"0":"post-2699","1":"product","2":"type-product","3":"status-publish","4":"has-post-thumbnail","6":"product_cat-bron-krotka","7":"product_cat-sig-sauer","9":"first","10":"instock","11":"shipping-taxable","12":"product-type-simple"},"_links":{"self":[{"href":"https:\/\/www.strzelnica-magnum.pl\/en\/wp-json\/wp\/v2\/product\/2699","targetHints":{"allow":["GET"]}}],"collection":[{"href":"https:\/\/www.strzelnica-magnum.pl\/en\/wp-json\/wp\/v2\/product"}],"about":[{"href":"https:\/\/www.strzelnica-magnum.pl\/en\/wp-json\/wp\/v2\/types\/product"}],"replies":[{"embeddable":true,"href":"https:\/\/www.strzelnica-magnum.pl\/en\/wp-json\/wp\/v2\/comments?post=2699"}],"wp:featuredmedia":[{"embeddable":true,"href":"https:\/\/www.strzelnica-magnum.pl\/en\/wp-json\/wp\/v2\/media\/2700"}],"wp:attachment":[{"href":"https:\/\/www.strzelnica-magnum.pl\/en\/wp-json\/wp\/v2\/media?parent=2699"}],"wp:term":[{"taxonomy":"product_cat","embeddable":true,"href":"https:\/\/www.strzelnica-magnum.pl\/en\/wp-json\/wp\/v2\/product_cat?post=2699"},{"taxonomy":"product_tag","embeddable":true,"href":"https:\/\/www.strzelnica-magnum.pl\/en\/wp-json\/wp\/v2\/product_tag?post=2699"}],"curies":[{"name":"wp","href":"https:\/\/api.w.org\/{rel}","templated":true}]}}