{"id":2696,"date":"2025-06-20T12:33:53","date_gmt":"2025-06-20T12:33:53","guid":{"rendered":"https:\/\/www.strzelnica-magnum.pl\/?post_type=product&#038;p=2696"},"modified":"2025-06-20T12:33:53","modified_gmt":"2025-06-20T12:33:53","slug":"sig-sauer-p938-emperor-scorpion","status":"publish","type":"product","link":"https:\/\/www.strzelnica-magnum.pl\/en\/uzbrojenie\/bron-krotka\/sig-sauer\/sig-sauer-p938-emperor-scorpion\/","title":{"rendered":"Sig Sauer P938 Emperor Scorpion"},"content":{"rendered":"<p><strong>P938 Emperor Scorpion<\/strong> oferuje przewag\u0119 balistyczn\u0105 naboju 9 mm na platformie o rozmiarze zbli\u017conym do bestsellerowego pistoletu P238. Spust dzia\u0142aj\u0105cy wy\u0142\u0105cznie w trybie pojedynczego dzia\u0142ania (single-action-only) sprawia, \u017ce P938 prowadzi si\u0119 podobnie do wi\u0119kszego pistoletu, a jednocze\u015bnie zapewnia \u0142atwo\u015b\u0107 skrytego noszenia.<\/p>\n<p>Przy wymiarach tylko nieznacznie wi\u0119kszych od swojego odpowiednika w kalibrze .380ACP, P938 Emperor Scorpion mie\u015bci 7+1 naboj\u00f3w 9 mm w ca\u0142kowicie metalowym szkielecie i posiada zamek pokryty pow\u0142ok\u0105 Cerakote w kolorze &#8220;coyote&#8221; oraz dzienne\/nocne przyrz\u0105dy celownicze SIG Lite. Spust typu single-action zapewnia pistoletowi P938 niezr\u00f3wnan\u0105 celno\u015b\u0107 jak na bro\u0144 tej wielko\u015bci. Fani platformy 1911 odnajd\u0105 obustronne bezpieczniki kciukowe, zwalniacz magazynka i d\u017awigni\u0119 zatrzasku zamka w znajomych miejscach.<\/p>\n<p><strong>Cena 6 500 z\u0142<\/strong><\/p>\n<p><em>Bro\u0144 palna, amunicja i istotne elementy broni nie s\u0105 sprzedawane on-line. Mo\u017cna je naby\u0107 osobi\u015bcie w naszym sklepie. Warunkiem nabycia broni jest przed\u0142o\u017cenie aktualnego za\u015bwiadczenia (promesy) uprawniaj\u0105cej do zakupu broni oraz dowodu osobistego. Niniejsz\u0105 ofert\u0119 zamieszczamy w celu pogl\u0105dowym. Przed zakupem broni prosimy o kontakt telefoniczny.<\/em><\/p>\n","protected":false},"excerpt":{"rendered":"<p>P938 Emperor Scorpion oferuje przewag\u0119 balistyczn\u0105 naboju 9 mm na platformie o rozmiarze zbli\u017conym do bestsellerowego pistoletu P238. Spust dzia\u0142aj\u0105cy wy\u0142\u0105cznie w trybie pojedynczego dzia\u0142ania (single-action-only)<span class=\"excerpt-hellip\"> [\u2026]<\/span><\/p>\n","protected":false},"featured_media":2697,"comment_status":"closed","ping_status":"closed","template":"","meta":[],"product_cat":[151,42],"product_tag":[],"class_list":{"0":"post-2696","1":"product","2":"type-product","3":"status-publish","4":"has-post-thumbnail","6":"product_cat-sig-sauer","7":"product_cat-bron-krotka","9":"first","10":"instock","11":"shipping-taxable","12":"product-type-simple"},"_links":{"self":[{"href":"https:\/\/www.strzelnica-magnum.pl\/en\/wp-json\/wp\/v2\/product\/2696","targetHints":{"allow":["GET"]}}],"collection":[{"href":"https:\/\/www.strzelnica-magnum.pl\/en\/wp-json\/wp\/v2\/product"}],"about":[{"href":"https:\/\/www.strzelnica-magnum.pl\/en\/wp-json\/wp\/v2\/types\/product"}],"replies":[{"embeddable":true,"href":"https:\/\/www.strzelnica-magnum.pl\/en\/wp-json\/wp\/v2\/comments?post=2696"}],"wp:featuredmedia":[{"embeddable":true,"href":"https:\/\/www.strzelnica-magnum.pl\/en\/wp-json\/wp\/v2\/media\/2697"}],"wp:attachment":[{"href":"https:\/\/www.strzelnica-magnum.pl\/en\/wp-json\/wp\/v2\/media?parent=2696"}],"wp:term":[{"taxonomy":"product_cat","embeddable":true,"href":"https:\/\/www.strzelnica-magnum.pl\/en\/wp-json\/wp\/v2\/product_cat?post=2696"},{"taxonomy":"product_tag","embeddable":true,"href":"https:\/\/www.strzelnica-magnum.pl\/en\/wp-json\/wp\/v2\/product_tag?post=2696"}],"curies":[{"name":"wp","href":"https:\/\/api.w.org\/{rel}","templated":true}]}}