{"id":2693,"date":"2025-06-20T12:30:41","date_gmt":"2025-06-20T12:30:41","guid":{"rendered":"https:\/\/www.strzelnica-magnum.pl\/?post_type=product&#038;p=2693"},"modified":"2025-06-20T12:30:41","modified_gmt":"2025-06-20T12:30:41","slug":"sig-sauer-p938-two-tone","status":"publish","type":"product","link":"https:\/\/www.strzelnica-magnum.pl\/en\/uzbrojenie\/bron-krotka\/sig-sauer-p938-two-tone\/","title":{"rendered":"Sig Sauer P938 Two-Tone"},"content":{"rendered":"<p><strong>P938 TWO-TONE<\/strong> oferuje przewag\u0119 balistyczn\u0105 naboju 9 mm na platformie o rozmiarze zbli\u017conym do bestsellerowego pistoletu P238. Spust dzia\u0142aj\u0105cy wy\u0142\u0105cznie w trybie pojedynczego dzia\u0142ania (single-action-only) sprawia, \u017ce P938 prowadzi si\u0119 podobnie do wi\u0119kszego pistoletu, a jednocze\u015bnie zapewnia \u0142atwo\u015b\u0107 skrytego noszenia.<\/p>\n<p>Przy wymiarach tylko nieznacznie wi\u0119kszych od swojego odpowiednika w kalibrze .380ACP, P938 Two-Tone Micro-Compact mie\u015bci 7+1 naboj\u00f3w 9 mm w ca\u0142kowicie metalowym szkielecie i jest wyposa\u017cony w orzechowe ok\u0142adziny chwytu HOGUE oraz dzienne\/nocne przyrz\u0105dy celownicze SIG Lite. Spust typu single-action zapewnia pistoletowi P938 niezr\u00f3wnan\u0105 celno\u015b\u0107 jak na bro\u0144 tej wielko\u015bci. Fani platformy 1911 odnajd\u0105 obustronne bezpieczniki kciukowe, zwalniacz magazynka i d\u017awigni\u0119 zatrzasku zamka w znajomych miejscach.<\/p>\n<p><strong>Cena 5 800 z\u0142<\/strong><\/p>\n<p><em>Bro\u0144 palna, amunicja i istotne elementy broni nie s\u0105 sprzedawane on-line. Mo\u017cna je naby\u0107 osobi\u015bcie w naszym sklepie. Warunkiem nabycia broni jest przed\u0142o\u017cenie aktualnego za\u015bwiadczenia (promesy) uprawniaj\u0105cej do zakupu broni oraz dowodu osobistego. Niniejsz\u0105 ofert\u0119 zamieszczamy w celu pogl\u0105dowym. Przed zakupem broni prosimy o kontakt telefoniczny.<\/em><\/p>\n","protected":false},"excerpt":{"rendered":"<p>P938 TWO-TONE oferuje przewag\u0119 balistyczn\u0105 naboju 9 mm na platformie o rozmiarze zbli\u017conym do bestsellerowego pistoletu P238. Spust dzia\u0142aj\u0105cy wy\u0142\u0105cznie w trybie pojedynczego dzia\u0142ania (single-action-only) sprawia,<span class=\"excerpt-hellip\"> [\u2026]<\/span><\/p>\n","protected":false},"featured_media":2694,"comment_status":"closed","ping_status":"closed","template":"","meta":[],"product_cat":[42,151],"product_tag":[],"class_list":{"0":"post-2693","1":"product","2":"type-product","3":"status-publish","4":"has-post-thumbnail","6":"product_cat-bron-krotka","7":"product_cat-sig-sauer","9":"first","10":"instock","11":"shipping-taxable","12":"product-type-simple"},"_links":{"self":[{"href":"https:\/\/www.strzelnica-magnum.pl\/en\/wp-json\/wp\/v2\/product\/2693","targetHints":{"allow":["GET"]}}],"collection":[{"href":"https:\/\/www.strzelnica-magnum.pl\/en\/wp-json\/wp\/v2\/product"}],"about":[{"href":"https:\/\/www.strzelnica-magnum.pl\/en\/wp-json\/wp\/v2\/types\/product"}],"replies":[{"embeddable":true,"href":"https:\/\/www.strzelnica-magnum.pl\/en\/wp-json\/wp\/v2\/comments?post=2693"}],"wp:featuredmedia":[{"embeddable":true,"href":"https:\/\/www.strzelnica-magnum.pl\/en\/wp-json\/wp\/v2\/media\/2694"}],"wp:attachment":[{"href":"https:\/\/www.strzelnica-magnum.pl\/en\/wp-json\/wp\/v2\/media?parent=2693"}],"wp:term":[{"taxonomy":"product_cat","embeddable":true,"href":"https:\/\/www.strzelnica-magnum.pl\/en\/wp-json\/wp\/v2\/product_cat?post=2693"},{"taxonomy":"product_tag","embeddable":true,"href":"https:\/\/www.strzelnica-magnum.pl\/en\/wp-json\/wp\/v2\/product_tag?post=2693"}],"curies":[{"name":"wp","href":"https:\/\/api.w.org\/{rel}","templated":true}]}}