{"id":2687,"date":"2025-06-20T12:22:26","date_gmt":"2025-06-20T12:22:26","guid":{"rendered":"https:\/\/www.strzelnica-magnum.pl\/?post_type=product&#038;p=2687"},"modified":"2025-06-20T12:22:26","modified_gmt":"2025-06-20T12:22:26","slug":"sig-sauer-p229-legion","status":"publish","type":"product","link":"https:\/\/www.strzelnica-magnum.pl\/en\/uzbrojenie\/bron-krotka\/sig-sauer-p229-legion\/","title":{"rendered":"Sig Sauer P229 Legion"},"content":{"rendered":"<p><strong>P229 Legion<\/strong> jest wyko\u0144czony szar\u0105 pow\u0142ok\u0105 Cerakote\u00ae Elite LEGION, posiada niestandardowe ok\u0142adziny chwytu G-10 z medalionem LEGION oraz nowe przyrz\u0105dy celownicze SIG SAUER Electro-Optics X-RAY o wysokiej widoczno\u015bci w dzie\u0144 i w nocy. W zestawie znajduj\u0105 si\u0119 trzy magazynki. Dost\u0119pny w wersji DA\/SA oraz SAO.<\/p>\n<p>P229 w wersji DA\/SA posiada zredukowany i wyprofilowany \u201ebobrzy ogon\u201d (beavertail) typu Elite, kt\u00f3ry pozwala na wy\u017cszy chwyt, ale przy zmniejszonym profilu, co eliminuje odznaczanie si\u0119 broni pod ubraniem. Agresywniejsze teksturowanie na przedniej cz\u0119\u015bci chwytu oraz dodatkowe teksturowanie pod kab\u0142\u0105kiem spustowym poprawiaj\u0105 przyczepno\u015b\u0107. Na kab\u0142\u0105ku spustowym zastosowano podci\u0119cie typu X-Five, co pozwala na jeszcze wy\u017cszy chwyt i wi\u0119ksz\u0105 kontrol\u0119. Przednie naci\u0119cia na zamku zapewniaj\u0105 lepszy chwyt podczas prze\u0142adowania, roz\u0142adowywania broni lub sprawdzania stanu za\u0142adowania. Pistolet jest dost\u0119pny w kalibrze 9 mm i charakteryzuje si\u0119 r\u00f3wnie\u017c niskoprofilowymi d\u017awigniami zwalniania kurka (decocker) i zatrzasku zamka, aby zmniejszy\u0107 ryzyko zahaczenia. Udoskonalona, polerowana praca mechanizm\u00f3w spustowych z systemem SRT (spust z kr\u00f3tkim resetem) zosta\u0142a wzbogacona o spust P-SAIT zaprojektowany przez Grayguns, Inc. Dodatkowo, lita stalowa \u017cerd\u017a spr\u0119\u017cyny powrotnej dodaje wagi tam, gdzie ma to najwi\u0119ksze znaczenie.<\/p>\n<p><strong>Cena 11 200 z\u0142<\/strong><\/p>\n<p><em>Bro\u0144 palna, amunicja i istotne elementy broni nie s\u0105 sprzedawane on-line. Mo\u017cna je naby\u0107 osobi\u015bcie w naszym sklepie. Warunkiem nabycia broni jest przed\u0142o\u017cenie aktualnego za\u015bwiadczenia (promesy) uprawniaj\u0105cej do zakupu broni oraz dowodu osobistego. Niniejsz\u0105 ofert\u0119 zamieszczamy w celu pogl\u0105dowym. Przed zakupem broni prosimy o kontakt telefoniczny.<\/em><\/p>\n","protected":false},"excerpt":{"rendered":"<p>P229 Legion jest wyko\u0144czony szar\u0105 pow\u0142ok\u0105 Cerakote\u00ae Elite LEGION, posiada niestandardowe ok\u0142adziny chwytu G-10 z medalionem LEGION oraz nowe przyrz\u0105dy celownicze SIG SAUER Electro-Optics X-RAY o<span class=\"excerpt-hellip\"> [\u2026]<\/span><\/p>\n","protected":false},"featured_media":2688,"comment_status":"closed","ping_status":"closed","template":"","meta":[],"product_cat":[42,151],"product_tag":[],"class_list":{"0":"post-2687","1":"product","2":"type-product","3":"status-publish","4":"has-post-thumbnail","6":"product_cat-bron-krotka","7":"product_cat-sig-sauer","9":"first","10":"instock","11":"shipping-taxable","12":"product-type-simple"},"_links":{"self":[{"href":"https:\/\/www.strzelnica-magnum.pl\/en\/wp-json\/wp\/v2\/product\/2687","targetHints":{"allow":["GET"]}}],"collection":[{"href":"https:\/\/www.strzelnica-magnum.pl\/en\/wp-json\/wp\/v2\/product"}],"about":[{"href":"https:\/\/www.strzelnica-magnum.pl\/en\/wp-json\/wp\/v2\/types\/product"}],"replies":[{"embeddable":true,"href":"https:\/\/www.strzelnica-magnum.pl\/en\/wp-json\/wp\/v2\/comments?post=2687"}],"wp:featuredmedia":[{"embeddable":true,"href":"https:\/\/www.strzelnica-magnum.pl\/en\/wp-json\/wp\/v2\/media\/2688"}],"wp:attachment":[{"href":"https:\/\/www.strzelnica-magnum.pl\/en\/wp-json\/wp\/v2\/media?parent=2687"}],"wp:term":[{"taxonomy":"product_cat","embeddable":true,"href":"https:\/\/www.strzelnica-magnum.pl\/en\/wp-json\/wp\/v2\/product_cat?post=2687"},{"taxonomy":"product_tag","embeddable":true,"href":"https:\/\/www.strzelnica-magnum.pl\/en\/wp-json\/wp\/v2\/product_tag?post=2687"}],"curies":[{"name":"wp","href":"https:\/\/api.w.org\/{rel}","templated":true}]}}