{"id":2684,"date":"2025-06-20T12:18:12","date_gmt":"2025-06-20T12:18:12","guid":{"rendered":"https:\/\/www.strzelnica-magnum.pl\/?post_type=product&#038;p=2684"},"modified":"2025-07-23T16:43:22","modified_gmt":"2025-07-23T16:43:22","slug":"sig-sauer-p229-elite","status":"publish","type":"product","link":"https:\/\/www.strzelnica-magnum.pl\/en\/uzbrojenie\/bron-krotka\/sig-sauer\/sig-sauer-p229-elite\/","title":{"rendered":"Sig Sauer P229 Elite"},"content":{"rendered":"<p><strong>P229 Elite<\/strong> bierze te same cechy, kt\u00f3re s\u0105 wsp\u00f3lne dla wszystkich pistolet\u00f3w serii Elite i \u0142\u0105czy je z ergonomicznymi, jednocz\u0119\u015bciowymi ok\u0142adzinami chwytu. P229 Elite bazuje na wyj\u0105tkowej reputacji celno\u015bci \u201eprosto z pude\u0142ka\u201d, dodaj\u0105c do tego mechanizm spustowy SRT (Short Reset Trigger) firmy SIG. SRT zapewnia to samo wspania\u0142e bezpiecze\u0144stwo i p\u0142ynn\u0105 prac\u0119, co w mechanizmie SIG DA\/SA, ale z komfortowym, kr\u00f3tkim resetem, kt\u00f3ry umo\u017cliwia szybszy powr\u00f3t spustu i chirurgiczn\u0105 kontrol\u0119 podczas szybkiego strzelania.<\/p>\n<p>P229 Elite posiada szkielet z \u201ebobrzym ogonem\u201d (Beavertail), teksturowanie na przednim pasie chwytu (front strap checkering) oraz jest wyposa\u017cony w trytowe przyrz\u0105dy celownicze SIGLITE. Nowo\u015bci\u0105 na rok 2024 jest fabryczne przygotowanie pod monta\u017c optyki.<\/p>\n<p><strong>Cena 9 000 z\u0142<\/strong><\/p>\n<p><em>Bro\u0144 palna, amunicja i istotne elementy broni nie s\u0105 sprzedawane on-line. Mo\u017cna je naby\u0107 osobi\u015bcie w naszym sklepie. Warunkiem nabycia broni jest przed\u0142o\u017cenie aktualnego za\u015bwiadczenia (promesy) uprawniaj\u0105cej do zakupu broni oraz dowodu osobistego. Niniejsz\u0105 ofert\u0119 zamieszczamy w celu pogl\u0105dowym. Przed zakupem broni prosimy o kontakt telefoniczny.<\/em><\/p>\n","protected":false},"excerpt":{"rendered":"<p>P229 Elite bierze te same cechy, kt\u00f3re s\u0105 wsp\u00f3lne dla wszystkich pistolet\u00f3w serii Elite i \u0142\u0105czy je z ergonomicznymi, jednocz\u0119\u015bciowymi ok\u0142adzinami chwytu. P229 Elite bazuje na<span class=\"excerpt-hellip\"> [\u2026]<\/span><\/p>\n","protected":false},"featured_media":2685,"comment_status":"closed","ping_status":"closed","template":"","meta":[],"product_cat":[42,151],"product_tag":[],"class_list":{"0":"post-2684","1":"product","2":"type-product","3":"status-publish","4":"has-post-thumbnail","6":"product_cat-bron-krotka","7":"product_cat-sig-sauer","9":"first","10":"instock","11":"shipping-taxable","12":"product-type-simple"},"_links":{"self":[{"href":"https:\/\/www.strzelnica-magnum.pl\/en\/wp-json\/wp\/v2\/product\/2684","targetHints":{"allow":["GET"]}}],"collection":[{"href":"https:\/\/www.strzelnica-magnum.pl\/en\/wp-json\/wp\/v2\/product"}],"about":[{"href":"https:\/\/www.strzelnica-magnum.pl\/en\/wp-json\/wp\/v2\/types\/product"}],"replies":[{"embeddable":true,"href":"https:\/\/www.strzelnica-magnum.pl\/en\/wp-json\/wp\/v2\/comments?post=2684"}],"wp:featuredmedia":[{"embeddable":true,"href":"https:\/\/www.strzelnica-magnum.pl\/en\/wp-json\/wp\/v2\/media\/2685"}],"wp:attachment":[{"href":"https:\/\/www.strzelnica-magnum.pl\/en\/wp-json\/wp\/v2\/media?parent=2684"}],"wp:term":[{"taxonomy":"product_cat","embeddable":true,"href":"https:\/\/www.strzelnica-magnum.pl\/en\/wp-json\/wp\/v2\/product_cat?post=2684"},{"taxonomy":"product_tag","embeddable":true,"href":"https:\/\/www.strzelnica-magnum.pl\/en\/wp-json\/wp\/v2\/product_tag?post=2684"}],"curies":[{"name":"wp","href":"https:\/\/api.w.org\/{rel}","templated":true}]}}